{"id":379,"date":"2019-09-16T06:52:57","date_gmt":"2019-09-16T06:52:57","guid":{"rendered":"http:\/\/www.wcbidety2v1.cz\/?post_type=product&#038;p=379"},"modified":"2022-05-01T17:08:04","modified_gmt":"2022-05-01T17:08:04","slug":"sedatko-soft-close-kc0703-01-0000e-cinar","status":"publish","type":"product","link":"https:\/\/www.wcbidety2v1.cz\/index.php\/produkt\/sedatko-soft-close-kc0703-01-0000e-cinar\/","title":{"rendered":"Sed\u00e1tko SOFT CLOSE KC0703.01.0000E &#8211; CINAR"},"content":{"rendered":"<p><span style=\"color: #000000;\"><b>POPIS:<\/b>\u00a0Antibakteri\u00e1ln\u00ed duroplastov\u00e9 sed\u00e1tko s funkc\u00ed Soft Close &#8211; pomal\u00e9 pad\u00e1n\u00ed sed\u00e1tka.<\/span><\/p>\n<p><span style=\"color: #000000;\"><b>POU\u017dIT\u00cd:\u00a0<\/b><span id=\"n3f71r2v7_6\" class=\"n3f71r2v7\">model<\/span>\u00a0s funkc\u00ed Soft Close je vhodn\u00fd zejm\u00e9na s mal\u00fdmi d\u011btmi, proto\u017ee nehroz\u00ed poran\u011bn\u00ed p\u0159i spadnut\u00ed poklopu na prsty.<\/span><\/p>\n<p><span style=\"color: #000000;\"><b>UR\u010cEN\u00c9 PRO:<\/b>\u00a0toto sed\u00e1tko je ur\u010den\u00e9 pro tyto modely WC+BIDET 2v1:<\/span><\/p>\n<ul>\n<li><span style=\"color: #000000;\"><b><i>TEKKO<\/i><\/b>\u00a0TP320<\/span><\/li>\n<li><span style=\"color: #000000;\"><em><strong>PITTA<\/strong><\/em> PA3041, PA3141<\/span><\/li>\n<li><span style=\"color: #000000;\"><em><strong>SEDEF<\/strong><\/em> SD3041, SD3141<\/span><\/li>\n<li><span style=\"color: #000000;\"><em><strong>HENDIKEP<\/strong><\/em> BD3041, BD3141<\/span><\/li>\n<\/ul>\n<p><iframe loading=\"lazy\" src=\"https:\/\/www.youtube.com\/embed\/jUy_08fnLBs\" width=\"640\" height=\"360\" frameborder=\"0\" allowfullscreen=\"allowfullscreen\"><\/iframe><\/p>\n","protected":false},"excerpt":{"rendered":"<p><span style=\"color: #000000;\">Antibakteri\u00e1ln\u00ed duroplastov\u00e9 sed\u00e1tko s funkc\u00ed Soft Close &#8211; pomal\u00e9 pad\u00e1n\u00ed sed\u00e1tka.<\/span><\/p>\n","protected":false},"featured_media":380,"template":"","meta":{"_et_pb_use_builder":"","_et_pb_old_content":"","_et_gb_content_width":"","jetpack_post_was_ever_published":false,"jetpack_publicize_message":"","jetpack_publicize_feature_enabled":true,"jetpack_social_post_already_shared":true,"jetpack_social_options":{"image_generator_settings":{"template":"highway","default_image_id":0,"font":"","enabled":false},"version":2}},"product_brand":[],"product_cat":[23],"product_tag":[],"class_list":{"0":"post-379","1":"product","2":"type-product","3":"status-publish","4":"has-post-thumbnail","6":"product_cat-sedatka","8":"first","9":"instock","10":"taxable","11":"shipping-taxable","12":"purchasable","13":"product-type-simple"},"yoast_head":"<!-- This site is optimized with the Yoast SEO plugin v27.5 - https:\/\/yoast.com\/product\/yoast-seo-wordpress\/ -->\n<title>Sed\u00e1tko SOFT CLOSE KC0703.01.0000E - CINAR - WC bidety 2v1<\/title>\n<meta name=\"description\" content=\"Antibakteri\u00e1ln\u00ed duroplastov\u00e9 sed\u00e1tko s funkc\u00ed Soft Close - pomal\u00e9 pad\u00e1n\u00ed sed\u00e1tka.\" \/>\n<meta name=\"robots\" content=\"index, follow, max-snippet:-1, max-image-preview:large, max-video-preview:-1\" \/>\n<link rel=\"canonical\" href=\"https:\/\/www.wcbidety2v1.cz\/index.php\/produkt\/sedatko-soft-close-kc0703-01-0000e-cinar\/\" \/>\n<meta property=\"og:locale\" content=\"cs_CZ\" \/>\n<meta property=\"og:type\" content=\"article\" \/>\n<meta property=\"og:title\" content=\"Sed\u00e1tko SOFT CLOSE KC0703.01.0000E - CINAR - WC bidety 2v1\" \/>\n<meta property=\"og:description\" content=\"Antibakteri\u00e1ln\u00ed duroplastov\u00e9 sed\u00e1tko s funkc\u00ed Soft Close - pomal\u00e9 pad\u00e1n\u00ed sed\u00e1tka.\" \/>\n<meta property=\"og:url\" content=\"https:\/\/www.wcbidety2v1.cz\/index.php\/produkt\/sedatko-soft-close-kc0703-01-0000e-cinar\/\" \/>\n<meta property=\"og:site_name\" content=\"WC bidety 2v1\" \/>\n<meta property=\"article:publisher\" content=\"https:\/\/www.facebook.com\/WC-bidety-2v1-105518807832290\/?modal=admin_todo_tour\" \/>\n<meta property=\"article:modified_time\" content=\"2022-05-01T17:08:04+00:00\" \/>\n<meta property=\"og:image\" content=\"https:\/\/www.wcbidety2v1.cz\/wp-content\/uploads\/2019\/09\/kc4020.jpg\" \/>\n\t<meta property=\"og:image:width\" content=\"1500\" \/>\n\t<meta property=\"og:image:height\" content=\"1500\" \/>\n\t<meta property=\"og:image:type\" content=\"image\/jpeg\" \/>\n<meta name=\"twitter:card\" content=\"summary_large_image\" \/>\n<meta name=\"twitter:label1\" content=\"Odhadovan\u00e1 doba \u010dten\u00ed\" \/>\n\t<meta name=\"twitter:data1\" content=\"1 minuta\" \/>\n<script type=\"application\/ld+json\" class=\"yoast-schema-graph\">{\"@context\":\"https:\\\/\\\/schema.org\",\"@graph\":[{\"@type\":\"WebPage\",\"@id\":\"https:\\\/\\\/www.wcbidety2v1.cz\\\/index.php\\\/produkt\\\/sedatko-soft-close-kc0703-01-0000e-cinar\\\/\",\"url\":\"https:\\\/\\\/www.wcbidety2v1.cz\\\/index.php\\\/produkt\\\/sedatko-soft-close-kc0703-01-0000e-cinar\\\/\",\"name\":\"Sed\u00e1tko SOFT CLOSE KC0703.01.0000E - CINAR - WC bidety 2v1\",\"isPartOf\":{\"@id\":\"https:\\\/\\\/www.wcbidety2v1.cz\\\/#website\"},\"primaryImageOfPage\":{\"@id\":\"https:\\\/\\\/www.wcbidety2v1.cz\\\/index.php\\\/produkt\\\/sedatko-soft-close-kc0703-01-0000e-cinar\\\/#primaryimage\"},\"image\":{\"@id\":\"https:\\\/\\\/www.wcbidety2v1.cz\\\/index.php\\\/produkt\\\/sedatko-soft-close-kc0703-01-0000e-cinar\\\/#primaryimage\"},\"thumbnailUrl\":\"https:\\\/\\\/www.wcbidety2v1.cz\\\/wp-content\\\/uploads\\\/2019\\\/09\\\/kc4020.jpg\",\"datePublished\":\"2019-09-16T06:52:57+00:00\",\"dateModified\":\"2022-05-01T17:08:04+00:00\",\"description\":\"Antibakteri\u00e1ln\u00ed duroplastov\u00e9 sed\u00e1tko s funkc\u00ed Soft Close - pomal\u00e9 pad\u00e1n\u00ed sed\u00e1tka.\",\"breadcrumb\":{\"@id\":\"https:\\\/\\\/www.wcbidety2v1.cz\\\/index.php\\\/produkt\\\/sedatko-soft-close-kc0703-01-0000e-cinar\\\/#breadcrumb\"},\"inLanguage\":\"cs\",\"potentialAction\":[{\"@type\":\"ReadAction\",\"target\":[\"https:\\\/\\\/www.wcbidety2v1.cz\\\/index.php\\\/produkt\\\/sedatko-soft-close-kc0703-01-0000e-cinar\\\/\"]}]},{\"@type\":\"ImageObject\",\"inLanguage\":\"cs\",\"@id\":\"https:\\\/\\\/www.wcbidety2v1.cz\\\/index.php\\\/produkt\\\/sedatko-soft-close-kc0703-01-0000e-cinar\\\/#primaryimage\",\"url\":\"https:\\\/\\\/www.wcbidety2v1.cz\\\/wp-content\\\/uploads\\\/2019\\\/09\\\/kc4020.jpg\",\"contentUrl\":\"https:\\\/\\\/www.wcbidety2v1.cz\\\/wp-content\\\/uploads\\\/2019\\\/09\\\/kc4020.jpg\",\"width\":1500,\"height\":1500},{\"@type\":\"BreadcrumbList\",\"@id\":\"https:\\\/\\\/www.wcbidety2v1.cz\\\/index.php\\\/produkt\\\/sedatko-soft-close-kc0703-01-0000e-cinar\\\/#breadcrumb\",\"itemListElement\":[{\"@type\":\"ListItem\",\"position\":1,\"name\":\"Dom\u016f\",\"item\":\"https:\\\/\\\/www.wcbidety2v1.cz\\\/\"},{\"@type\":\"ListItem\",\"position\":2,\"name\":\"Obchod\",\"item\":\"https:\\\/\\\/www.wcbidety2v1.cz\\\/index.php\\\/obchod\\\/\"},{\"@type\":\"ListItem\",\"position\":3,\"name\":\"Sed\u00e1tko SOFT CLOSE KC0703.01.0000E &#8211; CINAR\"}]},{\"@type\":\"WebSite\",\"@id\":\"https:\\\/\\\/www.wcbidety2v1.cz\\\/#website\",\"url\":\"https:\\\/\\\/www.wcbidety2v1.cz\\\/\",\"name\":\"WC bidety 2v1 - WC bidet v jednom - bidetov\u00e1 tryska p\u0159\u00edmo v toalet\u011b\",\"description\":\"WC bidet v jednom, revolu\u010dn\u00ed propojen\u00ed wc a bidetu, bidetov\u00e1 tryska p\u0159\u00edmo v keramick\u00e9m l\u00edmci toalety.\",\"publisher\":{\"@id\":\"https:\\\/\\\/www.wcbidety2v1.cz\\\/#organization\"},\"potentialAction\":[{\"@type\":\"SearchAction\",\"target\":{\"@type\":\"EntryPoint\",\"urlTemplate\":\"https:\\\/\\\/www.wcbidety2v1.cz\\\/?s={search_term_string}\"},\"query-input\":{\"@type\":\"PropertyValueSpecification\",\"valueRequired\":true,\"valueName\":\"search_term_string\"}}],\"inLanguage\":\"cs\"},{\"@type\":\"Organization\",\"@id\":\"https:\\\/\\\/www.wcbidety2v1.cz\\\/#organization\",\"name\":\"ARCHADIE s.r.o.\",\"url\":\"https:\\\/\\\/www.wcbidety2v1.cz\\\/\",\"logo\":{\"@type\":\"ImageObject\",\"inLanguage\":\"cs\",\"@id\":\"https:\\\/\\\/www.wcbidety2v1.cz\\\/#\\\/schema\\\/logo\\\/image\\\/\",\"url\":\"https:\\\/\\\/www.wcbidety2v1.cz\\\/wp-content\\\/uploads\\\/2018\\\/06\\\/logo.png\",\"contentUrl\":\"https:\\\/\\\/www.wcbidety2v1.cz\\\/wp-content\\\/uploads\\\/2018\\\/06\\\/logo.png\",\"width\":140,\"height\":140,\"caption\":\"ARCHADIE s.r.o.\"},\"image\":{\"@id\":\"https:\\\/\\\/www.wcbidety2v1.cz\\\/#\\\/schema\\\/logo\\\/image\\\/\"},\"sameAs\":[\"https:\\\/\\\/www.facebook.com\\\/WC-bidety-2v1-105518807832290\\\/?modal=admin_todo_tour\",\"https:\\\/\\\/www.instagram.com\\\/wc_bidet_2v1\\\/\"]}]}<\/script>\n<!-- \/ Yoast SEO plugin. -->","yoast_head_json":{"title":"Sed\u00e1tko SOFT CLOSE KC0703.01.0000E - CINAR - WC bidety 2v1","description":"Antibakteri\u00e1ln\u00ed duroplastov\u00e9 sed\u00e1tko s funkc\u00ed Soft Close - pomal\u00e9 pad\u00e1n\u00ed sed\u00e1tka.","robots":{"index":"index","follow":"follow","max-snippet":"max-snippet:-1","max-image-preview":"max-image-preview:large","max-video-preview":"max-video-preview:-1"},"canonical":"https:\/\/www.wcbidety2v1.cz\/index.php\/produkt\/sedatko-soft-close-kc0703-01-0000e-cinar\/","og_locale":"cs_CZ","og_type":"article","og_title":"Sed\u00e1tko SOFT CLOSE KC0703.01.0000E - CINAR - WC bidety 2v1","og_description":"Antibakteri\u00e1ln\u00ed duroplastov\u00e9 sed\u00e1tko s funkc\u00ed Soft Close - pomal\u00e9 pad\u00e1n\u00ed sed\u00e1tka.","og_url":"https:\/\/www.wcbidety2v1.cz\/index.php\/produkt\/sedatko-soft-close-kc0703-01-0000e-cinar\/","og_site_name":"WC bidety 2v1","article_publisher":"https:\/\/www.facebook.com\/WC-bidety-2v1-105518807832290\/?modal=admin_todo_tour","article_modified_time":"2022-05-01T17:08:04+00:00","og_image":[{"width":1500,"height":1500,"url":"https:\/\/www.wcbidety2v1.cz\/wp-content\/uploads\/2019\/09\/kc4020.jpg","type":"image\/jpeg"}],"twitter_card":"summary_large_image","twitter_misc":{"Odhadovan\u00e1 doba \u010dten\u00ed":"1 minuta"},"schema":{"@context":"https:\/\/schema.org","@graph":[{"@type":"WebPage","@id":"https:\/\/www.wcbidety2v1.cz\/index.php\/produkt\/sedatko-soft-close-kc0703-01-0000e-cinar\/","url":"https:\/\/www.wcbidety2v1.cz\/index.php\/produkt\/sedatko-soft-close-kc0703-01-0000e-cinar\/","name":"Sed\u00e1tko SOFT CLOSE KC0703.01.0000E - CINAR - WC bidety 2v1","isPartOf":{"@id":"https:\/\/www.wcbidety2v1.cz\/#website"},"primaryImageOfPage":{"@id":"https:\/\/www.wcbidety2v1.cz\/index.php\/produkt\/sedatko-soft-close-kc0703-01-0000e-cinar\/#primaryimage"},"image":{"@id":"https:\/\/www.wcbidety2v1.cz\/index.php\/produkt\/sedatko-soft-close-kc0703-01-0000e-cinar\/#primaryimage"},"thumbnailUrl":"https:\/\/www.wcbidety2v1.cz\/wp-content\/uploads\/2019\/09\/kc4020.jpg","datePublished":"2019-09-16T06:52:57+00:00","dateModified":"2022-05-01T17:08:04+00:00","description":"Antibakteri\u00e1ln\u00ed duroplastov\u00e9 sed\u00e1tko s funkc\u00ed Soft Close - pomal\u00e9 pad\u00e1n\u00ed sed\u00e1tka.","breadcrumb":{"@id":"https:\/\/www.wcbidety2v1.cz\/index.php\/produkt\/sedatko-soft-close-kc0703-01-0000e-cinar\/#breadcrumb"},"inLanguage":"cs","potentialAction":[{"@type":"ReadAction","target":["https:\/\/www.wcbidety2v1.cz\/index.php\/produkt\/sedatko-soft-close-kc0703-01-0000e-cinar\/"]}]},{"@type":"ImageObject","inLanguage":"cs","@id":"https:\/\/www.wcbidety2v1.cz\/index.php\/produkt\/sedatko-soft-close-kc0703-01-0000e-cinar\/#primaryimage","url":"https:\/\/www.wcbidety2v1.cz\/wp-content\/uploads\/2019\/09\/kc4020.jpg","contentUrl":"https:\/\/www.wcbidety2v1.cz\/wp-content\/uploads\/2019\/09\/kc4020.jpg","width":1500,"height":1500},{"@type":"BreadcrumbList","@id":"https:\/\/www.wcbidety2v1.cz\/index.php\/produkt\/sedatko-soft-close-kc0703-01-0000e-cinar\/#breadcrumb","itemListElement":[{"@type":"ListItem","position":1,"name":"Dom\u016f","item":"https:\/\/www.wcbidety2v1.cz\/"},{"@type":"ListItem","position":2,"name":"Obchod","item":"https:\/\/www.wcbidety2v1.cz\/index.php\/obchod\/"},{"@type":"ListItem","position":3,"name":"Sed\u00e1tko SOFT CLOSE KC0703.01.0000E &#8211; CINAR"}]},{"@type":"WebSite","@id":"https:\/\/www.wcbidety2v1.cz\/#website","url":"https:\/\/www.wcbidety2v1.cz\/","name":"WC bidety 2v1 - WC bidet v jednom - bidetov\u00e1 tryska p\u0159\u00edmo v toalet\u011b","description":"WC bidet v jednom, revolu\u010dn\u00ed propojen\u00ed wc a bidetu, bidetov\u00e1 tryska p\u0159\u00edmo v keramick\u00e9m l\u00edmci toalety.","publisher":{"@id":"https:\/\/www.wcbidety2v1.cz\/#organization"},"potentialAction":[{"@type":"SearchAction","target":{"@type":"EntryPoint","urlTemplate":"https:\/\/www.wcbidety2v1.cz\/?s={search_term_string}"},"query-input":{"@type":"PropertyValueSpecification","valueRequired":true,"valueName":"search_term_string"}}],"inLanguage":"cs"},{"@type":"Organization","@id":"https:\/\/www.wcbidety2v1.cz\/#organization","name":"ARCHADIE s.r.o.","url":"https:\/\/www.wcbidety2v1.cz\/","logo":{"@type":"ImageObject","inLanguage":"cs","@id":"https:\/\/www.wcbidety2v1.cz\/#\/schema\/logo\/image\/","url":"https:\/\/www.wcbidety2v1.cz\/wp-content\/uploads\/2018\/06\/logo.png","contentUrl":"https:\/\/www.wcbidety2v1.cz\/wp-content\/uploads\/2018\/06\/logo.png","width":140,"height":140,"caption":"ARCHADIE s.r.o."},"image":{"@id":"https:\/\/www.wcbidety2v1.cz\/#\/schema\/logo\/image\/"},"sameAs":["https:\/\/www.facebook.com\/WC-bidety-2v1-105518807832290\/?modal=admin_todo_tour","https:\/\/www.instagram.com\/wc_bidet_2v1\/"]}]}},"jetpack_publicize_connections":[],"jetpack_sharing_enabled":true,"_links":{"self":[{"href":"https:\/\/www.wcbidety2v1.cz\/index.php\/wp-json\/wp\/v2\/product\/379","targetHints":{"allow":["GET"]}}],"collection":[{"href":"https:\/\/www.wcbidety2v1.cz\/index.php\/wp-json\/wp\/v2\/product"}],"about":[{"href":"https:\/\/www.wcbidety2v1.cz\/index.php\/wp-json\/wp\/v2\/types\/product"}],"wp:featuredmedia":[{"embeddable":true,"href":"https:\/\/www.wcbidety2v1.cz\/index.php\/wp-json\/wp\/v2\/media\/380"}],"wp:attachment":[{"href":"https:\/\/www.wcbidety2v1.cz\/index.php\/wp-json\/wp\/v2\/media?parent=379"}],"wp:term":[{"taxonomy":"product_brand","embeddable":true,"href":"https:\/\/www.wcbidety2v1.cz\/index.php\/wp-json\/wp\/v2\/product_brand?post=379"},{"taxonomy":"product_cat","embeddable":true,"href":"https:\/\/www.wcbidety2v1.cz\/index.php\/wp-json\/wp\/v2\/product_cat?post=379"},{"taxonomy":"product_tag","embeddable":true,"href":"https:\/\/www.wcbidety2v1.cz\/index.php\/wp-json\/wp\/v2\/product_tag?post=379"}],"curies":[{"name":"wp","href":"https:\/\/api.w.org\/{rel}","templated":true}]}}