{"id":3619,"date":"2022-07-20T08:03:16","date_gmt":"2022-07-20T08:03:16","guid":{"rendered":"https:\/\/www.wcbidety2v1.cz\/?post_type=product&#038;p=3619"},"modified":"2023-06-27T06:52:37","modified_gmt":"2023-06-27T06:52:37","slug":"zavesny-wc-bidet-2v1-fe322-00500-s-rim-off-creavit-se-zabudovanou-pakou","status":"publish","type":"product","link":"https:\/\/www.wcbidety2v1.cz\/index.php\/produkt\/zavesny-wc-bidet-2v1-fe322-00500-s-rim-off-creavit-se-zabudovanou-pakou\/","title":{"rendered":"Z\u00e1v\u011bsn\u00fd WC bidet 2v1 FE322.00500 s RIM OFF Creavit se zabudovanou p\u00e1kou"},"content":{"rendered":"<h2><strong>WC bidet FREE FE322.00500<span style=\"color: #000000;\">\u00a0<\/span><\/strong><\/h2>\n<p><span style=\"color: #000000;\">z\u00e1v\u011bsn\u00e9 wc s bidetem \u2013 <b>FREE FE322.00500<\/b> je kombinac\u00ed WC bidet v jednom s revolu\u010dn\u00edm \u0159e\u0161en\u00edm RIM-OFF &#8211; bezoplachov\u00e9ho okruhu. Bidetov\u00e1 tryska je zabudov\u00e1na p\u0159\u00edmo v toalet\u011b. Toto je model st\u0159edn\u00ed t\u0159\u00eddy z\u00e1v\u011bsn\u00fdch WC bidet\u016f 2v1. \u00dasporn\u00e9 \u0159e\u0161en\u00ed intimn\u00ed hygieny vhodn\u00e9 pro mu\u017ee, \u017eeny i d\u011bti. Ovl\u00e1dac\u00ed p\u00e1kov\u00e1 baterie na prav\u00e9m boku toalety.<\/span><\/p>\n<h4><span style=\"color: #000000;\"><strong>POU\u017dIT\u00cd:\u00a0<\/strong><\/span><\/h4>\n<p><span style=\"color: #000000;\">jde o st\u0159edn\u00ed model, kter\u00fd sv\u00fdm decentn\u00edm designem a jemn\u00fdmi liniemi zkr\u00e1\u0161l\u00ed va\u0161i koupelnu.<\/span><\/p>\n<h4><span style=\"color: #000000;\"><strong>P\u0158IPOJEN\u00cd NA VODU:\u00a0<\/strong><\/span><\/h4>\n<p><span style=\"color: #000000;\">m\u00edsa s bidetovou tryskou zahrnuje p\u00e1kovou baterii v\u010d. p\u0159\u00edvodn\u00edch hadi\u010dek pro p\u0159ipojen\u00ed tepl\u00e9 a studen\u00e9 vody s p\u0159evle\u010dnou matic\u00ed rozm\u011bru 3\/8 palce. V\u00edce informac\u00ed o mont\u00e1\u017ei najdete v horn\u00edm menu N\u00c1VODY \/ Mont\u00e1\u017en\u00ed n\u00e1vody.<\/span><\/p>\n<h4><span style=\"color: #000000;\"><strong>BIDETOV\u00c1 TRYSKA:<\/strong>\u00a0<\/span><\/h4>\n<p><span style=\"color: #000000;\">v cen\u011b v\u00fdrobku je plastov\u00e1 pochromovan\u00e1 tryska. Tryska m\u00e1 nastaviteln\u00fd hrot, kter\u00fd je mo\u017en\u00e9 vodu ve WC bidet 2v1 nasm\u011brovat na v\u0161echny strany.<\/span><\/p>\n<h4><span style=\"color: #000000;\"><strong>P\u0158\u00cdSLU\u0160ENSTV\u00cd:<\/strong>\u00a0<\/span><\/h4>\n<p><span style=\"color: #000000;\">v cen\u011b WC bidet 2v1 nen\u00ed sed\u00e1tko. Pro tento model je v nab\u00eddce i\u00a0Soft Close\u00a0(pomalu padaj\u00edc\u00ed) sed\u00e1tko. Vhodn\u00e9 sed\u00e1tko k tomuto modelu si m\u016f\u017eete vybrat dole v sekci\u00a0<em>Mohlo by se v\u00e1m l\u00edbit<\/em>.<\/span> <span style=\"color: #000000;\"><strong>UPOZORN\u011aN\u00cd<\/strong>: Pro udr\u017een\u00ed\u00a0funk\u010dnosti a vzhledu trysky (zachov\u00e1n\u00ed pokoven\u00e9ho povrchu a pohyblivosti vnit\u0159n\u00edho kloubu) DOPORU\u010cUJEME k o\u0161et\u0159en\u00ed (\u010di\u0161t\u011bn\u00ed) pou\u017e\u00edt Gel na odstran\u011bn\u00ed vodn\u00edho kamene a rzi.<\/span> <span style=\"color: #000000;\">D\u016eRAZN\u011a NEDOPORU\u010cUJEME pou\u017e\u00edv\u00e1n\u00ed \u010dist\u00edc\u00edch prost\u0159edk\u016f s obsahem chloru. Chlor pokoven\u00e9 povrchy nalept\u00e1v\u00e1.<\/span> <span style=\"color: #000000;\">V p\u0159\u00edpad\u011b instalace nerezov\u00e9 trysky a pou\u017e\u00edv\u00e1n\u00ed prost\u0159edk\u016f s chlorem z\u016fstane funkce zachov\u00e1na, nicm\u00e9n\u011b nem\u016f\u017eete garantovat estetickou zm\u011bnu povrchu.<\/span> <span style=\"color: #000000;\">Na z\u00e1vady vznikl\u00e9 t\u00edmto zp\u016fsobem nelze uplatnit reklamaci, proto\u017ee se jedn\u00e1 o nespr\u00e1vn\u00e9 zach\u00e1zen\u00ed s produktem.<\/span><\/p>\n<h4><span style=\"color: #000000;\"><strong>SPLACHOV\u00c1N\u00cd:<\/strong>\u00a0<\/span><\/h4>\n<p><span style=\"color: #000000;\">Z\u00e1v\u011bsn\u00e9 WC bidet\u00a0jsou kompatibiln\u00ed se splachovac\u00edmi moduly Geberit, Creavit a ostatn\u00edmi b\u011b\u017en\u00e9 prod\u00e1van\u00fdmi na \u010desk\u00e9m trhu.<\/span> <span style=\"color: #000000;\">Rozte\u010d nosn\u00fdch \u0161roub\u016f je\u00a0<strong>18 cm<\/strong>\u00a0a to i v p\u0159\u00edpad\u011b, \u017ee na technick\u00e9m\u00a0list\u011b je 23 cm \u2013 tento rozm\u011br je mo\u017en\u00fd pouze na objedn\u00e1vku.<\/span> <span style=\"color: #000000;\"><strong>UPOZORN\u011aN\u00cd<\/strong>: p\u0159i instalaci na splachovac\u00ed moduly Grohe je nutno volit odpadn\u00ed potrub\u00ed s t\u011bsn\u011bj\u0161\u00ed man\u017eetou.<\/span> <span style=\"color: #000000;\">Pr\u016fm\u011br odpadn\u00edho potrub\u00ed u z\u00e1v\u011bsn\u00fdch WC+bidet Creavit je men\u0161\u00ed ne\u017e 10 cm (9,5 \u2013 10) a\u00a0standardn\u00ed Grohe man\u017eeta nemus\u00ed t\u011bsnit!<\/span> <a href='http:\/\/www.wcbidety2v1.cz\/wp-content\/uploads\/2021\/01\/Technick\u00fd-list-FE322.00500.pdf' class='icon-button download-icon' target=\"_blank\">Technick\u00fd list<span class='et-icon'><\/span><\/a> <a href='http:\/\/www.wcbidety2v1.cz\/wp-content\/uploads\/2021\/04\/WCbidet_FE322-OVL_CZ_A4_press.pdf' class='icon-button download-icon' target=\"_blank\">Mont\u00e1\u017en\u00ed n\u00e1vod<span class='et-icon'><\/span><\/a><\/p>\n","protected":false},"excerpt":{"rendered":"<p><span style=\"color: #000000;\">Zav\u011bsn\u00fd WC bidet \u2013 <b>FREE FE322.00500<\/b> je kombinac\u00ed WC bidet v\u00a0jednom s revolu\u010dn\u00edm \u0159e\u0161en\u00edm RIM-OFF &#8211; bezoplachov\u00e9ho okruhu. Bidetov\u00e1 tryska je zabudov\u00e1na p\u0159\u00edmo v\u00a0toalet\u011b. Toto je model st\u0159edn\u00ed t\u0159\u00eddy z\u00e1v\u011bsn\u00fdch WC bidet\u016f 2v1. \u00dasporn\u00e9 \u0159e\u0161en\u00ed int\u00edmn\u00ed hygieny vhodn\u00e9 pro mu\u017ee, \u017eeny i d\u011bti. Ovl\u00e1dac\u00ed p\u00e1kov\u00e1 baterie na prav\u00e9m boku toalety.<\/span><\/p>\n","protected":false},"featured_media":3623,"template":"","meta":{"_et_pb_use_builder":"off","_et_pb_old_content":"<h2><strong>WC bidet FREE FE322.00500<span style=\"color: #000000\">\u00a0<\/span><\/strong><\/h2>\r\n<span style=\"color: #000000\">z\u00e1v\u011bsn\u00e9 wc s bidetem \u2013 <b>FREE FE322.00500<\/b> je kombinac\u00ed WC bidet v jednom s revolu\u010dn\u00edm \u0159e\u0161en\u00edm RIM-OFF - bezoplachov\u00e9ho okruhu. Bidetov\u00e1 tryska je zabudov\u00e1na p\u0159\u00edmo v toalet\u011b. Toto je model st\u0159edn\u00ed t\u0159\u00eddy z\u00e1v\u011bsn\u00fdch WC bidet\u016f 2v1. \u00dasporn\u00e9 \u0159e\u0161en\u00ed intimn\u00ed hygieny vhodn\u00e9 pro mu\u017ee, \u017eeny i d\u011bti. Ovl\u00e1dac\u00ed p\u00e1kov\u00e1 baterie na prav\u00e9m boku toalety.<\/span>\r\n<h4><span style=\"color: #000000\"><strong>POU\u017dIT\u00cd:\u00a0<\/strong><\/span><\/h4>\r\n<span style=\"color: #000000\">jde o st\u0159edn\u00ed model, kter\u00fd sv\u00fdm decentn\u00edm designem a jemn\u00fdmi liniemi zkr\u00e1\u0161l\u00ed va\u0161i koupelnu.<\/span>\r\n<h4><span style=\"color: #000000\"><strong>P\u0158IPOJEN\u00cd NA VODU:\u00a0<\/strong><\/span><\/h4>\r\n<span style=\"color: #000000\">m\u00edsa s bidetovou tryskou zahrnuje p\u00e1kovou baterii v\u010d. p\u0159\u00edvodn\u00edch hadi\u010dek pro p\u0159ipojen\u00ed tepl\u00e9 a studen\u00e9 vody s p\u0159evle\u010dnou matic\u00ed rozm\u011bru 3\/8 palce. V\u00edce informac\u00ed o mont\u00e1\u017ei najdete v horn\u00edm menu N\u00c1VODY \/ Mont\u00e1\u017en\u00ed n\u00e1vody.<\/span>\r\n<h4><span style=\"color: #000000\"><strong>BIDETOV\u00c1 TRYSKA:<\/strong>\u00a0<\/span><\/h4>\r\n<span style=\"color: #000000\">v cen\u011b v\u00fdrobku je plastov\u00e1 pochromovan\u00e1 tryska. Tryska m\u00e1 nastaviteln\u00fd hrot, kter\u00fd je mo\u017en\u00e9 vodu ve WC bidet 2v1 nasm\u011brovat na v\u0161echny strany.<\/span>\r\n<h4><span style=\"color: #000000\"><strong>P\u0158\u00cdSLU\u0160ENSTV\u00cd:<\/strong>\u00a0<\/span><\/h4>\r\n<span style=\"color: #000000\">v cen\u011b WC bidet 2v1 nen\u00ed sed\u00e1tko. Pro tento model je v nab\u00eddce i\u00a0Soft Close\u00a0(pomalu padaj\u00edc\u00ed) sed\u00e1tko. Vhodn\u00e9 sed\u00e1tko k tomuto modelu si m\u016f\u017eete vybrat dole v sekci\u00a0<em>Mohlo by se v\u00e1m l\u00edbit<\/em>.<\/span> <span style=\"color: #000000\"><strong>UPOZORN\u011aN\u00cd<\/strong>: Pro udr\u017een\u00ed\u00a0funk\u010dnosti a vzhledu trysky (zachov\u00e1n\u00ed pokoven\u00e9ho povrchu a pohyblivosti vnit\u0159n\u00edho kloubu) DOPORU\u010cUJEME k o\u0161et\u0159en\u00ed (\u010di\u0161t\u011bn\u00ed) pou\u017e\u00edt Gel na odstran\u011bn\u00ed vodn\u00edho kamene a rzi.<\/span> <span style=\"color: #000000\">D\u016eRAZN\u011a NEDOPORU\u010cUJEME pou\u017e\u00edv\u00e1n\u00ed \u010dist\u00edc\u00edch prost\u0159edk\u016f s obsahem chloru. Chlor pokoven\u00e9 povrchy nalept\u00e1v\u00e1.<\/span> <span style=\"color: #000000\">V p\u0159\u00edpad\u011b instalace nerezov\u00e9 trysky a pou\u017e\u00edv\u00e1n\u00ed prost\u0159edk\u016f s chlorem z\u016fstane funkce zachov\u00e1na, nicm\u00e9n\u011b nem\u016f\u017eete garantovat estetickou zm\u011bnu povrchu.<\/span> <span style=\"color: #000000\">Na z\u00e1vady vznikl\u00e9 t\u00edmto zp\u016fsobem nelze uplatnit reklamaci, proto\u017ee se jedn\u00e1 o nespr\u00e1vn\u00e9 zach\u00e1zen\u00ed s produktem.<\/span>\r\n<h4><span style=\"color: #000000\"><strong>SPLACHOV\u00c1N\u00cd:<\/strong>\u00a0<\/span><\/h4>\r\n<span style=\"color: #000000\">Z\u00e1v\u011bsn\u00e9 WC bidet\u00a0jsou kompatibiln\u00ed se splachovac\u00edmi moduly Geberit, Creavit a ostatn\u00edmi b\u011b\u017en\u00e9 prod\u00e1van\u00fdmi na \u010desk\u00e9m trhu.<\/span> <span style=\"color: #000000\">Rozte\u010d nosn\u00fdch \u0161roub\u016f je\u00a0<strong>18 cm<\/strong>\u00a0a to i v p\u0159\u00edpad\u011b, \u017ee na technick\u00e9m\u00a0list\u011b je 23 cm \u2013 tento rozm\u011br je mo\u017en\u00fd pouze na objedn\u00e1vku.<\/span> <span style=\"color: #000000\"><strong>UPOZORN\u011aN\u00cd<\/strong>: p\u0159i instalaci na splachovac\u00ed moduly Grohe je nutno volit odpadn\u00ed potrub\u00ed s t\u011bsn\u011bj\u0161\u00ed man\u017eetou.<\/span> <span style=\"color: #000000\">Pr\u016fm\u011br odpadn\u00edho potrub\u00ed u z\u00e1v\u011bsn\u00fdch WC+bidet Creavit je men\u0161\u00ed ne\u017e 10 cm (9,5 \u2013 10) a\u00a0standardn\u00ed Grohe man\u017eeta nemus\u00ed t\u011bsnit!<\/span> [button link=\"http:\/\/www.wcbidety2v1.cz\/wp-content\/uploads\/2021\/01\/Technick\u00fd-list-FE322.00500.pdf\" type=\"icon\" color=\"black\" newwindow=\"yes\"] Technick\u00fd list[\/button] [button link=\"http:\/\/www.wcbidety2v1.cz\/wp-content\/uploads\/2021\/04\/WCbidet_FE322-OVL_CZ_A4_press.pdf\" type=\"icon\" color=\"black\" newwindow=\"yes\"] Mont\u00e1\u017en\u00ed n\u00e1vod[\/button]","_et_gb_content_width":"","jetpack_post_was_ever_published":false,"jetpack_publicize_message":"","jetpack_publicize_feature_enabled":true,"jetpack_social_post_already_shared":true,"jetpack_social_options":{"image_generator_settings":{"template":"highway","default_image_id":0,"font":"","enabled":false},"version":2}},"product_brand":[],"product_cat":[40,16],"product_tag":[],"class_list":{"0":"post-3619","1":"product","2":"type-product","3":"status-publish","4":"has-post-thumbnail","6":"product_cat-rim-off","7":"product_cat-zavesne","9":"first","10":"instock","11":"taxable","12":"shipping-taxable","13":"purchasable","14":"product-type-simple"},"yoast_head":"<!-- This site is optimized with the Yoast SEO plugin v27.4 - https:\/\/yoast.com\/product\/yoast-seo-wordpress\/ -->\n<title>Z\u00e1v\u011bsn\u00fd WC bidet 2v1 FE322.00500 s RIM OFF Creavit se zabudovanou p\u00e1kou - WC bidety 2v1<\/title>\n<meta name=\"description\" content=\"WC bidet je spojen\u00edm WC a bidetov\u00e9 trysky p\u0159\u00edmo v keramick\u00e9m l\u00edmci s revolu\u010dn\u00edm syst\u00e9mem RIM OFF bezoplachov\u00e9ho okruhu pro zaji\u0161t\u011bn\u00ed dokonal\u00e9 hygieny.\" \/>\n<meta name=\"robots\" content=\"index, follow, max-snippet:-1, max-image-preview:large, max-video-preview:-1\" \/>\n<link rel=\"canonical\" href=\"https:\/\/www.wcbidety2v1.cz\/index.php\/produkt\/zavesny-wc-bidet-2v1-fe322-00500-s-rim-off-creavit-se-zabudovanou-pakou\/\" \/>\n<meta property=\"og:locale\" content=\"cs_CZ\" \/>\n<meta property=\"og:type\" content=\"article\" \/>\n<meta property=\"og:title\" content=\"Z\u00e1v\u011bsn\u00fd WC bidet 2v1 FE322.00500 s RIM OFF Creavit se zabudovanou p\u00e1kou - WC bidety 2v1\" \/>\n<meta property=\"og:description\" content=\"WC bidet je spojen\u00edm WC a bidetov\u00e9 trysky p\u0159\u00edmo v keramick\u00e9m l\u00edmci s revolu\u010dn\u00edm syst\u00e9mem RIM OFF bezoplachov\u00e9ho okruhu pro zaji\u0161t\u011bn\u00ed dokonal\u00e9 hygieny.\" \/>\n<meta property=\"og:url\" content=\"https:\/\/www.wcbidety2v1.cz\/index.php\/produkt\/zavesny-wc-bidet-2v1-fe322-00500-s-rim-off-creavit-se-zabudovanou-pakou\/\" \/>\n<meta property=\"og:site_name\" content=\"WC bidety 2v1\" \/>\n<meta property=\"article:publisher\" content=\"https:\/\/www.facebook.com\/WC-bidety-2v1-105518807832290\/?modal=admin_todo_tour\" \/>\n<meta property=\"article:modified_time\" content=\"2023-06-27T06:52:37+00:00\" \/>\n<meta property=\"og:image\" content=\"https:\/\/www.wcbidety2v1.cz\/wp-content\/uploads\/2021\/01\/Screenshot_20210510-080929_Facebook.jpg\" \/>\n\t<meta property=\"og:image:width\" content=\"1080\" \/>\n\t<meta property=\"og:image:height\" content=\"701\" \/>\n\t<meta property=\"og:image:type\" content=\"image\/jpeg\" \/>\n<meta name=\"twitter:card\" content=\"summary_large_image\" \/>\n<meta name=\"twitter:label1\" content=\"Odhadovan\u00e1 doba \u010dten\u00ed\" \/>\n\t<meta name=\"twitter:data1\" content=\"2 minuty\" \/>\n<script type=\"application\/ld+json\" class=\"yoast-schema-graph\">{\"@context\":\"https:\\\/\\\/schema.org\",\"@graph\":[{\"@type\":\"WebPage\",\"@id\":\"https:\\\/\\\/www.wcbidety2v1.cz\\\/index.php\\\/produkt\\\/zavesny-wc-bidet-2v1-fe322-00500-s-rim-off-creavit-se-zabudovanou-pakou\\\/\",\"url\":\"https:\\\/\\\/www.wcbidety2v1.cz\\\/index.php\\\/produkt\\\/zavesny-wc-bidet-2v1-fe322-00500-s-rim-off-creavit-se-zabudovanou-pakou\\\/\",\"name\":\"Z\u00e1v\u011bsn\u00fd WC bidet 2v1 FE322.00500 s RIM OFF Creavit se zabudovanou p\u00e1kou - WC bidety 2v1\",\"isPartOf\":{\"@id\":\"https:\\\/\\\/www.wcbidety2v1.cz\\\/#website\"},\"primaryImageOfPage\":{\"@id\":\"https:\\\/\\\/www.wcbidety2v1.cz\\\/index.php\\\/produkt\\\/zavesny-wc-bidet-2v1-fe322-00500-s-rim-off-creavit-se-zabudovanou-pakou\\\/#primaryimage\"},\"image\":{\"@id\":\"https:\\\/\\\/www.wcbidety2v1.cz\\\/index.php\\\/produkt\\\/zavesny-wc-bidet-2v1-fe322-00500-s-rim-off-creavit-se-zabudovanou-pakou\\\/#primaryimage\"},\"thumbnailUrl\":\"https:\\\/\\\/www.wcbidety2v1.cz\\\/wp-content\\\/uploads\\\/2022\\\/07\\\/FE322_s_pakou-1.png\",\"datePublished\":\"2022-07-20T08:03:16+00:00\",\"dateModified\":\"2023-06-27T06:52:37+00:00\",\"description\":\"WC bidet je spojen\u00edm WC a bidetov\u00e9 trysky p\u0159\u00edmo v keramick\u00e9m l\u00edmci s revolu\u010dn\u00edm syst\u00e9mem RIM OFF bezoplachov\u00e9ho okruhu pro zaji\u0161t\u011bn\u00ed dokonal\u00e9 hygieny.\",\"breadcrumb\":{\"@id\":\"https:\\\/\\\/www.wcbidety2v1.cz\\\/index.php\\\/produkt\\\/zavesny-wc-bidet-2v1-fe322-00500-s-rim-off-creavit-se-zabudovanou-pakou\\\/#breadcrumb\"},\"inLanguage\":\"cs\",\"potentialAction\":[{\"@type\":\"ReadAction\",\"target\":[\"https:\\\/\\\/www.wcbidety2v1.cz\\\/index.php\\\/produkt\\\/zavesny-wc-bidet-2v1-fe322-00500-s-rim-off-creavit-se-zabudovanou-pakou\\\/\"]}]},{\"@type\":\"ImageObject\",\"inLanguage\":\"cs\",\"@id\":\"https:\\\/\\\/www.wcbidety2v1.cz\\\/index.php\\\/produkt\\\/zavesny-wc-bidet-2v1-fe322-00500-s-rim-off-creavit-se-zabudovanou-pakou\\\/#primaryimage\",\"url\":\"https:\\\/\\\/www.wcbidety2v1.cz\\\/wp-content\\\/uploads\\\/2022\\\/07\\\/FE322_s_pakou-1.png\",\"contentUrl\":\"https:\\\/\\\/www.wcbidety2v1.cz\\\/wp-content\\\/uploads\\\/2022\\\/07\\\/FE322_s_pakou-1.png\",\"width\":1500,\"height\":1500},{\"@type\":\"BreadcrumbList\",\"@id\":\"https:\\\/\\\/www.wcbidety2v1.cz\\\/index.php\\\/produkt\\\/zavesny-wc-bidet-2v1-fe322-00500-s-rim-off-creavit-se-zabudovanou-pakou\\\/#breadcrumb\",\"itemListElement\":[{\"@type\":\"ListItem\",\"position\":1,\"name\":\"Dom\u016f\",\"item\":\"https:\\\/\\\/www.wcbidety2v1.cz\\\/\"},{\"@type\":\"ListItem\",\"position\":2,\"name\":\"Obchod\",\"item\":\"https:\\\/\\\/www.wcbidety2v1.cz\\\/index.php\\\/obchod\\\/\"},{\"@type\":\"ListItem\",\"position\":3,\"name\":\"Z\u00e1v\u011bsn\u00fd WC bidet 2v1 FE322.00500 s RIM OFF Creavit se zabudovanou p\u00e1kou\"}]},{\"@type\":\"WebSite\",\"@id\":\"https:\\\/\\\/www.wcbidety2v1.cz\\\/#website\",\"url\":\"https:\\\/\\\/www.wcbidety2v1.cz\\\/\",\"name\":\"WC bidety 2v1 - WC bidet v jednom - bidetov\u00e1 tryska p\u0159\u00edmo v toalet\u011b\",\"description\":\"WC bidet v jednom, revolu\u010dn\u00ed propojen\u00ed wc a bidetu, bidetov\u00e1 tryska p\u0159\u00edmo v keramick\u00e9m l\u00edmci toalety.\",\"publisher\":{\"@id\":\"https:\\\/\\\/www.wcbidety2v1.cz\\\/#organization\"},\"potentialAction\":[{\"@type\":\"SearchAction\",\"target\":{\"@type\":\"EntryPoint\",\"urlTemplate\":\"https:\\\/\\\/www.wcbidety2v1.cz\\\/?s={search_term_string}\"},\"query-input\":{\"@type\":\"PropertyValueSpecification\",\"valueRequired\":true,\"valueName\":\"search_term_string\"}}],\"inLanguage\":\"cs\"},{\"@type\":\"Organization\",\"@id\":\"https:\\\/\\\/www.wcbidety2v1.cz\\\/#organization\",\"name\":\"ARCHADIE s.r.o.\",\"url\":\"https:\\\/\\\/www.wcbidety2v1.cz\\\/\",\"logo\":{\"@type\":\"ImageObject\",\"inLanguage\":\"cs\",\"@id\":\"https:\\\/\\\/www.wcbidety2v1.cz\\\/#\\\/schema\\\/logo\\\/image\\\/\",\"url\":\"https:\\\/\\\/www.wcbidety2v1.cz\\\/wp-content\\\/uploads\\\/2018\\\/06\\\/logo.png\",\"contentUrl\":\"https:\\\/\\\/www.wcbidety2v1.cz\\\/wp-content\\\/uploads\\\/2018\\\/06\\\/logo.png\",\"width\":140,\"height\":140,\"caption\":\"ARCHADIE s.r.o.\"},\"image\":{\"@id\":\"https:\\\/\\\/www.wcbidety2v1.cz\\\/#\\\/schema\\\/logo\\\/image\\\/\"},\"sameAs\":[\"https:\\\/\\\/www.facebook.com\\\/WC-bidety-2v1-105518807832290\\\/?modal=admin_todo_tour\",\"https:\\\/\\\/www.instagram.com\\\/wc_bidet_2v1\\\/\"]}]}<\/script>\n<!-- \/ Yoast SEO plugin. -->","yoast_head_json":{"title":"Z\u00e1v\u011bsn\u00fd WC bidet 2v1 FE322.00500 s RIM OFF Creavit se zabudovanou p\u00e1kou - WC bidety 2v1","description":"WC bidet je spojen\u00edm WC a bidetov\u00e9 trysky p\u0159\u00edmo v keramick\u00e9m l\u00edmci s revolu\u010dn\u00edm syst\u00e9mem RIM OFF bezoplachov\u00e9ho okruhu pro zaji\u0161t\u011bn\u00ed dokonal\u00e9 hygieny.","robots":{"index":"index","follow":"follow","max-snippet":"max-snippet:-1","max-image-preview":"max-image-preview:large","max-video-preview":"max-video-preview:-1"},"canonical":"https:\/\/www.wcbidety2v1.cz\/index.php\/produkt\/zavesny-wc-bidet-2v1-fe322-00500-s-rim-off-creavit-se-zabudovanou-pakou\/","og_locale":"cs_CZ","og_type":"article","og_title":"Z\u00e1v\u011bsn\u00fd WC bidet 2v1 FE322.00500 s RIM OFF Creavit se zabudovanou p\u00e1kou - WC bidety 2v1","og_description":"WC bidet je spojen\u00edm WC a bidetov\u00e9 trysky p\u0159\u00edmo v keramick\u00e9m l\u00edmci s revolu\u010dn\u00edm syst\u00e9mem RIM OFF bezoplachov\u00e9ho okruhu pro zaji\u0161t\u011bn\u00ed dokonal\u00e9 hygieny.","og_url":"https:\/\/www.wcbidety2v1.cz\/index.php\/produkt\/zavesny-wc-bidet-2v1-fe322-00500-s-rim-off-creavit-se-zabudovanou-pakou\/","og_site_name":"WC bidety 2v1","article_publisher":"https:\/\/www.facebook.com\/WC-bidety-2v1-105518807832290\/?modal=admin_todo_tour","article_modified_time":"2023-06-27T06:52:37+00:00","og_image":[{"width":1080,"height":701,"url":"https:\/\/www.wcbidety2v1.cz\/wp-content\/uploads\/2021\/01\/Screenshot_20210510-080929_Facebook.jpg","type":"image\/jpeg"}],"twitter_card":"summary_large_image","twitter_misc":{"Odhadovan\u00e1 doba \u010dten\u00ed":"2 minuty"},"schema":{"@context":"https:\/\/schema.org","@graph":[{"@type":"WebPage","@id":"https:\/\/www.wcbidety2v1.cz\/index.php\/produkt\/zavesny-wc-bidet-2v1-fe322-00500-s-rim-off-creavit-se-zabudovanou-pakou\/","url":"https:\/\/www.wcbidety2v1.cz\/index.php\/produkt\/zavesny-wc-bidet-2v1-fe322-00500-s-rim-off-creavit-se-zabudovanou-pakou\/","name":"Z\u00e1v\u011bsn\u00fd WC bidet 2v1 FE322.00500 s RIM OFF Creavit se zabudovanou p\u00e1kou - WC bidety 2v1","isPartOf":{"@id":"https:\/\/www.wcbidety2v1.cz\/#website"},"primaryImageOfPage":{"@id":"https:\/\/www.wcbidety2v1.cz\/index.php\/produkt\/zavesny-wc-bidet-2v1-fe322-00500-s-rim-off-creavit-se-zabudovanou-pakou\/#primaryimage"},"image":{"@id":"https:\/\/www.wcbidety2v1.cz\/index.php\/produkt\/zavesny-wc-bidet-2v1-fe322-00500-s-rim-off-creavit-se-zabudovanou-pakou\/#primaryimage"},"thumbnailUrl":"https:\/\/www.wcbidety2v1.cz\/wp-content\/uploads\/2022\/07\/FE322_s_pakou-1.png","datePublished":"2022-07-20T08:03:16+00:00","dateModified":"2023-06-27T06:52:37+00:00","description":"WC bidet je spojen\u00edm WC a bidetov\u00e9 trysky p\u0159\u00edmo v keramick\u00e9m l\u00edmci s revolu\u010dn\u00edm syst\u00e9mem RIM OFF bezoplachov\u00e9ho okruhu pro zaji\u0161t\u011bn\u00ed dokonal\u00e9 hygieny.","breadcrumb":{"@id":"https:\/\/www.wcbidety2v1.cz\/index.php\/produkt\/zavesny-wc-bidet-2v1-fe322-00500-s-rim-off-creavit-se-zabudovanou-pakou\/#breadcrumb"},"inLanguage":"cs","potentialAction":[{"@type":"ReadAction","target":["https:\/\/www.wcbidety2v1.cz\/index.php\/produkt\/zavesny-wc-bidet-2v1-fe322-00500-s-rim-off-creavit-se-zabudovanou-pakou\/"]}]},{"@type":"ImageObject","inLanguage":"cs","@id":"https:\/\/www.wcbidety2v1.cz\/index.php\/produkt\/zavesny-wc-bidet-2v1-fe322-00500-s-rim-off-creavit-se-zabudovanou-pakou\/#primaryimage","url":"https:\/\/www.wcbidety2v1.cz\/wp-content\/uploads\/2022\/07\/FE322_s_pakou-1.png","contentUrl":"https:\/\/www.wcbidety2v1.cz\/wp-content\/uploads\/2022\/07\/FE322_s_pakou-1.png","width":1500,"height":1500},{"@type":"BreadcrumbList","@id":"https:\/\/www.wcbidety2v1.cz\/index.php\/produkt\/zavesny-wc-bidet-2v1-fe322-00500-s-rim-off-creavit-se-zabudovanou-pakou\/#breadcrumb","itemListElement":[{"@type":"ListItem","position":1,"name":"Dom\u016f","item":"https:\/\/www.wcbidety2v1.cz\/"},{"@type":"ListItem","position":2,"name":"Obchod","item":"https:\/\/www.wcbidety2v1.cz\/index.php\/obchod\/"},{"@type":"ListItem","position":3,"name":"Z\u00e1v\u011bsn\u00fd WC bidet 2v1 FE322.00500 s RIM OFF Creavit se zabudovanou p\u00e1kou"}]},{"@type":"WebSite","@id":"https:\/\/www.wcbidety2v1.cz\/#website","url":"https:\/\/www.wcbidety2v1.cz\/","name":"WC bidety 2v1 - WC bidet v jednom - bidetov\u00e1 tryska p\u0159\u00edmo v toalet\u011b","description":"WC bidet v jednom, revolu\u010dn\u00ed propojen\u00ed wc a bidetu, bidetov\u00e1 tryska p\u0159\u00edmo v keramick\u00e9m l\u00edmci toalety.","publisher":{"@id":"https:\/\/www.wcbidety2v1.cz\/#organization"},"potentialAction":[{"@type":"SearchAction","target":{"@type":"EntryPoint","urlTemplate":"https:\/\/www.wcbidety2v1.cz\/?s={search_term_string}"},"query-input":{"@type":"PropertyValueSpecification","valueRequired":true,"valueName":"search_term_string"}}],"inLanguage":"cs"},{"@type":"Organization","@id":"https:\/\/www.wcbidety2v1.cz\/#organization","name":"ARCHADIE s.r.o.","url":"https:\/\/www.wcbidety2v1.cz\/","logo":{"@type":"ImageObject","inLanguage":"cs","@id":"https:\/\/www.wcbidety2v1.cz\/#\/schema\/logo\/image\/","url":"https:\/\/www.wcbidety2v1.cz\/wp-content\/uploads\/2018\/06\/logo.png","contentUrl":"https:\/\/www.wcbidety2v1.cz\/wp-content\/uploads\/2018\/06\/logo.png","width":140,"height":140,"caption":"ARCHADIE s.r.o."},"image":{"@id":"https:\/\/www.wcbidety2v1.cz\/#\/schema\/logo\/image\/"},"sameAs":["https:\/\/www.facebook.com\/WC-bidety-2v1-105518807832290\/?modal=admin_todo_tour","https:\/\/www.instagram.com\/wc_bidet_2v1\/"]}]}},"jetpack_publicize_connections":[],"jetpack_sharing_enabled":true,"_links":{"self":[{"href":"https:\/\/www.wcbidety2v1.cz\/index.php\/wp-json\/wp\/v2\/product\/3619","targetHints":{"allow":["GET"]}}],"collection":[{"href":"https:\/\/www.wcbidety2v1.cz\/index.php\/wp-json\/wp\/v2\/product"}],"about":[{"href":"https:\/\/www.wcbidety2v1.cz\/index.php\/wp-json\/wp\/v2\/types\/product"}],"wp:featuredmedia":[{"embeddable":true,"href":"https:\/\/www.wcbidety2v1.cz\/index.php\/wp-json\/wp\/v2\/media\/3623"}],"wp:attachment":[{"href":"https:\/\/www.wcbidety2v1.cz\/index.php\/wp-json\/wp\/v2\/media?parent=3619"}],"wp:term":[{"taxonomy":"product_brand","embeddable":true,"href":"https:\/\/www.wcbidety2v1.cz\/index.php\/wp-json\/wp\/v2\/product_brand?post=3619"},{"taxonomy":"product_cat","embeddable":true,"href":"https:\/\/www.wcbidety2v1.cz\/index.php\/wp-json\/wp\/v2\/product_cat?post=3619"},{"taxonomy":"product_tag","embeddable":true,"href":"https:\/\/www.wcbidety2v1.cz\/index.php\/wp-json\/wp\/v2\/product_tag?post=3619"}],"curies":[{"name":"wp","href":"https:\/\/api.w.org\/{rel}","templated":true}]}}