{"id":277,"date":"2018-08-03T18:26:51","date_gmt":"2018-08-03T18:26:51","guid":{"rendered":"http:\/\/www.wcbidety2v1.cz\/?post_type=product&#038;p=277"},"modified":"2021-12-01T08:01:50","modified_gmt":"2021-12-01T08:01:50","slug":"podomitkova-pakova-baterie-pb01","status":"publish","type":"product","link":"https:\/\/www.wcbidety2v1.cz\/index.php\/produkt\/podomitkova-pakova-baterie-pb01\/","title":{"rendered":"Podom\u00edtkov\u00e1 p\u00e1kov\u00e1 baterie PB01"},"content":{"rendered":"<p><span style=\"color: #000000;\">P\u00e1kov\u00e1 baterie PB01 slou\u017e\u00ed pro jednoduch\u00e9 ovl\u00e1d\u00e1n\u00ed bidetov\u00e9 trysky.\u00a0<\/span><\/p>\n<p><span style=\"color: #000000;\">V\u010detn\u011b podom\u00edtkov\u00e9ho sm\u011b\u0161ovac\u00edho t\u011blesa.<\/span><\/p>\n<p><a href='http:\/\/www.wcbidety2v1.cz\/wp-content\/uploads\/2018\/08\/Technick\u00fd-list-PB01.pdf' class='icon-button download-icon' target=\"_blank\"><span class='et-icon'><\/span><\/a> Technick\u00fd list<\/p>\n","protected":false},"excerpt":{"rendered":"<p><span style=\"color: #000000;\">P\u00e1kov\u00e1 baterie PB01 slou\u017e\u00ed pro jednoduch\u00e9 ovl\u00e1d\u00e1n\u00ed bidetov\u00e9 trysky.\u00a0<\/span><\/p>\n<p><span style=\"color: #000000;\">V\u010detn\u011b podom\u00edtkov\u00e9ho sm\u011b\u0161ovac\u00edho t\u011blesa.<\/span><\/p>\n","protected":false},"featured_media":350,"template":"","meta":{"_et_pb_use_builder":"","_et_pb_old_content":"","_et_gb_content_width":"","jetpack_post_was_ever_published":false,"jetpack_publicize_message":"","jetpack_publicize_feature_enabled":true,"jetpack_social_post_already_shared":true,"jetpack_social_options":{"image_generator_settings":{"template":"highway","default_image_id":0,"font":"","enabled":false},"version":2}},"product_brand":[],"product_cat":[28],"product_tag":[],"class_list":{"0":"post-277","1":"product","2":"type-product","3":"status-publish","4":"has-post-thumbnail","6":"product_cat-ovladaci-baterie","8":"first","9":"instock","10":"taxable","11":"shipping-taxable","12":"purchasable","13":"product-type-simple"},"yoast_head":"<!-- This site is optimized with the Yoast SEO plugin v27.5 - https:\/\/yoast.com\/product\/yoast-seo-wordpress\/ -->\n<title>Podom\u00edtkov\u00e1 p\u00e1kov\u00e1 baterie PB01 - WC bidety 2v1<\/title>\n<meta name=\"description\" content=\"P\u00e1kov\u00e1 baterie PB01 slou\u017e\u00ed pro jednoduch\u00e9 ovl\u00e1d\u00e1n\u00ed bidetov\u00e9 trysky.\u00a0V\u010detn\u011b podom\u00edtkov\u00e9ho sm\u011b\u0161ovac\u00edho t\u011blesa.\" \/>\n<meta name=\"robots\" content=\"index, follow, max-snippet:-1, max-image-preview:large, max-video-preview:-1\" \/>\n<link rel=\"canonical\" href=\"https:\/\/www.wcbidety2v1.cz\/index.php\/produkt\/podomitkova-pakova-baterie-pb01\/\" \/>\n<meta property=\"og:locale\" content=\"cs_CZ\" \/>\n<meta property=\"og:type\" content=\"article\" \/>\n<meta property=\"og:title\" content=\"Podom\u00edtkov\u00e1 p\u00e1kov\u00e1 baterie PB01 - WC bidety 2v1\" \/>\n<meta property=\"og:description\" content=\"P\u00e1kov\u00e1 baterie PB01 slou\u017e\u00ed pro jednoduch\u00e9 ovl\u00e1d\u00e1n\u00ed bidetov\u00e9 trysky.\u00a0V\u010detn\u011b podom\u00edtkov\u00e9ho sm\u011b\u0161ovac\u00edho t\u011blesa.\" \/>\n<meta property=\"og:url\" content=\"https:\/\/www.wcbidety2v1.cz\/index.php\/produkt\/podomitkova-pakova-baterie-pb01\/\" \/>\n<meta property=\"og:site_name\" content=\"WC bidety 2v1\" \/>\n<meta property=\"article:publisher\" content=\"https:\/\/www.facebook.com\/WC-bidety-2v1-105518807832290\/?modal=admin_todo_tour\" \/>\n<meta property=\"article:modified_time\" content=\"2021-12-01T08:01:50+00:00\" \/>\n<meta property=\"og:image\" content=\"https:\/\/www.wcbidety2v1.cz\/wp-content\/uploads\/2018\/08\/podomitkova-pakova-baterie-pb01.jpg\" \/>\n\t<meta property=\"og:image:width\" content=\"600\" \/>\n\t<meta property=\"og:image:height\" content=\"600\" \/>\n\t<meta property=\"og:image:type\" content=\"image\/jpeg\" \/>\n<meta name=\"twitter:card\" content=\"summary_large_image\" \/>\n<script type=\"application\/ld+json\" class=\"yoast-schema-graph\">{\"@context\":\"https:\\\/\\\/schema.org\",\"@graph\":[{\"@type\":\"WebPage\",\"@id\":\"https:\\\/\\\/www.wcbidety2v1.cz\\\/index.php\\\/produkt\\\/podomitkova-pakova-baterie-pb01\\\/\",\"url\":\"https:\\\/\\\/www.wcbidety2v1.cz\\\/index.php\\\/produkt\\\/podomitkova-pakova-baterie-pb01\\\/\",\"name\":\"Podom\u00edtkov\u00e1 p\u00e1kov\u00e1 baterie PB01 - WC bidety 2v1\",\"isPartOf\":{\"@id\":\"https:\\\/\\\/www.wcbidety2v1.cz\\\/#website\"},\"primaryImageOfPage\":{\"@id\":\"https:\\\/\\\/www.wcbidety2v1.cz\\\/index.php\\\/produkt\\\/podomitkova-pakova-baterie-pb01\\\/#primaryimage\"},\"image\":{\"@id\":\"https:\\\/\\\/www.wcbidety2v1.cz\\\/index.php\\\/produkt\\\/podomitkova-pakova-baterie-pb01\\\/#primaryimage\"},\"thumbnailUrl\":\"https:\\\/\\\/www.wcbidety2v1.cz\\\/wp-content\\\/uploads\\\/2018\\\/08\\\/podomitkova-pakova-baterie-pb01.jpg\",\"datePublished\":\"2018-08-03T18:26:51+00:00\",\"dateModified\":\"2021-12-01T08:01:50+00:00\",\"description\":\"P\u00e1kov\u00e1 baterie PB01 slou\u017e\u00ed pro jednoduch\u00e9 ovl\u00e1d\u00e1n\u00ed bidetov\u00e9 trysky.\u00a0V\u010detn\u011b podom\u00edtkov\u00e9ho sm\u011b\u0161ovac\u00edho t\u011blesa.\",\"breadcrumb\":{\"@id\":\"https:\\\/\\\/www.wcbidety2v1.cz\\\/index.php\\\/produkt\\\/podomitkova-pakova-baterie-pb01\\\/#breadcrumb\"},\"inLanguage\":\"cs\",\"potentialAction\":[{\"@type\":\"ReadAction\",\"target\":[\"https:\\\/\\\/www.wcbidety2v1.cz\\\/index.php\\\/produkt\\\/podomitkova-pakova-baterie-pb01\\\/\"]}]},{\"@type\":\"ImageObject\",\"inLanguage\":\"cs\",\"@id\":\"https:\\\/\\\/www.wcbidety2v1.cz\\\/index.php\\\/produkt\\\/podomitkova-pakova-baterie-pb01\\\/#primaryimage\",\"url\":\"https:\\\/\\\/www.wcbidety2v1.cz\\\/wp-content\\\/uploads\\\/2018\\\/08\\\/podomitkova-pakova-baterie-pb01.jpg\",\"contentUrl\":\"https:\\\/\\\/www.wcbidety2v1.cz\\\/wp-content\\\/uploads\\\/2018\\\/08\\\/podomitkova-pakova-baterie-pb01.jpg\",\"width\":600,\"height\":600},{\"@type\":\"BreadcrumbList\",\"@id\":\"https:\\\/\\\/www.wcbidety2v1.cz\\\/index.php\\\/produkt\\\/podomitkova-pakova-baterie-pb01\\\/#breadcrumb\",\"itemListElement\":[{\"@type\":\"ListItem\",\"position\":1,\"name\":\"Dom\u016f\",\"item\":\"https:\\\/\\\/www.wcbidety2v1.cz\\\/\"},{\"@type\":\"ListItem\",\"position\":2,\"name\":\"Obchod\",\"item\":\"https:\\\/\\\/www.wcbidety2v1.cz\\\/index.php\\\/obchod\\\/\"},{\"@type\":\"ListItem\",\"position\":3,\"name\":\"Podom\u00edtkov\u00e1 p\u00e1kov\u00e1 baterie PB01\"}]},{\"@type\":\"WebSite\",\"@id\":\"https:\\\/\\\/www.wcbidety2v1.cz\\\/#website\",\"url\":\"https:\\\/\\\/www.wcbidety2v1.cz\\\/\",\"name\":\"WC bidety 2v1 - WC bidet v jednom - bidetov\u00e1 tryska p\u0159\u00edmo v toalet\u011b\",\"description\":\"WC bidet v jednom, revolu\u010dn\u00ed propojen\u00ed wc a bidetu, bidetov\u00e1 tryska p\u0159\u00edmo v keramick\u00e9m l\u00edmci toalety.\",\"publisher\":{\"@id\":\"https:\\\/\\\/www.wcbidety2v1.cz\\\/#organization\"},\"potentialAction\":[{\"@type\":\"SearchAction\",\"target\":{\"@type\":\"EntryPoint\",\"urlTemplate\":\"https:\\\/\\\/www.wcbidety2v1.cz\\\/?s={search_term_string}\"},\"query-input\":{\"@type\":\"PropertyValueSpecification\",\"valueRequired\":true,\"valueName\":\"search_term_string\"}}],\"inLanguage\":\"cs\"},{\"@type\":\"Organization\",\"@id\":\"https:\\\/\\\/www.wcbidety2v1.cz\\\/#organization\",\"name\":\"ARCHADIE s.r.o.\",\"url\":\"https:\\\/\\\/www.wcbidety2v1.cz\\\/\",\"logo\":{\"@type\":\"ImageObject\",\"inLanguage\":\"cs\",\"@id\":\"https:\\\/\\\/www.wcbidety2v1.cz\\\/#\\\/schema\\\/logo\\\/image\\\/\",\"url\":\"https:\\\/\\\/www.wcbidety2v1.cz\\\/wp-content\\\/uploads\\\/2018\\\/06\\\/logo.png\",\"contentUrl\":\"https:\\\/\\\/www.wcbidety2v1.cz\\\/wp-content\\\/uploads\\\/2018\\\/06\\\/logo.png\",\"width\":140,\"height\":140,\"caption\":\"ARCHADIE s.r.o.\"},\"image\":{\"@id\":\"https:\\\/\\\/www.wcbidety2v1.cz\\\/#\\\/schema\\\/logo\\\/image\\\/\"},\"sameAs\":[\"https:\\\/\\\/www.facebook.com\\\/WC-bidety-2v1-105518807832290\\\/?modal=admin_todo_tour\",\"https:\\\/\\\/www.instagram.com\\\/wc_bidet_2v1\\\/\"]}]}<\/script>\n<!-- \/ Yoast SEO plugin. -->","yoast_head_json":{"title":"Podom\u00edtkov\u00e1 p\u00e1kov\u00e1 baterie PB01 - WC bidety 2v1","description":"P\u00e1kov\u00e1 baterie PB01 slou\u017e\u00ed pro jednoduch\u00e9 ovl\u00e1d\u00e1n\u00ed bidetov\u00e9 trysky.\u00a0V\u010detn\u011b podom\u00edtkov\u00e9ho sm\u011b\u0161ovac\u00edho t\u011blesa.","robots":{"index":"index","follow":"follow","max-snippet":"max-snippet:-1","max-image-preview":"max-image-preview:large","max-video-preview":"max-video-preview:-1"},"canonical":"https:\/\/www.wcbidety2v1.cz\/index.php\/produkt\/podomitkova-pakova-baterie-pb01\/","og_locale":"cs_CZ","og_type":"article","og_title":"Podom\u00edtkov\u00e1 p\u00e1kov\u00e1 baterie PB01 - WC bidety 2v1","og_description":"P\u00e1kov\u00e1 baterie PB01 slou\u017e\u00ed pro jednoduch\u00e9 ovl\u00e1d\u00e1n\u00ed bidetov\u00e9 trysky.\u00a0V\u010detn\u011b podom\u00edtkov\u00e9ho sm\u011b\u0161ovac\u00edho t\u011blesa.","og_url":"https:\/\/www.wcbidety2v1.cz\/index.php\/produkt\/podomitkova-pakova-baterie-pb01\/","og_site_name":"WC bidety 2v1","article_publisher":"https:\/\/www.facebook.com\/WC-bidety-2v1-105518807832290\/?modal=admin_todo_tour","article_modified_time":"2021-12-01T08:01:50+00:00","og_image":[{"width":600,"height":600,"url":"https:\/\/www.wcbidety2v1.cz\/wp-content\/uploads\/2018\/08\/podomitkova-pakova-baterie-pb01.jpg","type":"image\/jpeg"}],"twitter_card":"summary_large_image","schema":{"@context":"https:\/\/schema.org","@graph":[{"@type":"WebPage","@id":"https:\/\/www.wcbidety2v1.cz\/index.php\/produkt\/podomitkova-pakova-baterie-pb01\/","url":"https:\/\/www.wcbidety2v1.cz\/index.php\/produkt\/podomitkova-pakova-baterie-pb01\/","name":"Podom\u00edtkov\u00e1 p\u00e1kov\u00e1 baterie PB01 - WC bidety 2v1","isPartOf":{"@id":"https:\/\/www.wcbidety2v1.cz\/#website"},"primaryImageOfPage":{"@id":"https:\/\/www.wcbidety2v1.cz\/index.php\/produkt\/podomitkova-pakova-baterie-pb01\/#primaryimage"},"image":{"@id":"https:\/\/www.wcbidety2v1.cz\/index.php\/produkt\/podomitkova-pakova-baterie-pb01\/#primaryimage"},"thumbnailUrl":"https:\/\/www.wcbidety2v1.cz\/wp-content\/uploads\/2018\/08\/podomitkova-pakova-baterie-pb01.jpg","datePublished":"2018-08-03T18:26:51+00:00","dateModified":"2021-12-01T08:01:50+00:00","description":"P\u00e1kov\u00e1 baterie PB01 slou\u017e\u00ed pro jednoduch\u00e9 ovl\u00e1d\u00e1n\u00ed bidetov\u00e9 trysky.\u00a0V\u010detn\u011b podom\u00edtkov\u00e9ho sm\u011b\u0161ovac\u00edho t\u011blesa.","breadcrumb":{"@id":"https:\/\/www.wcbidety2v1.cz\/index.php\/produkt\/podomitkova-pakova-baterie-pb01\/#breadcrumb"},"inLanguage":"cs","potentialAction":[{"@type":"ReadAction","target":["https:\/\/www.wcbidety2v1.cz\/index.php\/produkt\/podomitkova-pakova-baterie-pb01\/"]}]},{"@type":"ImageObject","inLanguage":"cs","@id":"https:\/\/www.wcbidety2v1.cz\/index.php\/produkt\/podomitkova-pakova-baterie-pb01\/#primaryimage","url":"https:\/\/www.wcbidety2v1.cz\/wp-content\/uploads\/2018\/08\/podomitkova-pakova-baterie-pb01.jpg","contentUrl":"https:\/\/www.wcbidety2v1.cz\/wp-content\/uploads\/2018\/08\/podomitkova-pakova-baterie-pb01.jpg","width":600,"height":600},{"@type":"BreadcrumbList","@id":"https:\/\/www.wcbidety2v1.cz\/index.php\/produkt\/podomitkova-pakova-baterie-pb01\/#breadcrumb","itemListElement":[{"@type":"ListItem","position":1,"name":"Dom\u016f","item":"https:\/\/www.wcbidety2v1.cz\/"},{"@type":"ListItem","position":2,"name":"Obchod","item":"https:\/\/www.wcbidety2v1.cz\/index.php\/obchod\/"},{"@type":"ListItem","position":3,"name":"Podom\u00edtkov\u00e1 p\u00e1kov\u00e1 baterie PB01"}]},{"@type":"WebSite","@id":"https:\/\/www.wcbidety2v1.cz\/#website","url":"https:\/\/www.wcbidety2v1.cz\/","name":"WC bidety 2v1 - WC bidet v jednom - bidetov\u00e1 tryska p\u0159\u00edmo v toalet\u011b","description":"WC bidet v jednom, revolu\u010dn\u00ed propojen\u00ed wc a bidetu, bidetov\u00e1 tryska p\u0159\u00edmo v keramick\u00e9m l\u00edmci toalety.","publisher":{"@id":"https:\/\/www.wcbidety2v1.cz\/#organization"},"potentialAction":[{"@type":"SearchAction","target":{"@type":"EntryPoint","urlTemplate":"https:\/\/www.wcbidety2v1.cz\/?s={search_term_string}"},"query-input":{"@type":"PropertyValueSpecification","valueRequired":true,"valueName":"search_term_string"}}],"inLanguage":"cs"},{"@type":"Organization","@id":"https:\/\/www.wcbidety2v1.cz\/#organization","name":"ARCHADIE s.r.o.","url":"https:\/\/www.wcbidety2v1.cz\/","logo":{"@type":"ImageObject","inLanguage":"cs","@id":"https:\/\/www.wcbidety2v1.cz\/#\/schema\/logo\/image\/","url":"https:\/\/www.wcbidety2v1.cz\/wp-content\/uploads\/2018\/06\/logo.png","contentUrl":"https:\/\/www.wcbidety2v1.cz\/wp-content\/uploads\/2018\/06\/logo.png","width":140,"height":140,"caption":"ARCHADIE s.r.o."},"image":{"@id":"https:\/\/www.wcbidety2v1.cz\/#\/schema\/logo\/image\/"},"sameAs":["https:\/\/www.facebook.com\/WC-bidety-2v1-105518807832290\/?modal=admin_todo_tour","https:\/\/www.instagram.com\/wc_bidet_2v1\/"]}]}},"jetpack_publicize_connections":[],"jetpack_sharing_enabled":true,"_links":{"self":[{"href":"https:\/\/www.wcbidety2v1.cz\/index.php\/wp-json\/wp\/v2\/product\/277","targetHints":{"allow":["GET"]}}],"collection":[{"href":"https:\/\/www.wcbidety2v1.cz\/index.php\/wp-json\/wp\/v2\/product"}],"about":[{"href":"https:\/\/www.wcbidety2v1.cz\/index.php\/wp-json\/wp\/v2\/types\/product"}],"wp:featuredmedia":[{"embeddable":true,"href":"https:\/\/www.wcbidety2v1.cz\/index.php\/wp-json\/wp\/v2\/media\/350"}],"wp:attachment":[{"href":"https:\/\/www.wcbidety2v1.cz\/index.php\/wp-json\/wp\/v2\/media?parent=277"}],"wp:term":[{"taxonomy":"product_brand","embeddable":true,"href":"https:\/\/www.wcbidety2v1.cz\/index.php\/wp-json\/wp\/v2\/product_brand?post=277"},{"taxonomy":"product_cat","embeddable":true,"href":"https:\/\/www.wcbidety2v1.cz\/index.php\/wp-json\/wp\/v2\/product_cat?post=277"},{"taxonomy":"product_tag","embeddable":true,"href":"https:\/\/www.wcbidety2v1.cz\/index.php\/wp-json\/wp\/v2\/product_tag?post=277"}],"curies":[{"name":"wp","href":"https:\/\/api.w.org\/{rel}","templated":true}]}}