{"id":157,"date":"2018-07-18T06:48:58","date_gmt":"2018-07-18T06:48:58","guid":{"rendered":"http:\/\/www.wcbidety2v1.cz\/?post_type=product&#038;p=157"},"modified":"2023-10-30T08:26:14","modified_gmt":"2023-10-30T08:26:14","slug":"wcbidet-2v1-sd3842","status":"publish","type":"product","link":"https:\/\/www.wcbidety2v1.cz\/index.php\/produkt\/wcbidet-2v1-sd3842\/","title":{"rendered":"Kombi WC bidet 2v1 SD3842 s UNI odpadem Creavit"},"content":{"rendered":"<h2><span style=\"color: #000000;\">WC bidet SEDEF SD3842<\/span><\/h2>\n<p><span style=\"color: #000000;\">WC\u00a0 bidet kombi s UNI odpadem \u2013 <b>SEDEF SD3842<\/b>\u00a0je kombinac\u00ed WC bidet v\u00a0jednom. Bidetov\u00e1 tryska je zabudov\u00e1na p\u0159\u00edmo v\u00a0toalet\u011b. Toto je model st\u0159edn\u00ed t\u0159\u00eddy, kter\u00fd je zkr\u00e1cen\u00fd pro mal\u00e9 prostory. U\u017e\u0161\u00ed je n\u00e1dr\u017eka, tak\u017ee velikost m\u00edsy je standartn\u00ed. \u00dasporn\u00e9 \u0159e\u0161en\u00ed intmn\u00ed hygieny vhodn\u00e9 pro mu\u017ee, \u017eeny i d\u011bti.<\/span><\/p>\n<h4><span style=\"color: #000000;\"><strong>POU\u017dIT\u00cd:\u00a0<\/strong><\/span><\/h4>\n<p><span style=\"color: #000000;\">jde o st\u0159edn\u00ed model, kter\u00fd je zkr\u00e1cen\u00fd pro men\u0161\u00ed prostory.<\/span><\/p>\n<h4><span style=\"color: #000000;\"><strong>P\u0158IPOJEN\u00cd NA VODU:\u00a0<\/strong><\/span><\/h4>\n<p><span style=\"color: #000000;\">kombinace\u00a0WC bidet\u00a0se d\u00e1 jednodu\u0161e napojit flexihadi\u010dkou na\u00a0 zdroj\u00a0vody\u00a0\u2013 podom\u00edtkov\u00fd ventil, podom\u00edtkov\u00e1 p\u00e1kov\u00e1 baterie, podom\u00edtkov\u00e1 termostatick\u00e1 baterie, rohov\u00fd ventil apod.. P\u0159ipojovac\u00ed rozm\u011br z\u00e1vitu za wc m\u00edsou \u2013 venkovn\u00ed z\u00e1vit 3\/8\u2033. V\u00edce informac\u00ed o mont\u00e1\u017ei najdete v horn\u00edm menu N\u00c1VODY \/ Mont\u00e1\u017en\u00ed n\u00e1vody.<\/span><\/p>\n<h4><span style=\"color: #000000;\"><strong>BIDETOV\u00c1 TRYSKA:<\/strong>\u00a0<\/span><\/h4>\n<p><span style=\"color: #000000;\">v cen\u011b v\u00fdrobku je plastov\u00e1 pochromovan\u00e1 tryska. Tryska m\u00e1 nastaviteln\u00fd hrot, kter\u00fd je mo\u017en\u00e9 vodu ve WC bidet 2v1 nasm\u011brovat na v\u0161echny strany.<\/span><\/p>\n<h4><span style=\"color: #000000;\"><strong>P\u0158\u00cdSLU\u0160ENSTV\u00cd:<\/strong>\u00a0<\/span><\/h4>\n<p><span style=\"color: #000000;\">v cen\u011b WC bidet 2v1 nen\u00ed sed\u00e1tko. Pro tento model je v nab\u00eddce i\u00a0Soft Close\u00a0(pomalu padaj\u00edc\u00ed) sed\u00e1tko. Vhodn\u00e9 sed\u00e1tko k tomuto modelu si m\u016f\u017eete vybrat dole v sekci\u00a0<em>Mohlo by se v\u00e1m l\u00edbit<\/em>.<\/span><br \/>\n<span style=\"color: #000000;\">D\u00e1le zde najdete podom\u00edtkovou p\u00e1kovou sm\u011b\u0161ovac\u00ed baterii na ovl\u00e1dan\u00ed vody v bidetov\u00e9 trysce. V p\u0159\u00edpad\u011b \u017ee budete pou\u017e\u00edvat jen studenou vodu, sta\u010d\u00ed v\u00e1m na ovl\u00e1dan\u00ed ventil.<\/span><br \/>\n<span style=\"color: #000000;\">Tak\u00e9 gel k odstran\u011bn\u00e9 vodn\u00edho kamene a rzi vhodn\u00fd k \u010di\u0161t\u011bn\u00ed trysky.<\/span><\/p>\n<h4><span style=\"color: #000000;\"><b>SPLACHOV\u00c1N\u00cd:<\/b>\u00a0<\/span><\/h4>\n<p><span style=\"color: #000000;\">v\u0161echny modely kombi WC+BIDET 2v1 obsahuj\u00ed jednoduch\u00fd splachova\u010d, m\u016f\u017eete si za p\u0159\u00edplatek objednat \u00fasporn\u00fd, dvojit\u00fd splachova\u010d.<\/span><\/p>\n<p><span style=\"color: #000000;\"><strong>UPOZORN\u011aN\u00cd<\/strong>: Pro udr\u017een\u00ed\u00a0funk\u010dnosti a vzhledu trysky (zachov\u00e1n\u00ed pokoven\u00e9ho povrchu a pohyblivosti vnit\u0159n\u00edho kloubu) DOPORU\u010cUJEME k o\u0161et\u0159en\u00ed (\u010di\u0161t\u011bn\u00ed) pou\u017e\u00edt Gel na odstran\u011bn\u00ed vodn\u00edho kamene a rzi.<\/span><br \/>\n<span style=\"color: #000000;\">D\u016eRAZN\u011a NEDOPORU\u010cUJEME pou\u017e\u00edv\u00e1n\u00ed \u010dist\u00edc\u00edch prost\u0159edk\u016f s obsahem chloru. Chlor pokoven\u00e9 povrchy nalept\u00e1v\u00e1.<\/span><br \/>\n<span style=\"color: #000000;\">V p\u0159\u00edpad\u011b instalace nerezov\u00e9 trysky a pou\u017e\u00edv\u00e1n\u00ed prost\u0159edk\u016f s chlorem z\u016fstane funkce zachov\u00e1na, nicm\u00e9n\u011b nem\u016f\u017eete garantovat estetickou zm\u011bnu povrchu.<\/span><br \/>\n<span style=\"color: #000000;\">Na z\u00e1vady vznikl\u00e9 t\u00edmto zp\u016fsobem nelze uplatnit reklamaci, proto\u017ee se jedn\u00e1 o nespr\u00e1vn\u00e9 zach\u00e1zen\u00ed s produktem.<\/span><\/p>\n<p><a href='http:\/\/www.wcbidety2v1.cz\/wp-content\/uploads\/2018\/07\/Technick\u00fd-list-SD3842.pdf' class='icon-button download-icon' target=\"_blank\">Technick\u00fd list<span class='et-icon'><\/span><\/a>\u00a0<a href='http:\/\/www.wcbidety2v1.cz\/wp-content\/uploads\/2018\/06\/mont\u00e1\u017en\u00ed-n\u00e1vod_kombi.pdf' class='icon-button download-icon' target=\"_blank\">Mont\u00e1\u017en\u00ed n\u00e1vod<span class='et-icon'><\/span><\/a><\/p>\n","protected":false},"excerpt":{"rendered":"<p><span style=\"color: #000000;\">WC\u00a0 bidet kombi s UNI odpadem \u2013 <b>SEDEF SD3842<\/b>\u00a0je kombinac\u00ed WC bidet v\u00a0jednom. Bidetov\u00e1 tryska je zabudov\u00e1na p\u0159\u00edmo v\u00a0toalet\u011b. Toto je model st\u0159edn\u00ed t\u0159\u00eddy, kter\u00fd je zkr\u00e1cen\u00fd pro mal\u00e9 prostory. U\u017e\u0161\u00ed je n\u00e1dr\u017eka, tak\u017ee velikost m\u00edsy je standartn\u00ed. \u00dasporn\u00e9 \u0159e\u0161en\u00ed intmn\u00ed hygieny vhodn\u00e9 pro mu\u017ee, \u017eeny i d\u011bti.<\/span><\/p>\n","protected":false},"featured_media":360,"template":"","meta":{"_et_pb_use_builder":"","_et_pb_old_content":"","_et_gb_content_width":"","jetpack_post_was_ever_published":false,"jetpack_publicize_message":"","jetpack_publicize_feature_enabled":true,"jetpack_social_post_already_shared":true,"jetpack_social_options":{"image_generator_settings":{"template":"highway","default_image_id":0,"font":"","enabled":false},"version":2}},"product_brand":[],"product_cat":[25,18],"product_tag":[],"class_list":{"0":"post-157","1":"product","2":"type-product","3":"status-publish","4":"has-post-thumbnail","6":"product_cat-kombi-spodni-odpad","7":"product_cat-kombi-zadni-odpad","9":"first","10":"outofstock","11":"taxable","12":"shipping-taxable","13":"purchasable","14":"product-type-variable"},"yoast_head":"<!-- This site is optimized with the Yoast SEO plugin v27.4 - https:\/\/yoast.com\/product\/yoast-seo-wordpress\/ -->\n<title>Kombi WC bidet 2v1 SD3842 s UNI odpadem Creavit - WC bidety 2v1<\/title>\n<meta name=\"description\" content=\"WC bidet se zabudovanou bidetovou tryskou SEDEF SD3842 ve zkr\u00e1cen\u00e9 verzi pro mal\u00e9 prostory. Zkr\u00e1cen\u00e1 je n\u00e1dr\u017eky, m\u00edsa ma standartn\u00ed rozm\u011bry.\" \/>\n<meta name=\"robots\" content=\"index, follow, max-snippet:-1, max-image-preview:large, max-video-preview:-1\" \/>\n<link rel=\"canonical\" href=\"https:\/\/www.wcbidety2v1.cz\/index.php\/produkt\/wcbidet-2v1-sd3842\/\" \/>\n<meta property=\"og:locale\" content=\"cs_CZ\" \/>\n<meta property=\"og:type\" content=\"article\" \/>\n<meta property=\"og:title\" content=\"Kombi WC bidet 2v1 SD3842 s UNI odpadem Creavit - WC bidety 2v1\" \/>\n<meta property=\"og:description\" content=\"WC bidet se zabudovanou bidetovou tryskou SEDEF SD3842 ve zkr\u00e1cen\u00e9 verzi pro mal\u00e9 prostory. Zkr\u00e1cen\u00e1 je n\u00e1dr\u017eky, m\u00edsa ma standartn\u00ed rozm\u011bry.\" \/>\n<meta property=\"og:url\" content=\"https:\/\/www.wcbidety2v1.cz\/index.php\/produkt\/wcbidet-2v1-sd3842\/\" \/>\n<meta property=\"og:site_name\" content=\"WC bidety 2v1\" \/>\n<meta property=\"article:publisher\" content=\"https:\/\/www.facebook.com\/WC-bidety-2v1-105518807832290\/?modal=admin_todo_tour\" \/>\n<meta property=\"article:modified_time\" content=\"2023-10-30T08:26:14+00:00\" \/>\n<meta property=\"og:image\" content=\"https:\/\/www.wcbidety2v1.cz\/wp-content\/uploads\/2018\/07\/sd3842.png\" \/>\n\t<meta property=\"og:image:width\" content=\"1500\" \/>\n\t<meta property=\"og:image:height\" content=\"1500\" \/>\n\t<meta property=\"og:image:type\" content=\"image\/png\" \/>\n<meta name=\"twitter:card\" content=\"summary_large_image\" \/>\n<meta name=\"twitter:label1\" content=\"Odhadovan\u00e1 doba \u010dten\u00ed\" \/>\n\t<meta name=\"twitter:data1\" content=\"2 minuty\" \/>\n<script type=\"application\/ld+json\" class=\"yoast-schema-graph\">{\"@context\":\"https:\\\/\\\/schema.org\",\"@graph\":[{\"@type\":\"WebPage\",\"@id\":\"https:\\\/\\\/www.wcbidety2v1.cz\\\/index.php\\\/produkt\\\/wcbidet-2v1-sd3842\\\/\",\"url\":\"https:\\\/\\\/www.wcbidety2v1.cz\\\/index.php\\\/produkt\\\/wcbidet-2v1-sd3842\\\/\",\"name\":\"Kombi WC bidet 2v1 SD3842 s UNI odpadem Creavit - WC bidety 2v1\",\"isPartOf\":{\"@id\":\"https:\\\/\\\/www.wcbidety2v1.cz\\\/#website\"},\"primaryImageOfPage\":{\"@id\":\"https:\\\/\\\/www.wcbidety2v1.cz\\\/index.php\\\/produkt\\\/wcbidet-2v1-sd3842\\\/#primaryimage\"},\"image\":{\"@id\":\"https:\\\/\\\/www.wcbidety2v1.cz\\\/index.php\\\/produkt\\\/wcbidet-2v1-sd3842\\\/#primaryimage\"},\"thumbnailUrl\":\"https:\\\/\\\/www.wcbidety2v1.cz\\\/wp-content\\\/uploads\\\/2018\\\/07\\\/sd3842.png\",\"datePublished\":\"2018-07-18T06:48:58+00:00\",\"dateModified\":\"2023-10-30T08:26:14+00:00\",\"description\":\"WC bidet se zabudovanou bidetovou tryskou SEDEF SD3842 ve zkr\u00e1cen\u00e9 verzi pro mal\u00e9 prostory. Zkr\u00e1cen\u00e1 je n\u00e1dr\u017eky, m\u00edsa ma standartn\u00ed rozm\u011bry.\",\"breadcrumb\":{\"@id\":\"https:\\\/\\\/www.wcbidety2v1.cz\\\/index.php\\\/produkt\\\/wcbidet-2v1-sd3842\\\/#breadcrumb\"},\"inLanguage\":\"cs\",\"potentialAction\":[{\"@type\":\"ReadAction\",\"target\":[\"https:\\\/\\\/www.wcbidety2v1.cz\\\/index.php\\\/produkt\\\/wcbidet-2v1-sd3842\\\/\"]}]},{\"@type\":\"ImageObject\",\"inLanguage\":\"cs\",\"@id\":\"https:\\\/\\\/www.wcbidety2v1.cz\\\/index.php\\\/produkt\\\/wcbidet-2v1-sd3842\\\/#primaryimage\",\"url\":\"https:\\\/\\\/www.wcbidety2v1.cz\\\/wp-content\\\/uploads\\\/2018\\\/07\\\/sd3842.png\",\"contentUrl\":\"https:\\\/\\\/www.wcbidety2v1.cz\\\/wp-content\\\/uploads\\\/2018\\\/07\\\/sd3842.png\",\"width\":1500,\"height\":1500,\"caption\":\"wc bidet, wc s bidetem, wc a bidet\"},{\"@type\":\"BreadcrumbList\",\"@id\":\"https:\\\/\\\/www.wcbidety2v1.cz\\\/index.php\\\/produkt\\\/wcbidet-2v1-sd3842\\\/#breadcrumb\",\"itemListElement\":[{\"@type\":\"ListItem\",\"position\":1,\"name\":\"Dom\u016f\",\"item\":\"https:\\\/\\\/www.wcbidety2v1.cz\\\/\"},{\"@type\":\"ListItem\",\"position\":2,\"name\":\"Obchod\",\"item\":\"https:\\\/\\\/www.wcbidety2v1.cz\\\/index.php\\\/obchod\\\/\"},{\"@type\":\"ListItem\",\"position\":3,\"name\":\"Kombi WC bidet 2v1 SD3842 s UNI odpadem Creavit\"}]},{\"@type\":\"WebSite\",\"@id\":\"https:\\\/\\\/www.wcbidety2v1.cz\\\/#website\",\"url\":\"https:\\\/\\\/www.wcbidety2v1.cz\\\/\",\"name\":\"WC bidety 2v1 - WC bidet v jednom - bidetov\u00e1 tryska p\u0159\u00edmo v toalet\u011b\",\"description\":\"WC bidet v jednom, revolu\u010dn\u00ed propojen\u00ed wc a bidetu, bidetov\u00e1 tryska p\u0159\u00edmo v keramick\u00e9m l\u00edmci toalety.\",\"publisher\":{\"@id\":\"https:\\\/\\\/www.wcbidety2v1.cz\\\/#organization\"},\"potentialAction\":[{\"@type\":\"SearchAction\",\"target\":{\"@type\":\"EntryPoint\",\"urlTemplate\":\"https:\\\/\\\/www.wcbidety2v1.cz\\\/?s={search_term_string}\"},\"query-input\":{\"@type\":\"PropertyValueSpecification\",\"valueRequired\":true,\"valueName\":\"search_term_string\"}}],\"inLanguage\":\"cs\"},{\"@type\":\"Organization\",\"@id\":\"https:\\\/\\\/www.wcbidety2v1.cz\\\/#organization\",\"name\":\"ARCHADIE s.r.o.\",\"url\":\"https:\\\/\\\/www.wcbidety2v1.cz\\\/\",\"logo\":{\"@type\":\"ImageObject\",\"inLanguage\":\"cs\",\"@id\":\"https:\\\/\\\/www.wcbidety2v1.cz\\\/#\\\/schema\\\/logo\\\/image\\\/\",\"url\":\"https:\\\/\\\/www.wcbidety2v1.cz\\\/wp-content\\\/uploads\\\/2018\\\/06\\\/logo.png\",\"contentUrl\":\"https:\\\/\\\/www.wcbidety2v1.cz\\\/wp-content\\\/uploads\\\/2018\\\/06\\\/logo.png\",\"width\":140,\"height\":140,\"caption\":\"ARCHADIE s.r.o.\"},\"image\":{\"@id\":\"https:\\\/\\\/www.wcbidety2v1.cz\\\/#\\\/schema\\\/logo\\\/image\\\/\"},\"sameAs\":[\"https:\\\/\\\/www.facebook.com\\\/WC-bidety-2v1-105518807832290\\\/?modal=admin_todo_tour\",\"https:\\\/\\\/www.instagram.com\\\/wc_bidet_2v1\\\/\"]}]}<\/script>\n<!-- \/ Yoast SEO plugin. -->","yoast_head_json":{"title":"Kombi WC bidet 2v1 SD3842 s UNI odpadem Creavit - WC bidety 2v1","description":"WC bidet se zabudovanou bidetovou tryskou SEDEF SD3842 ve zkr\u00e1cen\u00e9 verzi pro mal\u00e9 prostory. Zkr\u00e1cen\u00e1 je n\u00e1dr\u017eky, m\u00edsa ma standartn\u00ed rozm\u011bry.","robots":{"index":"index","follow":"follow","max-snippet":"max-snippet:-1","max-image-preview":"max-image-preview:large","max-video-preview":"max-video-preview:-1"},"canonical":"https:\/\/www.wcbidety2v1.cz\/index.php\/produkt\/wcbidet-2v1-sd3842\/","og_locale":"cs_CZ","og_type":"article","og_title":"Kombi WC bidet 2v1 SD3842 s UNI odpadem Creavit - WC bidety 2v1","og_description":"WC bidet se zabudovanou bidetovou tryskou SEDEF SD3842 ve zkr\u00e1cen\u00e9 verzi pro mal\u00e9 prostory. Zkr\u00e1cen\u00e1 je n\u00e1dr\u017eky, m\u00edsa ma standartn\u00ed rozm\u011bry.","og_url":"https:\/\/www.wcbidety2v1.cz\/index.php\/produkt\/wcbidet-2v1-sd3842\/","og_site_name":"WC bidety 2v1","article_publisher":"https:\/\/www.facebook.com\/WC-bidety-2v1-105518807832290\/?modal=admin_todo_tour","article_modified_time":"2023-10-30T08:26:14+00:00","og_image":[{"width":1500,"height":1500,"url":"https:\/\/www.wcbidety2v1.cz\/wp-content\/uploads\/2018\/07\/sd3842.png","type":"image\/png"}],"twitter_card":"summary_large_image","twitter_misc":{"Odhadovan\u00e1 doba \u010dten\u00ed":"2 minuty"},"schema":{"@context":"https:\/\/schema.org","@graph":[{"@type":"WebPage","@id":"https:\/\/www.wcbidety2v1.cz\/index.php\/produkt\/wcbidet-2v1-sd3842\/","url":"https:\/\/www.wcbidety2v1.cz\/index.php\/produkt\/wcbidet-2v1-sd3842\/","name":"Kombi WC bidet 2v1 SD3842 s UNI odpadem Creavit - WC bidety 2v1","isPartOf":{"@id":"https:\/\/www.wcbidety2v1.cz\/#website"},"primaryImageOfPage":{"@id":"https:\/\/www.wcbidety2v1.cz\/index.php\/produkt\/wcbidet-2v1-sd3842\/#primaryimage"},"image":{"@id":"https:\/\/www.wcbidety2v1.cz\/index.php\/produkt\/wcbidet-2v1-sd3842\/#primaryimage"},"thumbnailUrl":"https:\/\/www.wcbidety2v1.cz\/wp-content\/uploads\/2018\/07\/sd3842.png","datePublished":"2018-07-18T06:48:58+00:00","dateModified":"2023-10-30T08:26:14+00:00","description":"WC bidet se zabudovanou bidetovou tryskou SEDEF SD3842 ve zkr\u00e1cen\u00e9 verzi pro mal\u00e9 prostory. Zkr\u00e1cen\u00e1 je n\u00e1dr\u017eky, m\u00edsa ma standartn\u00ed rozm\u011bry.","breadcrumb":{"@id":"https:\/\/www.wcbidety2v1.cz\/index.php\/produkt\/wcbidet-2v1-sd3842\/#breadcrumb"},"inLanguage":"cs","potentialAction":[{"@type":"ReadAction","target":["https:\/\/www.wcbidety2v1.cz\/index.php\/produkt\/wcbidet-2v1-sd3842\/"]}]},{"@type":"ImageObject","inLanguage":"cs","@id":"https:\/\/www.wcbidety2v1.cz\/index.php\/produkt\/wcbidet-2v1-sd3842\/#primaryimage","url":"https:\/\/www.wcbidety2v1.cz\/wp-content\/uploads\/2018\/07\/sd3842.png","contentUrl":"https:\/\/www.wcbidety2v1.cz\/wp-content\/uploads\/2018\/07\/sd3842.png","width":1500,"height":1500,"caption":"wc bidet, wc s bidetem, wc a bidet"},{"@type":"BreadcrumbList","@id":"https:\/\/www.wcbidety2v1.cz\/index.php\/produkt\/wcbidet-2v1-sd3842\/#breadcrumb","itemListElement":[{"@type":"ListItem","position":1,"name":"Dom\u016f","item":"https:\/\/www.wcbidety2v1.cz\/"},{"@type":"ListItem","position":2,"name":"Obchod","item":"https:\/\/www.wcbidety2v1.cz\/index.php\/obchod\/"},{"@type":"ListItem","position":3,"name":"Kombi WC bidet 2v1 SD3842 s UNI odpadem Creavit"}]},{"@type":"WebSite","@id":"https:\/\/www.wcbidety2v1.cz\/#website","url":"https:\/\/www.wcbidety2v1.cz\/","name":"WC bidety 2v1 - WC bidet v jednom - bidetov\u00e1 tryska p\u0159\u00edmo v toalet\u011b","description":"WC bidet v jednom, revolu\u010dn\u00ed propojen\u00ed wc a bidetu, bidetov\u00e1 tryska p\u0159\u00edmo v keramick\u00e9m l\u00edmci toalety.","publisher":{"@id":"https:\/\/www.wcbidety2v1.cz\/#organization"},"potentialAction":[{"@type":"SearchAction","target":{"@type":"EntryPoint","urlTemplate":"https:\/\/www.wcbidety2v1.cz\/?s={search_term_string}"},"query-input":{"@type":"PropertyValueSpecification","valueRequired":true,"valueName":"search_term_string"}}],"inLanguage":"cs"},{"@type":"Organization","@id":"https:\/\/www.wcbidety2v1.cz\/#organization","name":"ARCHADIE s.r.o.","url":"https:\/\/www.wcbidety2v1.cz\/","logo":{"@type":"ImageObject","inLanguage":"cs","@id":"https:\/\/www.wcbidety2v1.cz\/#\/schema\/logo\/image\/","url":"https:\/\/www.wcbidety2v1.cz\/wp-content\/uploads\/2018\/06\/logo.png","contentUrl":"https:\/\/www.wcbidety2v1.cz\/wp-content\/uploads\/2018\/06\/logo.png","width":140,"height":140,"caption":"ARCHADIE s.r.o."},"image":{"@id":"https:\/\/www.wcbidety2v1.cz\/#\/schema\/logo\/image\/"},"sameAs":["https:\/\/www.facebook.com\/WC-bidety-2v1-105518807832290\/?modal=admin_todo_tour","https:\/\/www.instagram.com\/wc_bidet_2v1\/"]}]}},"jetpack_publicize_connections":[],"jetpack_sharing_enabled":true,"_links":{"self":[{"href":"https:\/\/www.wcbidety2v1.cz\/index.php\/wp-json\/wp\/v2\/product\/157","targetHints":{"allow":["GET"]}}],"collection":[{"href":"https:\/\/www.wcbidety2v1.cz\/index.php\/wp-json\/wp\/v2\/product"}],"about":[{"href":"https:\/\/www.wcbidety2v1.cz\/index.php\/wp-json\/wp\/v2\/types\/product"}],"wp:featuredmedia":[{"embeddable":true,"href":"https:\/\/www.wcbidety2v1.cz\/index.php\/wp-json\/wp\/v2\/media\/360"}],"wp:attachment":[{"href":"https:\/\/www.wcbidety2v1.cz\/index.php\/wp-json\/wp\/v2\/media?parent=157"}],"wp:term":[{"taxonomy":"product_brand","embeddable":true,"href":"https:\/\/www.wcbidety2v1.cz\/index.php\/wp-json\/wp\/v2\/product_brand?post=157"},{"taxonomy":"product_cat","embeddable":true,"href":"https:\/\/www.wcbidety2v1.cz\/index.php\/wp-json\/wp\/v2\/product_cat?post=157"},{"taxonomy":"product_tag","embeddable":true,"href":"https:\/\/www.wcbidety2v1.cz\/index.php\/wp-json\/wp\/v2\/product_tag?post=157"}],"curies":[{"name":"wp","href":"https:\/\/api.w.org\/{rel}","templated":true}]}}