{"id":3327,"date":"2020-07-05T13:03:25","date_gmt":"2020-07-05T13:03:25","guid":{"rendered":"http:\/\/www.wcbidety2v1.cz\/index.php\/subscription-settings\/"},"modified":"2020-07-05T13:03:25","modified_gmt":"2020-07-05T13:03:25","slug":"subscription-settings","status":"publish","type":"page","link":"https:\/\/www.wcbidety2v1.cz\/index.php\/subscription-settings\/","title":{"rendered":"Subscription Settings"},"content":{"rendered":"<p>[supsystic-subscribers-page]<\/p>\n","protected":false},"excerpt":{"rendered":"<p>[supsystic-subscribers-page]<\/p>\n","protected":false},"author":1,"featured_media":0,"parent":0,"menu_order":0,"comment_status":"closed","ping_status":"closed","template":"","meta":{"_et_pb_use_builder":"","_et_pb_old_content":"","_et_gb_content_width":"","jetpack_post_was_ever_published":false,"footnotes":""},"class_list":["post-3327","page","type-page","status-publish","hentry"],"yoast_head":"<!-- This site is optimized with the Yoast SEO plugin v27.4 - https:\/\/yoast.com\/product\/yoast-seo-wordpress\/ -->\n<title>Subscription Settings - WC bidety 2v1<\/title>\n<meta name=\"robots\" content=\"index, follow, max-snippet:-1, max-image-preview:large, max-video-preview:-1\" \/>\n<link rel=\"canonical\" href=\"https:\/\/www.wcbidety2v1.cz\/index.php\/subscription-settings\/\" \/>\n<meta property=\"og:locale\" content=\"cs_CZ\" \/>\n<meta property=\"og:type\" content=\"article\" \/>\n<meta property=\"og:title\" content=\"Subscription Settings - WC bidety 2v1\" \/>\n<meta property=\"og:description\" content=\"[supsystic-subscribers-page]\" \/>\n<meta property=\"og:url\" content=\"https:\/\/www.wcbidety2v1.cz\/index.php\/subscription-settings\/\" \/>\n<meta property=\"og:site_name\" content=\"WC bidety 2v1\" \/>\n<meta property=\"article:publisher\" content=\"https:\/\/www.facebook.com\/WC-bidety-2v1-105518807832290\/?modal=admin_todo_tour\" \/>\n<meta name=\"twitter:card\" content=\"summary_large_image\" \/>\n<script type=\"application\/ld+json\" class=\"yoast-schema-graph\">{\"@context\":\"https:\\\/\\\/schema.org\",\"@graph\":[{\"@type\":\"WebPage\",\"@id\":\"https:\\\/\\\/www.wcbidety2v1.cz\\\/index.php\\\/subscription-settings\\\/\",\"url\":\"https:\\\/\\\/www.wcbidety2v1.cz\\\/index.php\\\/subscription-settings\\\/\",\"name\":\"Subscription Settings - WC bidety 2v1\",\"isPartOf\":{\"@id\":\"https:\\\/\\\/www.wcbidety2v1.cz\\\/#website\"},\"datePublished\":\"2020-07-05T13:03:25+00:00\",\"breadcrumb\":{\"@id\":\"https:\\\/\\\/www.wcbidety2v1.cz\\\/index.php\\\/subscription-settings\\\/#breadcrumb\"},\"inLanguage\":\"cs\",\"potentialAction\":[{\"@type\":\"ReadAction\",\"target\":[\"https:\\\/\\\/www.wcbidety2v1.cz\\\/index.php\\\/subscription-settings\\\/\"]}]},{\"@type\":\"BreadcrumbList\",\"@id\":\"https:\\\/\\\/www.wcbidety2v1.cz\\\/index.php\\\/subscription-settings\\\/#breadcrumb\",\"itemListElement\":[{\"@type\":\"ListItem\",\"position\":1,\"name\":\"Dom\u016f\",\"item\":\"https:\\\/\\\/www.wcbidety2v1.cz\\\/\"},{\"@type\":\"ListItem\",\"position\":2,\"name\":\"Subscription Settings\"}]},{\"@type\":\"WebSite\",\"@id\":\"https:\\\/\\\/www.wcbidety2v1.cz\\\/#website\",\"url\":\"https:\\\/\\\/www.wcbidety2v1.cz\\\/\",\"name\":\"WC bidety 2v1 - WC bidet v jednom - bidetov\u00e1 tryska p\u0159\u00edmo v toalet\u011b\",\"description\":\"WC bidet v jednom, revolu\u010dn\u00ed propojen\u00ed wc a bidetu, bidetov\u00e1 tryska p\u0159\u00edmo v keramick\u00e9m l\u00edmci toalety.\",\"publisher\":{\"@id\":\"https:\\\/\\\/www.wcbidety2v1.cz\\\/#organization\"},\"potentialAction\":[{\"@type\":\"SearchAction\",\"target\":{\"@type\":\"EntryPoint\",\"urlTemplate\":\"https:\\\/\\\/www.wcbidety2v1.cz\\\/?s={search_term_string}\"},\"query-input\":{\"@type\":\"PropertyValueSpecification\",\"valueRequired\":true,\"valueName\":\"search_term_string\"}}],\"inLanguage\":\"cs\"},{\"@type\":\"Organization\",\"@id\":\"https:\\\/\\\/www.wcbidety2v1.cz\\\/#organization\",\"name\":\"ARCHADIE s.r.o.\",\"url\":\"https:\\\/\\\/www.wcbidety2v1.cz\\\/\",\"logo\":{\"@type\":\"ImageObject\",\"inLanguage\":\"cs\",\"@id\":\"https:\\\/\\\/www.wcbidety2v1.cz\\\/#\\\/schema\\\/logo\\\/image\\\/\",\"url\":\"https:\\\/\\\/www.wcbidety2v1.cz\\\/wp-content\\\/uploads\\\/2018\\\/06\\\/logo.png\",\"contentUrl\":\"https:\\\/\\\/www.wcbidety2v1.cz\\\/wp-content\\\/uploads\\\/2018\\\/06\\\/logo.png\",\"width\":140,\"height\":140,\"caption\":\"ARCHADIE s.r.o.\"},\"image\":{\"@id\":\"https:\\\/\\\/www.wcbidety2v1.cz\\\/#\\\/schema\\\/logo\\\/image\\\/\"},\"sameAs\":[\"https:\\\/\\\/www.facebook.com\\\/WC-bidety-2v1-105518807832290\\\/?modal=admin_todo_tour\",\"https:\\\/\\\/www.instagram.com\\\/wc_bidet_2v1\\\/\"]}]}<\/script>\n<!-- \/ Yoast SEO plugin. -->","yoast_head_json":{"title":"Subscription Settings - WC bidety 2v1","robots":{"index":"index","follow":"follow","max-snippet":"max-snippet:-1","max-image-preview":"max-image-preview:large","max-video-preview":"max-video-preview:-1"},"canonical":"https:\/\/www.wcbidety2v1.cz\/index.php\/subscription-settings\/","og_locale":"cs_CZ","og_type":"article","og_title":"Subscription Settings - WC bidety 2v1","og_description":"[supsystic-subscribers-page]","og_url":"https:\/\/www.wcbidety2v1.cz\/index.php\/subscription-settings\/","og_site_name":"WC bidety 2v1","article_publisher":"https:\/\/www.facebook.com\/WC-bidety-2v1-105518807832290\/?modal=admin_todo_tour","twitter_card":"summary_large_image","schema":{"@context":"https:\/\/schema.org","@graph":[{"@type":"WebPage","@id":"https:\/\/www.wcbidety2v1.cz\/index.php\/subscription-settings\/","url":"https:\/\/www.wcbidety2v1.cz\/index.php\/subscription-settings\/","name":"Subscription Settings - WC bidety 2v1","isPartOf":{"@id":"https:\/\/www.wcbidety2v1.cz\/#website"},"datePublished":"2020-07-05T13:03:25+00:00","breadcrumb":{"@id":"https:\/\/www.wcbidety2v1.cz\/index.php\/subscription-settings\/#breadcrumb"},"inLanguage":"cs","potentialAction":[{"@type":"ReadAction","target":["https:\/\/www.wcbidety2v1.cz\/index.php\/subscription-settings\/"]}]},{"@type":"BreadcrumbList","@id":"https:\/\/www.wcbidety2v1.cz\/index.php\/subscription-settings\/#breadcrumb","itemListElement":[{"@type":"ListItem","position":1,"name":"Dom\u016f","item":"https:\/\/www.wcbidety2v1.cz\/"},{"@type":"ListItem","position":2,"name":"Subscription Settings"}]},{"@type":"WebSite","@id":"https:\/\/www.wcbidety2v1.cz\/#website","url":"https:\/\/www.wcbidety2v1.cz\/","name":"WC bidety 2v1 - WC bidet v jednom - bidetov\u00e1 tryska p\u0159\u00edmo v toalet\u011b","description":"WC bidet v jednom, revolu\u010dn\u00ed propojen\u00ed wc a bidetu, bidetov\u00e1 tryska p\u0159\u00edmo v keramick\u00e9m l\u00edmci toalety.","publisher":{"@id":"https:\/\/www.wcbidety2v1.cz\/#organization"},"potentialAction":[{"@type":"SearchAction","target":{"@type":"EntryPoint","urlTemplate":"https:\/\/www.wcbidety2v1.cz\/?s={search_term_string}"},"query-input":{"@type":"PropertyValueSpecification","valueRequired":true,"valueName":"search_term_string"}}],"inLanguage":"cs"},{"@type":"Organization","@id":"https:\/\/www.wcbidety2v1.cz\/#organization","name":"ARCHADIE s.r.o.","url":"https:\/\/www.wcbidety2v1.cz\/","logo":{"@type":"ImageObject","inLanguage":"cs","@id":"https:\/\/www.wcbidety2v1.cz\/#\/schema\/logo\/image\/","url":"https:\/\/www.wcbidety2v1.cz\/wp-content\/uploads\/2018\/06\/logo.png","contentUrl":"https:\/\/www.wcbidety2v1.cz\/wp-content\/uploads\/2018\/06\/logo.png","width":140,"height":140,"caption":"ARCHADIE s.r.o."},"image":{"@id":"https:\/\/www.wcbidety2v1.cz\/#\/schema\/logo\/image\/"},"sameAs":["https:\/\/www.facebook.com\/WC-bidety-2v1-105518807832290\/?modal=admin_todo_tour","https:\/\/www.instagram.com\/wc_bidet_2v1\/"]}]}},"jetpack_sharing_enabled":true,"jetpack_shortlink":"https:\/\/wp.me\/P9Ptim-RF","_links":{"self":[{"href":"https:\/\/www.wcbidety2v1.cz\/index.php\/wp-json\/wp\/v2\/pages\/3327","targetHints":{"allow":["GET"]}}],"collection":[{"href":"https:\/\/www.wcbidety2v1.cz\/index.php\/wp-json\/wp\/v2\/pages"}],"about":[{"href":"https:\/\/www.wcbidety2v1.cz\/index.php\/wp-json\/wp\/v2\/types\/page"}],"author":[{"embeddable":true,"href":"https:\/\/www.wcbidety2v1.cz\/index.php\/wp-json\/wp\/v2\/users\/1"}],"replies":[{"embeddable":true,"href":"https:\/\/www.wcbidety2v1.cz\/index.php\/wp-json\/wp\/v2\/comments?post=3327"}],"version-history":[{"count":0,"href":"https:\/\/www.wcbidety2v1.cz\/index.php\/wp-json\/wp\/v2\/pages\/3327\/revisions"}],"wp:attachment":[{"href":"https:\/\/www.wcbidety2v1.cz\/index.php\/wp-json\/wp\/v2\/media?parent=3327"}],"curies":[{"name":"wp","href":"https:\/\/api.w.org\/{rel}","templated":true}]}}