{"id":217,"date":"2018-07-27T08:36:19","date_gmt":"2018-07-27T08:36:19","guid":{"rendered":"http:\/\/www.wcbidety2v1.cz\/?page_id=217"},"modified":"2022-09-21T06:32:12","modified_gmt":"2022-09-21T06:32:12","slug":"obchodni-podminky","status":"publish","type":"page","link":"https:\/\/www.wcbidety2v1.cz\/index.php\/obchodni-podminky\/","title":{"rendered":"Obchodn\u00ed podm\u00ednky"},"content":{"rendered":"<p><strong>1) V\u0160EOBECN\u00c1 USTANOVEN\u00cd<\/strong><\/p>\n<p>Kupuj\u00edc\u00ed u\u010din\u011bn\u00edm z\u00e1vazn\u00e9 objedn\u00e1vky stvrzuje, \u017ee akceptuje Obchodn\u00ed podm\u00ednky pro dod\u00e1vku zbo\u017e\u00ed vyhl\u00e1\u0161en\u00e9 prod\u00e1vaj\u00edc\u00edm. Vztahy mezi kupuj\u00edc\u00edm a prod\u00e1vaj\u00edc\u00edm se \u0159\u00edd\u00ed t\u011bmito obchodn\u00edmi podm\u00ednkami, kter\u00e9 jsou z\u00e1rove\u0148 pro ob\u011b strany z\u00e1vazn\u00e9.<\/p>\n<p><strong>2) OBJEDN\u00c1N\u00cd ZBO\u017d\u00cd A SLU\u017dEB<\/strong><strong>\u00a0<\/strong><\/p>\n<p>Nab\u00edz\u00edme v\u00e1m mo\u017enost n\u00e1kupu p\u0159\u00edmo z Va\u0161eho domova, kde m\u016f\u017eete nakupovat nonstop. Objedn\u00e1vat si m\u016f\u017eete jednodu\u0161e a pohodln\u011b pomoc\u00ed e-shopu, \u010di e-mailu.<br \/>\nP\u0159edm\u011btem smlouvy je pouze zbo\u017e\u00ed uveden\u00e9 v kupn\u00ed smlouv\u011b \u2013 objedn\u00e1vce.<br \/>\nZavazujeme se, \u017ee sv\u00fdm odb\u011bratel\u016fm budeme dod\u00e1vat jen zbo\u017e\u00ed v perfektn\u00edm stavu a v souladu se specifikacemi \u010di vlastnostmi obvykl\u00fdmi pro dan\u00fd druh zbo\u017e\u00ed vyhovuj\u00edc\u00edch dan\u00fdm norm\u00e1m, p\u0159edpis\u016fm a na\u0159\u00edzen\u00edm platn\u00fdm na \u00fazem\u00ed \u010cesk\u00e9 republiky.<br \/>\nPodm\u00ednkou pro napln\u011bn\u00ed platnosti na\u0161\u00ed elektronick\u00e9 objedn\u00e1vky je vypln\u011bn\u00ed ve\u0161ker\u00fdch po\u017eadovan\u00fdch \u00fadaj\u016f a n\u00e1le\u017eitost\u00ed uveden\u00fdch v objedn\u00e1vkov\u00e9m formul\u00e1\u0159i. Objedn\u00e1vka je z\u00e1rove\u0148 n\u00e1vrhem kupn\u00ed smlouvy, kdy samotn\u00e1 kupn\u00ed smlouva posl\u00e9ze vznik\u00e1 samotn\u00fdm dod\u00e1n\u00edm zbo\u017e\u00ed. K uzav\u0159en\u00ed kupn\u00ed smlouvy se vy\u017eaduje form\u00e1ln\u00ed potvrzen\u00ed objedn\u00e1vky prod\u00e1vaj\u00edc\u00edm.<\/p>\n<p>Platba je mo\u017en\u00e1 na dob\u00edrku (p\u0159\u00edpadn\u011b v hotovosti p\u0159i osobn\u00edm odb\u011bru nebo p\u0159edem bankovn\u00edm p\u0159evodem na z\u00e1klad\u011b proforma faktury, kter\u00e1 v\u00e1m p\u0159ijde na e-mail. \u010c\u00edslo \u00fa\u010dtu je 2501656314\/2010.<\/p>\n<p><strong>3) POTVRZEN\u00cd OBJEDN\u00c1VKY<\/strong><strong>\u00a0<\/strong><\/p>\n<p>Objedn\u00e1vka je p\u0159ijata do 24 hodin, potvrzen\u00ed objedn\u00e1vky v\u00e1m za\u0161leme e-mailem, o odesl\u00e1n\u00ed budete takt\u00e9\u017e informov\u00e1ni e-mailem. V p\u0159\u00edpad\u011b nejasnost\u00ed V\u00e1s budeme samoz\u0159ejm\u011b kontaktovat.<\/p>\n<p><strong>4) ZRU\u0160EN\u00cd OBJEDN\u00c1VKY<\/strong><strong>\u00a0<\/strong><\/p>\n<p>Ka\u017edou objedn\u00e1vku m\u016f\u017eete zru\u0161it nejd\u00e9le n\u00e1sleduj\u00edc\u00ed den po jej\u00edm odesl\u00e1n\u00ed a to telefonicky, \u010di e-mailem a to bez ud\u00e1n\u00ed d\u016fvodu. Sta\u010d\u00ed uv\u00e9st jm\u00e9no, e-mail a popis objednan\u00e9ho zbo\u017e\u00ed \u010di slu\u017eby.<\/p>\n<p><strong>5) NEP\u0158EVZET\u00cd ZBO\u017d\u00cd<\/strong><\/p>\n<p>Z\u00e1kazn\u00edk je povinn\u00fd si objednan\u00e9 zbo\u017e\u00ed p\u0159evz\u00edt od doru\u010dovatele p\u0159\u00edpadn\u011b si dohodnout n\u00e1hradn\u00ed term\u00edn p\u0159evzet\u00ed.<\/p>\n<p><strong>6) BALN\u00c9 A PO\u0160TOVN\u00c9<\/strong><strong>\u00a0<\/strong><\/p>\n<p>Objedn\u00e1vka do 4.000,- K\u010d je zpoplatn\u011bna na dopravn\u00e9m a baln\u00e9m \u010d\u00e1stkou 200,- K\u010d.<\/p>\n<p>P\u0159i objedn\u00e1vce nad 4.000,- K\u010d je doprava ZDARMA! po \u010cR.<\/p>\n<p>nebo je po mo\u017en\u00e9 vyu\u017e\u00edt osobn\u00ed odb\u011br (po domluv\u011b term\u00ednu)\u00a0ve skadu v Sob\u011bslavi.<\/p>\n<p><strong>7) DODAC\u00cd LH\u016eTA<\/strong><strong>\u00a0<\/strong><\/p>\n<p>1.Dodac\u00ed lh\u016fta do 3. pracovn\u00edch dn\u00ed. V p\u0159\u00edpad\u011b, \u017ee n\u011bkter\u00e9 zbo\u017e\u00ed nebude skladem, budeme V\u00e1s neprodlen\u011b kontaktovat.<\/p>\n<p><strong>8) V\u00ddM\u011aNA ZBO\u017d\u00cd<\/strong><strong>\u00a0<\/strong><\/p>\n<p>V p\u0159\u00edpad\u011b pot\u0159eby V\u00e1m nepou\u017eit\u00e9 a nepo\u0161kozen\u00e9 zbo\u017e\u00ed vym\u011bn\u00edme za jin\u00fd druh.<\/p>\n<p><strong>9) REKLAMACE A Z\u00c1RUKA<\/strong><strong>\u00a0<\/strong><\/p>\n<p>P\u0159\u00edpadn\u00e9 reklamace vy\u0159\u00edd\u00edme k Va\u0161\u00ed spokojenosti individu\u00e1ln\u00ed dohodou s V\u00e1mi a v souladu s platn\u00fdm pr\u00e1vn\u00edm \u0159\u00e1dem. Kupuj\u00edc\u00ed je povinen zbo\u017e\u00ed po jeho p\u0159evzet\u00ed prohl\u00e9dnout ihned a p\u0159\u00edpadn\u00e9 rozbit\u00e9 zbo\u017e\u00ed nep\u0159eb\u00edrat od p\u0159epravn\u00ed spole\u010dnosti. P\u0159evzet\u00edm z\u00e1silky od p\u0159epravce p\u0159eb\u00edr\u00e1te zodpov\u011bdnost za zbo\u017e\u00ed.<\/p>\n<p>V p\u0159\u00edpad\u011b, \u017ee je zbo\u017e\u00ed po\u0161kozeno zbo\u017e\u00ed nepos\u00edlejte zp\u00e1tky. P\u0159i v\u00fdm\u011bn\u011b zbo\u017e\u00ed si jej odveze p\u0159epravn\u00ed firma.<\/p>\n<p>Na ve\u0161ker\u00e9 zbo\u017e\u00ed se vztahuje z\u00e1konn\u00e1 lh\u016fta 24 m\u011bs\u00edc\u016f, pokud nen\u00ed uvedeno jinak. Z\u00e1ruka se vztahuje pouze na v\u00fdrobn\u00ed vady.\u00a0U n\u00e1s je mo\u017en\u00e9 uplatnit 12-ti letou z\u00e1ruku na keramiku.<\/p>\n<p>Z\u00e1ruka se nevztahuje na:<\/p>\n<p>a) vady vznikl\u00e9 b\u011b\u017en\u00fdm pou\u017e\u00edv\u00e1n\u00edm<br \/>\nb) nespr\u00e1vn\u00fdm pou\u017eit\u00edm v\u00fdrobku<br \/>\nc) nespr\u00e1vn\u00fdm skladov\u00e1n\u00edm<\/p>\n<p>Va\u0161i reklamaci vy\u0159\u00edd\u00edme co nejrychleji, nejpozd\u011bji do 30 dn\u016f od jej\u00edho vzniku, tedy p\u0159evzet\u00ed zbo\u017e\u00ed na\u0161\u00ed firmou.<\/p>\n<p>N\u00e1kupem d\u00e1v\u00e1 kupuj\u00edc\u00ed souhlas se zas\u00edl\u00e1m obchodn\u00edch sd\u011blen\u00ed a novinek. Z tohoto odb\u011bru se m\u016f\u017ee kdykoliv odhl\u00e1sit.<\/p>\n<p>Z\u00e1kony a p\u0159edpisy:<\/p>\n<p>&#8211;\u00a0\u00a0\u00a0\u00a0\u00a0\u00a0\u00a0\u00a0 z\u00e1k. \u010d. 455\/1991 Sb., o \u017eivnostensk\u00e9m podnik\u00e1n\u00ed<br \/>\n&#8211;\u00a0\u00a0\u00a0\u00a0\u00a0\u00a0\u00a0\u00a0 z\u00e1k. \u010d. 101\/2000 Sb. o ochran\u011b osobn\u00edch \u00fadaj\u016f<\/p>\n","protected":false},"excerpt":{"rendered":"<p>1) V\u0160EOBECN\u00c1 USTANOVEN\u00cd Kupuj\u00edc\u00ed u\u010din\u011bn\u00edm z\u00e1vazn\u00e9 objedn\u00e1vky stvrzuje, \u017ee akceptuje Obchodn\u00ed podm\u00ednky pro dod\u00e1vku zbo\u017e\u00ed vyhl\u00e1\u0161en\u00e9 prod\u00e1vaj\u00edc\u00edm. Vztahy mezi kupuj\u00edc\u00edm a prod\u00e1vaj\u00edc\u00edm se \u0159\u00edd\u00ed t\u011bmito obchodn\u00edmi podm\u00ednkami, kter\u00e9 jsou z\u00e1rove\u0148 pro ob\u011b strany z\u00e1vazn\u00e9. 2) OBJEDN\u00c1N\u00cd ZBO\u017d\u00cd A SLU\u017dEB\u00a0 Nab\u00edz\u00edme v\u00e1m mo\u017enost n\u00e1kupu p\u0159\u00edmo z Va\u0161eho domova, kde m\u016f\u017eete nakupovat nonstop. Objedn\u00e1vat si m\u016f\u017eete jednodu\u0161e [&hellip;]<\/p>\n","protected":false},"author":1,"featured_media":0,"parent":0,"menu_order":0,"comment_status":"closed","ping_status":"closed","template":"","meta":{"_et_pb_use_builder":"","_et_pb_old_content":"","_et_gb_content_width":"","jetpack_post_was_ever_published":false,"footnotes":""},"class_list":["post-217","page","type-page","status-publish","hentry"],"yoast_head":"<!-- This site is optimized with the Yoast SEO plugin v27.4 - https:\/\/yoast.com\/product\/yoast-seo-wordpress\/ -->\n<title>Obchodn\u00ed podm\u00ednky - WC bidety 2v1<\/title>\n<meta name=\"description\" content=\"WC bidet je kombinac\u00ed WC a bidetu v jednom. Bidetov\u00e1 tryska je zabudov\u00e1na p\u0159\u00edmo v toalet\u011b. \u00dasporn\u00e9 \u0159e\u0161en\u00ed int\u00edmn\u00ed hygieny vhodn\u00e9 pro mu\u017ee, \u017eeny i d\u011bti.\" \/>\n<meta name=\"robots\" content=\"index, follow, max-snippet:-1, max-image-preview:large, max-video-preview:-1\" \/>\n<link rel=\"canonical\" href=\"https:\/\/www.wcbidety2v1.cz\/index.php\/obchodni-podminky\/\" \/>\n<meta property=\"og:locale\" content=\"cs_CZ\" \/>\n<meta property=\"og:type\" content=\"article\" \/>\n<meta property=\"og:title\" content=\"Obchodn\u00ed podm\u00ednky - WC bidety 2v1\" \/>\n<meta property=\"og:description\" content=\"WC bidet je kombinac\u00ed WC a bidetu v jednom. Bidetov\u00e1 tryska je zabudov\u00e1na p\u0159\u00edmo v toalet\u011b. \u00dasporn\u00e9 \u0159e\u0161en\u00ed int\u00edmn\u00ed hygieny vhodn\u00e9 pro mu\u017ee, \u017eeny i d\u011bti.\" \/>\n<meta property=\"og:url\" content=\"https:\/\/www.wcbidety2v1.cz\/index.php\/obchodni-podminky\/\" \/>\n<meta property=\"og:site_name\" content=\"WC bidety 2v1\" \/>\n<meta property=\"article:publisher\" content=\"https:\/\/www.facebook.com\/WC-bidety-2v1-105518807832290\/?modal=admin_todo_tour\" \/>\n<meta property=\"article:modified_time\" content=\"2022-09-21T06:32:12+00:00\" \/>\n<meta name=\"twitter:card\" content=\"summary_large_image\" \/>\n<meta name=\"twitter:label1\" content=\"Odhadovan\u00e1 doba \u010dten\u00ed\" \/>\n\t<meta name=\"twitter:data1\" content=\"3 minuty\" \/>\n<script type=\"application\/ld+json\" class=\"yoast-schema-graph\">{\"@context\":\"https:\\\/\\\/schema.org\",\"@graph\":[{\"@type\":\"WebPage\",\"@id\":\"https:\\\/\\\/www.wcbidety2v1.cz\\\/index.php\\\/obchodni-podminky\\\/\",\"url\":\"https:\\\/\\\/www.wcbidety2v1.cz\\\/index.php\\\/obchodni-podminky\\\/\",\"name\":\"Obchodn\u00ed podm\u00ednky - WC bidety 2v1\",\"isPartOf\":{\"@id\":\"https:\\\/\\\/www.wcbidety2v1.cz\\\/#website\"},\"datePublished\":\"2018-07-27T08:36:19+00:00\",\"dateModified\":\"2022-09-21T06:32:12+00:00\",\"description\":\"WC bidet je kombinac\u00ed WC a bidetu v jednom. Bidetov\u00e1 tryska je zabudov\u00e1na p\u0159\u00edmo v toalet\u011b. \u00dasporn\u00e9 \u0159e\u0161en\u00ed int\u00edmn\u00ed hygieny vhodn\u00e9 pro mu\u017ee, \u017eeny i d\u011bti.\",\"breadcrumb\":{\"@id\":\"https:\\\/\\\/www.wcbidety2v1.cz\\\/index.php\\\/obchodni-podminky\\\/#breadcrumb\"},\"inLanguage\":\"cs\",\"potentialAction\":[{\"@type\":\"ReadAction\",\"target\":[\"https:\\\/\\\/www.wcbidety2v1.cz\\\/index.php\\\/obchodni-podminky\\\/\"]}]},{\"@type\":\"BreadcrumbList\",\"@id\":\"https:\\\/\\\/www.wcbidety2v1.cz\\\/index.php\\\/obchodni-podminky\\\/#breadcrumb\",\"itemListElement\":[{\"@type\":\"ListItem\",\"position\":1,\"name\":\"Dom\u016f\",\"item\":\"https:\\\/\\\/www.wcbidety2v1.cz\\\/\"},{\"@type\":\"ListItem\",\"position\":2,\"name\":\"Obchodn\u00ed podm\u00ednky\"}]},{\"@type\":\"WebSite\",\"@id\":\"https:\\\/\\\/www.wcbidety2v1.cz\\\/#website\",\"url\":\"https:\\\/\\\/www.wcbidety2v1.cz\\\/\",\"name\":\"WC bidety 2v1 - WC bidet v jednom - bidetov\u00e1 tryska p\u0159\u00edmo v toalet\u011b\",\"description\":\"WC bidet v jednom, revolu\u010dn\u00ed propojen\u00ed wc a bidetu, bidetov\u00e1 tryska p\u0159\u00edmo v keramick\u00e9m l\u00edmci toalety.\",\"publisher\":{\"@id\":\"https:\\\/\\\/www.wcbidety2v1.cz\\\/#organization\"},\"potentialAction\":[{\"@type\":\"SearchAction\",\"target\":{\"@type\":\"EntryPoint\",\"urlTemplate\":\"https:\\\/\\\/www.wcbidety2v1.cz\\\/?s={search_term_string}\"},\"query-input\":{\"@type\":\"PropertyValueSpecification\",\"valueRequired\":true,\"valueName\":\"search_term_string\"}}],\"inLanguage\":\"cs\"},{\"@type\":\"Organization\",\"@id\":\"https:\\\/\\\/www.wcbidety2v1.cz\\\/#organization\",\"name\":\"ARCHADIE s.r.o.\",\"url\":\"https:\\\/\\\/www.wcbidety2v1.cz\\\/\",\"logo\":{\"@type\":\"ImageObject\",\"inLanguage\":\"cs\",\"@id\":\"https:\\\/\\\/www.wcbidety2v1.cz\\\/#\\\/schema\\\/logo\\\/image\\\/\",\"url\":\"https:\\\/\\\/www.wcbidety2v1.cz\\\/wp-content\\\/uploads\\\/2018\\\/06\\\/logo.png\",\"contentUrl\":\"https:\\\/\\\/www.wcbidety2v1.cz\\\/wp-content\\\/uploads\\\/2018\\\/06\\\/logo.png\",\"width\":140,\"height\":140,\"caption\":\"ARCHADIE s.r.o.\"},\"image\":{\"@id\":\"https:\\\/\\\/www.wcbidety2v1.cz\\\/#\\\/schema\\\/logo\\\/image\\\/\"},\"sameAs\":[\"https:\\\/\\\/www.facebook.com\\\/WC-bidety-2v1-105518807832290\\\/?modal=admin_todo_tour\",\"https:\\\/\\\/www.instagram.com\\\/wc_bidet_2v1\\\/\"]}]}<\/script>\n<!-- \/ Yoast SEO plugin. -->","yoast_head_json":{"title":"Obchodn\u00ed podm\u00ednky - WC bidety 2v1","description":"WC bidet je kombinac\u00ed WC a bidetu v jednom. Bidetov\u00e1 tryska je zabudov\u00e1na p\u0159\u00edmo v toalet\u011b. \u00dasporn\u00e9 \u0159e\u0161en\u00ed int\u00edmn\u00ed hygieny vhodn\u00e9 pro mu\u017ee, \u017eeny i d\u011bti.","robots":{"index":"index","follow":"follow","max-snippet":"max-snippet:-1","max-image-preview":"max-image-preview:large","max-video-preview":"max-video-preview:-1"},"canonical":"https:\/\/www.wcbidety2v1.cz\/index.php\/obchodni-podminky\/","og_locale":"cs_CZ","og_type":"article","og_title":"Obchodn\u00ed podm\u00ednky - WC bidety 2v1","og_description":"WC bidet je kombinac\u00ed WC a bidetu v jednom. Bidetov\u00e1 tryska je zabudov\u00e1na p\u0159\u00edmo v toalet\u011b. \u00dasporn\u00e9 \u0159e\u0161en\u00ed int\u00edmn\u00ed hygieny vhodn\u00e9 pro mu\u017ee, \u017eeny i d\u011bti.","og_url":"https:\/\/www.wcbidety2v1.cz\/index.php\/obchodni-podminky\/","og_site_name":"WC bidety 2v1","article_publisher":"https:\/\/www.facebook.com\/WC-bidety-2v1-105518807832290\/?modal=admin_todo_tour","article_modified_time":"2022-09-21T06:32:12+00:00","twitter_card":"summary_large_image","twitter_misc":{"Odhadovan\u00e1 doba \u010dten\u00ed":"3 minuty"},"schema":{"@context":"https:\/\/schema.org","@graph":[{"@type":"WebPage","@id":"https:\/\/www.wcbidety2v1.cz\/index.php\/obchodni-podminky\/","url":"https:\/\/www.wcbidety2v1.cz\/index.php\/obchodni-podminky\/","name":"Obchodn\u00ed podm\u00ednky - WC bidety 2v1","isPartOf":{"@id":"https:\/\/www.wcbidety2v1.cz\/#website"},"datePublished":"2018-07-27T08:36:19+00:00","dateModified":"2022-09-21T06:32:12+00:00","description":"WC bidet je kombinac\u00ed WC a bidetu v jednom. Bidetov\u00e1 tryska je zabudov\u00e1na p\u0159\u00edmo v toalet\u011b. \u00dasporn\u00e9 \u0159e\u0161en\u00ed int\u00edmn\u00ed hygieny vhodn\u00e9 pro mu\u017ee, \u017eeny i d\u011bti.","breadcrumb":{"@id":"https:\/\/www.wcbidety2v1.cz\/index.php\/obchodni-podminky\/#breadcrumb"},"inLanguage":"cs","potentialAction":[{"@type":"ReadAction","target":["https:\/\/www.wcbidety2v1.cz\/index.php\/obchodni-podminky\/"]}]},{"@type":"BreadcrumbList","@id":"https:\/\/www.wcbidety2v1.cz\/index.php\/obchodni-podminky\/#breadcrumb","itemListElement":[{"@type":"ListItem","position":1,"name":"Dom\u016f","item":"https:\/\/www.wcbidety2v1.cz\/"},{"@type":"ListItem","position":2,"name":"Obchodn\u00ed podm\u00ednky"}]},{"@type":"WebSite","@id":"https:\/\/www.wcbidety2v1.cz\/#website","url":"https:\/\/www.wcbidety2v1.cz\/","name":"WC bidety 2v1 - WC bidet v jednom - bidetov\u00e1 tryska p\u0159\u00edmo v toalet\u011b","description":"WC bidet v jednom, revolu\u010dn\u00ed propojen\u00ed wc a bidetu, bidetov\u00e1 tryska p\u0159\u00edmo v keramick\u00e9m l\u00edmci toalety.","publisher":{"@id":"https:\/\/www.wcbidety2v1.cz\/#organization"},"potentialAction":[{"@type":"SearchAction","target":{"@type":"EntryPoint","urlTemplate":"https:\/\/www.wcbidety2v1.cz\/?s={search_term_string}"},"query-input":{"@type":"PropertyValueSpecification","valueRequired":true,"valueName":"search_term_string"}}],"inLanguage":"cs"},{"@type":"Organization","@id":"https:\/\/www.wcbidety2v1.cz\/#organization","name":"ARCHADIE s.r.o.","url":"https:\/\/www.wcbidety2v1.cz\/","logo":{"@type":"ImageObject","inLanguage":"cs","@id":"https:\/\/www.wcbidety2v1.cz\/#\/schema\/logo\/image\/","url":"https:\/\/www.wcbidety2v1.cz\/wp-content\/uploads\/2018\/06\/logo.png","contentUrl":"https:\/\/www.wcbidety2v1.cz\/wp-content\/uploads\/2018\/06\/logo.png","width":140,"height":140,"caption":"ARCHADIE s.r.o."},"image":{"@id":"https:\/\/www.wcbidety2v1.cz\/#\/schema\/logo\/image\/"},"sameAs":["https:\/\/www.facebook.com\/WC-bidety-2v1-105518807832290\/?modal=admin_todo_tour","https:\/\/www.instagram.com\/wc_bidet_2v1\/"]}]}},"jetpack_sharing_enabled":true,"jetpack_shortlink":"https:\/\/wp.me\/P9Ptim-3v","_links":{"self":[{"href":"https:\/\/www.wcbidety2v1.cz\/index.php\/wp-json\/wp\/v2\/pages\/217","targetHints":{"allow":["GET"]}}],"collection":[{"href":"https:\/\/www.wcbidety2v1.cz\/index.php\/wp-json\/wp\/v2\/pages"}],"about":[{"href":"https:\/\/www.wcbidety2v1.cz\/index.php\/wp-json\/wp\/v2\/types\/page"}],"author":[{"embeddable":true,"href":"https:\/\/www.wcbidety2v1.cz\/index.php\/wp-json\/wp\/v2\/users\/1"}],"replies":[{"embeddable":true,"href":"https:\/\/www.wcbidety2v1.cz\/index.php\/wp-json\/wp\/v2\/comments?post=217"}],"version-history":[{"count":6,"href":"https:\/\/www.wcbidety2v1.cz\/index.php\/wp-json\/wp\/v2\/pages\/217\/revisions"}],"predecessor-version":[{"id":3671,"href":"https:\/\/www.wcbidety2v1.cz\/index.php\/wp-json\/wp\/v2\/pages\/217\/revisions\/3671"}],"wp:attachment":[{"href":"https:\/\/www.wcbidety2v1.cz\/index.php\/wp-json\/wp\/v2\/media?parent=217"}],"curies":[{"name":"wp","href":"https:\/\/api.w.org\/{rel}","templated":true}]}}