{"id":125,"date":"2018-06-27T13:05:05","date_gmt":"2018-06-27T13:05:05","guid":{"rendered":"http:\/\/www.wcbidety2v1.cz\/?page_id=125"},"modified":"2025-08-18T08:01:53","modified_gmt":"2025-08-18T08:01:53","slug":"kontakt","status":"publish","type":"page","link":"https:\/\/www.wcbidety2v1.cz\/index.php\/kontakt\/","title":{"rendered":"Kontakt"},"content":{"rendered":"<p>[et_pb_section fb_built=&#8220;1&#8243; _builder_version=&#8220;4.16&#8243; global_colors_info=&#8220;{}&#8220;][et_pb_row column_structure=&#8220;1_2,1_2&#8243; _builder_version=&#8220;4.16&#8243; global_colors_info=&#8220;{}&#8220;][et_pb_column type=&#8220;1_2&#8243; _builder_version=&#8220;4.16&#8243; global_colors_info=&#8220;{}&#8220;][et_pb_text _builder_version=&#8220;4.24.3&#8243; hover_enabled=&#8220;0&#8243; global_colors_info=&#8220;{}&#8220; sticky_enabled=&#8220;0&#8243;]<\/p>\n<div class=\"Column1\"><span><strong>A<\/strong><b>RCHADIE s.r.o.<\/b><\/span><\/div>\n<div class=\"Column1\"><span><b><\/b><\/span><\/div>\n<div class=\"Column1\"><span><b>faktura\u010dn\u00ed adresa:<\/b>\u00a0<\/span><\/div>\n<div class=\"Column1\"><span><\/span><\/div>\n<div class=\"Column1\"><span>Kubel\u00edkova 1224\/42, 130 00 Praha 3<\/span><\/div>\n<div class=\"Column1\"><span><\/span><\/div>\n<div class=\"Column1\"><span><\/span><\/div>\n<div class=\"Column1\"><span><b>sklad:<\/b>\u00a0T\u00e1bor<\/span><\/div>\n<div class=\"Column1\"><b><\/b><\/div>\n<div class=\"Column1\"><b>tel. \u010d\u00edslo<\/b>: 606 062 043<span>\u00a0<\/span><\/div>\n<div class=\"Column1\"><span><\/span><\/div>\n<div class=\"Column1\"><b>e-mail<\/b>: info@archadie.cz<span>\u00a0<\/span><\/div>\n<div class=\"Column1\"><span><\/span><\/div>\n<div class=\"Column1\"><b>I\u010cO<\/b>:\u00a0\u00a0\u00a0\u00a0\u00a0 28089103<span>\u00a0<\/span><\/div>\n<div class=\"Column1\"><b>DI\u010c: \u00a0<\/b>\u00a0\u00a0 \u00a0CZ28089103<\/div>\n<p>[\/et_pb_text][\/et_pb_column][et_pb_column type=&#8220;1_2&#8243; _builder_version=&#8220;4.16&#8243; global_colors_info=&#8220;{}&#8220;][\/et_pb_column][\/et_pb_row][\/et_pb_section]<\/p>\n","protected":false},"excerpt":{"rendered":"<p>ARCHADIE s.r.o. faktura\u010dn\u00ed adresa:\u00a0 Kubel\u00edkova 1224\/42, 130 00 Praha 3 sklad:\u00a0T\u00e1bor tel. \u010d\u00edslo: 606 062 043\u00a0 e-mail: info@archadie.cz\u00a0 I\u010cO:\u00a0\u00a0\u00a0\u00a0\u00a0 28089103\u00a0 DI\u010c: \u00a0\u00a0\u00a0 \u00a0CZ28089103<\/p>\n","protected":false},"author":1,"featured_media":0,"parent":0,"menu_order":0,"comment_status":"closed","ping_status":"closed","template":"","meta":{"_et_pb_use_builder":"on","_et_pb_old_content":"<div class=\"Column1\"><span style=\"font-family: Arial; font-size: medium;\"><span style=\"color: #000000;\"><strong>A<\/strong><\/span><b><span style=\"color: #000000;\">RCHADIE s.r.o.<\/span>\n<\/b><\/span><\/div>\n<div class=\"Column1\"><span style=\"font-family: Arial; font-size: medium; color: #000000;\"><b>faktura\u010dn\u00ed adresa:<\/b>\nPra\u017esk\u00e1 777, 252 64 Velk\u00e9 P\u0159\u00edlepy<\/span><\/div>\n<div><\/div>\n<div class=\"Column1\"><span style=\"font-family: Arial; font-size: medium; color: #000000;\"><b>koresponden\u010dn\u00ed adresa:<\/b>\nP\u0159evr\u00e1tilsk\u00e1 ulice 41, 390 01 T\u00e1bor<\/span><\/div>\n<div class=\"Column1\">\n\n<span style=\"font-family: Arial; font-size: medium;\"><b>sklad:<\/b>&nbsp;Sob\u011bslav<\/span>\n\n<b>tel. \u010d\u00edslo<\/b>: 606 062 043\n<b>e-mail<\/b>: info@archadie.cz\n\n<b>I\u010cO<\/b>:&nbsp;&nbsp;&nbsp;&nbsp;&nbsp; 28089103\n<b>DI\u010c: &nbsp;<\/b>&nbsp;&nbsp; &nbsp;CZ28089103\n\n<\/div>\n<span style=\"font-size: medium;\"><b>pobo\u010dka Ostrava<\/b>:\nARCHADIE s.r.o.\nSl\u00e1dkova 10\nOstrava<\/span>\n\ntel. \u010d\u00edslo: 739 358 915","_et_gb_content_width":"","jetpack_post_was_ever_published":false,"footnotes":""},"class_list":["post-125","page","type-page","status-publish","hentry"],"yoast_head":"<!-- This site is optimized with the Yoast SEO plugin v27.4 - https:\/\/yoast.com\/product\/yoast-seo-wordpress\/ -->\n<title>Kontakt - WC bidety 2v1<\/title>\n<meta name=\"robots\" content=\"index, follow, max-snippet:-1, max-image-preview:large, max-video-preview:-1\" \/>\n<link rel=\"canonical\" href=\"https:\/\/www.wcbidety2v1.cz\/index.php\/kontakt\/\" \/>\n<meta property=\"og:locale\" content=\"cs_CZ\" \/>\n<meta property=\"og:type\" content=\"article\" \/>\n<meta property=\"og:title\" content=\"Kontakt - WC bidety 2v1\" \/>\n<meta property=\"og:description\" content=\"ARCHADIE s.r.o. faktura\u010dn\u00ed adresa:\u00a0 Kubel\u00edkova 1224\/42, 130 00 Praha 3 sklad:\u00a0T\u00e1bor tel. \u010d\u00edslo: 606 062 043\u00a0 e-mail: info@archadie.cz\u00a0 I\u010cO:\u00a0\u00a0\u00a0\u00a0\u00a0 28089103\u00a0 DI\u010c: \u00a0\u00a0\u00a0 \u00a0CZ28089103\" \/>\n<meta property=\"og:url\" content=\"https:\/\/www.wcbidety2v1.cz\/index.php\/kontakt\/\" \/>\n<meta property=\"og:site_name\" content=\"WC bidety 2v1\" \/>\n<meta property=\"article:publisher\" content=\"https:\/\/www.facebook.com\/WC-bidety-2v1-105518807832290\/?modal=admin_todo_tour\" \/>\n<meta property=\"article:modified_time\" content=\"2025-08-18T08:01:53+00:00\" \/>\n<meta name=\"twitter:card\" content=\"summary_large_image\" \/>\n<script type=\"application\/ld+json\" class=\"yoast-schema-graph\">{\"@context\":\"https:\\\/\\\/schema.org\",\"@graph\":[{\"@type\":\"WebPage\",\"@id\":\"https:\\\/\\\/www.wcbidety2v1.cz\\\/index.php\\\/kontakt\\\/\",\"url\":\"https:\\\/\\\/www.wcbidety2v1.cz\\\/index.php\\\/kontakt\\\/\",\"name\":\"Kontakt - WC bidety 2v1\",\"isPartOf\":{\"@id\":\"https:\\\/\\\/www.wcbidety2v1.cz\\\/#website\"},\"datePublished\":\"2018-06-27T13:05:05+00:00\",\"dateModified\":\"2025-08-18T08:01:53+00:00\",\"breadcrumb\":{\"@id\":\"https:\\\/\\\/www.wcbidety2v1.cz\\\/index.php\\\/kontakt\\\/#breadcrumb\"},\"inLanguage\":\"cs\",\"potentialAction\":[{\"@type\":\"ReadAction\",\"target\":[\"https:\\\/\\\/www.wcbidety2v1.cz\\\/index.php\\\/kontakt\\\/\"]}]},{\"@type\":\"BreadcrumbList\",\"@id\":\"https:\\\/\\\/www.wcbidety2v1.cz\\\/index.php\\\/kontakt\\\/#breadcrumb\",\"itemListElement\":[{\"@type\":\"ListItem\",\"position\":1,\"name\":\"Dom\u016f\",\"item\":\"https:\\\/\\\/www.wcbidety2v1.cz\\\/\"},{\"@type\":\"ListItem\",\"position\":2,\"name\":\"Kontakt\"}]},{\"@type\":\"WebSite\",\"@id\":\"https:\\\/\\\/www.wcbidety2v1.cz\\\/#website\",\"url\":\"https:\\\/\\\/www.wcbidety2v1.cz\\\/\",\"name\":\"WC bidety 2v1 - WC bidet v jednom - bidetov\u00e1 tryska p\u0159\u00edmo v toalet\u011b\",\"description\":\"WC bidet v jednom, revolu\u010dn\u00ed propojen\u00ed wc a bidetu, bidetov\u00e1 tryska p\u0159\u00edmo v keramick\u00e9m l\u00edmci toalety.\",\"publisher\":{\"@id\":\"https:\\\/\\\/www.wcbidety2v1.cz\\\/#organization\"},\"potentialAction\":[{\"@type\":\"SearchAction\",\"target\":{\"@type\":\"EntryPoint\",\"urlTemplate\":\"https:\\\/\\\/www.wcbidety2v1.cz\\\/?s={search_term_string}\"},\"query-input\":{\"@type\":\"PropertyValueSpecification\",\"valueRequired\":true,\"valueName\":\"search_term_string\"}}],\"inLanguage\":\"cs\"},{\"@type\":\"Organization\",\"@id\":\"https:\\\/\\\/www.wcbidety2v1.cz\\\/#organization\",\"name\":\"ARCHADIE s.r.o.\",\"url\":\"https:\\\/\\\/www.wcbidety2v1.cz\\\/\",\"logo\":{\"@type\":\"ImageObject\",\"inLanguage\":\"cs\",\"@id\":\"https:\\\/\\\/www.wcbidety2v1.cz\\\/#\\\/schema\\\/logo\\\/image\\\/\",\"url\":\"https:\\\/\\\/www.wcbidety2v1.cz\\\/wp-content\\\/uploads\\\/2018\\\/06\\\/logo.png\",\"contentUrl\":\"https:\\\/\\\/www.wcbidety2v1.cz\\\/wp-content\\\/uploads\\\/2018\\\/06\\\/logo.png\",\"width\":140,\"height\":140,\"caption\":\"ARCHADIE s.r.o.\"},\"image\":{\"@id\":\"https:\\\/\\\/www.wcbidety2v1.cz\\\/#\\\/schema\\\/logo\\\/image\\\/\"},\"sameAs\":[\"https:\\\/\\\/www.facebook.com\\\/WC-bidety-2v1-105518807832290\\\/?modal=admin_todo_tour\",\"https:\\\/\\\/www.instagram.com\\\/wc_bidet_2v1\\\/\"]}]}<\/script>\n<!-- \/ Yoast SEO plugin. -->","yoast_head_json":{"title":"Kontakt - WC bidety 2v1","robots":{"index":"index","follow":"follow","max-snippet":"max-snippet:-1","max-image-preview":"max-image-preview:large","max-video-preview":"max-video-preview:-1"},"canonical":"https:\/\/www.wcbidety2v1.cz\/index.php\/kontakt\/","og_locale":"cs_CZ","og_type":"article","og_title":"Kontakt - WC bidety 2v1","og_description":"ARCHADIE s.r.o. faktura\u010dn\u00ed adresa:\u00a0 Kubel\u00edkova 1224\/42, 130 00 Praha 3 sklad:\u00a0T\u00e1bor tel. \u010d\u00edslo: 606 062 043\u00a0 e-mail: info@archadie.cz\u00a0 I\u010cO:\u00a0\u00a0\u00a0\u00a0\u00a0 28089103\u00a0 DI\u010c: \u00a0\u00a0\u00a0 \u00a0CZ28089103","og_url":"https:\/\/www.wcbidety2v1.cz\/index.php\/kontakt\/","og_site_name":"WC bidety 2v1","article_publisher":"https:\/\/www.facebook.com\/WC-bidety-2v1-105518807832290\/?modal=admin_todo_tour","article_modified_time":"2025-08-18T08:01:53+00:00","twitter_card":"summary_large_image","schema":{"@context":"https:\/\/schema.org","@graph":[{"@type":"WebPage","@id":"https:\/\/www.wcbidety2v1.cz\/index.php\/kontakt\/","url":"https:\/\/www.wcbidety2v1.cz\/index.php\/kontakt\/","name":"Kontakt - WC bidety 2v1","isPartOf":{"@id":"https:\/\/www.wcbidety2v1.cz\/#website"},"datePublished":"2018-06-27T13:05:05+00:00","dateModified":"2025-08-18T08:01:53+00:00","breadcrumb":{"@id":"https:\/\/www.wcbidety2v1.cz\/index.php\/kontakt\/#breadcrumb"},"inLanguage":"cs","potentialAction":[{"@type":"ReadAction","target":["https:\/\/www.wcbidety2v1.cz\/index.php\/kontakt\/"]}]},{"@type":"BreadcrumbList","@id":"https:\/\/www.wcbidety2v1.cz\/index.php\/kontakt\/#breadcrumb","itemListElement":[{"@type":"ListItem","position":1,"name":"Dom\u016f","item":"https:\/\/www.wcbidety2v1.cz\/"},{"@type":"ListItem","position":2,"name":"Kontakt"}]},{"@type":"WebSite","@id":"https:\/\/www.wcbidety2v1.cz\/#website","url":"https:\/\/www.wcbidety2v1.cz\/","name":"WC bidety 2v1 - WC bidet v jednom - bidetov\u00e1 tryska p\u0159\u00edmo v toalet\u011b","description":"WC bidet v jednom, revolu\u010dn\u00ed propojen\u00ed wc a bidetu, bidetov\u00e1 tryska p\u0159\u00edmo v keramick\u00e9m l\u00edmci toalety.","publisher":{"@id":"https:\/\/www.wcbidety2v1.cz\/#organization"},"potentialAction":[{"@type":"SearchAction","target":{"@type":"EntryPoint","urlTemplate":"https:\/\/www.wcbidety2v1.cz\/?s={search_term_string}"},"query-input":{"@type":"PropertyValueSpecification","valueRequired":true,"valueName":"search_term_string"}}],"inLanguage":"cs"},{"@type":"Organization","@id":"https:\/\/www.wcbidety2v1.cz\/#organization","name":"ARCHADIE s.r.o.","url":"https:\/\/www.wcbidety2v1.cz\/","logo":{"@type":"ImageObject","inLanguage":"cs","@id":"https:\/\/www.wcbidety2v1.cz\/#\/schema\/logo\/image\/","url":"https:\/\/www.wcbidety2v1.cz\/wp-content\/uploads\/2018\/06\/logo.png","contentUrl":"https:\/\/www.wcbidety2v1.cz\/wp-content\/uploads\/2018\/06\/logo.png","width":140,"height":140,"caption":"ARCHADIE s.r.o."},"image":{"@id":"https:\/\/www.wcbidety2v1.cz\/#\/schema\/logo\/image\/"},"sameAs":["https:\/\/www.facebook.com\/WC-bidety-2v1-105518807832290\/?modal=admin_todo_tour","https:\/\/www.instagram.com\/wc_bidet_2v1\/"]}]}},"jetpack_sharing_enabled":true,"jetpack_shortlink":"https:\/\/wp.me\/P9Ptim-21","_links":{"self":[{"href":"https:\/\/www.wcbidety2v1.cz\/index.php\/wp-json\/wp\/v2\/pages\/125","targetHints":{"allow":["GET"]}}],"collection":[{"href":"https:\/\/www.wcbidety2v1.cz\/index.php\/wp-json\/wp\/v2\/pages"}],"about":[{"href":"https:\/\/www.wcbidety2v1.cz\/index.php\/wp-json\/wp\/v2\/types\/page"}],"author":[{"embeddable":true,"href":"https:\/\/www.wcbidety2v1.cz\/index.php\/wp-json\/wp\/v2\/users\/1"}],"replies":[{"embeddable":true,"href":"https:\/\/www.wcbidety2v1.cz\/index.php\/wp-json\/wp\/v2\/comments?post=125"}],"version-history":[{"count":11,"href":"https:\/\/www.wcbidety2v1.cz\/index.php\/wp-json\/wp\/v2\/pages\/125\/revisions"}],"predecessor-version":[{"id":3815,"href":"https:\/\/www.wcbidety2v1.cz\/index.php\/wp-json\/wp\/v2\/pages\/125\/revisions\/3815"}],"wp:attachment":[{"href":"https:\/\/www.wcbidety2v1.cz\/index.php\/wp-json\/wp\/v2\/media?parent=125"}],"curies":[{"name":"wp","href":"https:\/\/api.w.org\/{rel}","templated":true}]}}