{"id":120,"date":"2018-06-27T13:04:49","date_gmt":"2018-06-27T13:04:49","guid":{"rendered":"http:\/\/www.wcbidety2v1.cz\/?page_id=120"},"modified":"2023-10-23T06:27:48","modified_gmt":"2023-10-23T06:27:48","slug":"montazni-navody","status":"publish","type":"page","link":"https:\/\/www.wcbidety2v1.cz\/index.php\/montazni-navody\/","title":{"rendered":"Mont\u00e1\u017en\u00ed n\u00e1vody"},"content":{"rendered":"<p>[et_pb_section fb_built=&#8220;1&#8243; admin_label=&#8220;section&#8220; _builder_version=&#8220;3.22&#8243;][et_pb_row admin_label=&#8220;row&#8220; _builder_version=&#8220;3.25&#8243; background_size=&#8220;initial&#8220; background_position=&#8220;top_left&#8220; background_repeat=&#8220;repeat&#8220;][et_pb_column type=&#8220;4_4&#8243; _builder_version=&#8220;3.25&#8243; custom_padding=&#8220;|||&#8220; custom_padding__hover=&#8220;|||&#8220;][et_pb_tabs admin_label=&#8220;Z\u00e1lo\u017eky&#8220; _builder_version=&#8220;4.9.3&#8243; background_size=&#8220;initial&#8220; background_position=&#8220;top_left&#8220; background_repeat=&#8220;repeat&#8220; hover_enabled=&#8220;0&#8243; use_border_color=&#8220;off&#8220; border_color=&#8220;#ffffff&#8220; border_style=&#8220;solid&#8220; sticky_enabled=&#8220;0&#8243;][et_pb_tab title=&#8220;Mont\u00e1\u017en\u00ed n\u00e1vody&#8220; _builder_version=&#8220;4.9.3&#8243; body_font=&#8220;||||&#8220; body_line_height=&#8220;2em&#8220; tab_font=&#8220;||||&#8220; tab_line_height=&#8220;2em&#8220; background_size=&#8220;initial&#8220; background_position=&#8220;top_left&#8220; background_repeat=&#8220;repeat&#8220; hover_enabled=&#8220;0&#8243; body_line_height_tablet=&#8220;2em&#8220; body_line_height_phone=&#8220;2em&#8220; tab_line_height_tablet=&#8220;2em&#8220; tab_line_height_phone=&#8220;2em&#8220; sticky_enabled=&#8220;0&#8243;]<\/p>\n<p><a href=\"http:\/\/www.wcbidety2v1.cz\/wp-content\/uploads\/2023\/10\/WCbidet_zavesne_CZ_A4_press.pdf\" rel=\"attachment wp-att-67\">Mont\u00e1\u017en\u00ed n\u00e1vod &#8211; z\u00e1v\u011bsn\u00e9<\/a><\/p>\n<p><a href=\"http:\/\/www.wcbidety2v1.cz\/wp-content\/uploads\/2023\/10\/WCbidet_FE322-OVL_CZ_A4_press.pdf\">Mont\u00e1\u017en\u00ed n\u00e1vod FE 322 s p\u00e1kou<\/a><\/p>\n<p><a href=\"http:\/\/www.wcbidety2v1.cz\/wp-content\/uploads\/2023\/10\/WCbidet_FE322_CZ_A4.pdf\">Mont\u00e1\u017en\u00ed n\u00e1vod FE322<\/a><\/p>\n<p><a href=\"http:\/\/www.wcbidety2v1.cz\/wp-content\/uploads\/2023\/10\/WCbidet_EG321_CZ_A4.pdf\">Mont\u00e1\u017en\u00ed n\u00e1vod EG321<\/a><\/p>\n<p><a href=\"http:\/\/www.wcbidety2v1.cz\/wp-content\/uploads\/2023\/10\/WCbidet_zadnyOdpad_CZ_A4_press.pdf\" rel=\"attachment wp-att-106\">Mont\u00e1\u017en\u00ed n\u00e1vod &#8211; kombi-zadn\u00ed odpad<\/a><\/p>\n<p><a href=\"http:\/\/www.wcbidety2v1.cz\/wp-content\/uploads\/2023\/10\/WCbidet_kombiUNI_CZ_A4_press.pdf\">Mont\u00e1\u017en\u00ed n\u00e1vod &#8211; kombi-UNI odpad<\/a><\/p>\n<p><a href=\"http:\/\/www.wcbidety2v1.cz\/wp-content\/uploads\/2023\/10\/WCbidet_softClose_CZ_A4_press.pdf\">Mont\u00e1\u017en\u00ed n\u00e1vod &#8211; sed\u00e1tko<\/a><\/p>\n<p><a href=\"http:\/\/www.wcbidety2v1.cz\/wp-content\/uploads\/2023\/10\/WCbidet_IT5130_CZ_A4_.pdf\" rel=\"attachment wp-att-2547\">Mont\u00e1\u017en\u00ed n\u00e1vod &#8211; splachova\u010d<\/a><\/p>\n<p>&nbsp;<\/p>\n<p>[\/et_pb_tab][et_pb_tab title=&#8220;Video n\u00e1vody&#8220; _builder_version=&#8220;3.0.48&#8243; body_font=&#8220;||||&#8220; body_line_height=&#8220;2em&#8220; tab_font=&#8220;||||&#8220; tab_line_height=&#8220;2em&#8220; background_size=&#8220;initial&#8220; background_position=&#8220;top_left&#8220; background_repeat=&#8220;repeat&#8220; body_line_height_tablet=&#8220;2em&#8220; body_line_height_phone=&#8220;2em&#8220; tab_line_height_tablet=&#8220;2em&#8220; tab_line_height_phone=&#8220;2em&#8220;]<strong>Mont\u00e1\u017e z\u00e1v\u011bsn\u00e9ho WC+bidet 2v1<\/strong><br \/>\n<iframe loading=\"lazy\" src=\"https:\/\/www.youtube.com\/embed\/k4d503GBJ8o\" width=\"640\" height=\"360\" frameborder=\"0\" allowfullscreen=\"allowfullscreen\"><\/iframe><\/p>\n<p>&nbsp;<\/p>\n<p><strong>Mont\u00e1\u017e sed\u00e1tka SOFT CLOSE<\/strong><br \/>\n<iframe loading=\"lazy\" src=\"https:\/\/www.youtube.com\/embed\/jUy_08fnLBs\" width=\"640\" height=\"360\" frameborder=\"0\" allowfullscreen=\"allowfullscreen\"><\/iframe><br \/>\n[\/et_pb_tab][\/et_pb_tabs][\/et_pb_column][\/et_pb_row][\/et_pb_section]<\/p>\n","protected":false},"excerpt":{"rendered":"<p>Mont\u00e1\u017en\u00ed n\u00e1vod &#8211; z\u00e1v\u011bsn\u00e9 Mont\u00e1\u017en\u00ed n\u00e1vod FE 322 s p\u00e1kou Mont\u00e1\u017en\u00ed n\u00e1vod FE322 Mont\u00e1\u017en\u00ed n\u00e1vod EG321 Mont\u00e1\u017en\u00ed n\u00e1vod &#8211; kombi-zadn\u00ed odpad Mont\u00e1\u017en\u00ed n\u00e1vod &#8211; kombi-UNI odpad Mont\u00e1\u017en\u00ed n\u00e1vod &#8211; sed\u00e1tko Mont\u00e1\u017en\u00ed n\u00e1vod &#8211; splachova\u010d &nbsp;Mont\u00e1\u017e z\u00e1v\u011bsn\u00e9ho WC+bidet 2v1 &nbsp; Mont\u00e1\u017e sed\u00e1tka SOFT CLOSE<\/p>\n","protected":false},"author":1,"featured_media":0,"parent":0,"menu_order":0,"comment_status":"closed","ping_status":"closed","template":"","meta":{"_et_pb_use_builder":"on","_et_pb_old_content":"","_et_gb_content_width":"","jetpack_post_was_ever_published":false,"footnotes":""},"class_list":["post-120","page","type-page","status-publish","hentry"],"yoast_head":"<!-- This site is optimized with the Yoast SEO plugin v27.4 - https:\/\/yoast.com\/product\/yoast-seo-wordpress\/ -->\n<title>Mont\u00e1\u017en\u00ed n\u00e1vody - WC bidety 2v1<\/title>\n<meta name=\"robots\" content=\"index, follow, max-snippet:-1, max-image-preview:large, max-video-preview:-1\" \/>\n<link rel=\"canonical\" href=\"https:\/\/www.wcbidety2v1.cz\/index.php\/montazni-navody\/\" \/>\n<meta property=\"og:locale\" content=\"cs_CZ\" \/>\n<meta property=\"og:type\" content=\"article\" \/>\n<meta property=\"og:title\" content=\"Mont\u00e1\u017en\u00ed n\u00e1vody - WC bidety 2v1\" \/>\n<meta property=\"og:description\" content=\"Mont\u00e1\u017en\u00ed n\u00e1vod - z\u00e1v\u011bsn\u00e9 Mont\u00e1\u017en\u00ed n\u00e1vod FE 322 s p\u00e1kou Mont\u00e1\u017en\u00ed n\u00e1vod FE322 Mont\u00e1\u017en\u00ed n\u00e1vod EG321 Mont\u00e1\u017en\u00ed n\u00e1vod - kombi-zadn\u00ed odpad Mont\u00e1\u017en\u00ed n\u00e1vod - kombi-UNI odpad Mont\u00e1\u017en\u00ed n\u00e1vod - sed\u00e1tko Mont\u00e1\u017en\u00ed n\u00e1vod - splachova\u010d &nbsp;Mont\u00e1\u017e z\u00e1v\u011bsn\u00e9ho WC+bidet 2v1 &nbsp; Mont\u00e1\u017e sed\u00e1tka SOFT CLOSE\" \/>\n<meta property=\"og:url\" content=\"https:\/\/www.wcbidety2v1.cz\/index.php\/montazni-navody\/\" \/>\n<meta property=\"og:site_name\" content=\"WC bidety 2v1\" \/>\n<meta property=\"article:publisher\" content=\"https:\/\/www.facebook.com\/WC-bidety-2v1-105518807832290\/?modal=admin_todo_tour\" \/>\n<meta property=\"article:modified_time\" content=\"2023-10-23T06:27:48+00:00\" \/>\n<meta name=\"twitter:card\" content=\"summary_large_image\" \/>\n<meta name=\"twitter:label1\" content=\"Odhadovan\u00e1 doba \u010dten\u00ed\" \/>\n\t<meta name=\"twitter:data1\" content=\"1 minuta\" \/>\n<script type=\"application\/ld+json\" class=\"yoast-schema-graph\">{\"@context\":\"https:\\\/\\\/schema.org\",\"@graph\":[{\"@type\":\"WebPage\",\"@id\":\"https:\\\/\\\/www.wcbidety2v1.cz\\\/index.php\\\/montazni-navody\\\/\",\"url\":\"https:\\\/\\\/www.wcbidety2v1.cz\\\/index.php\\\/montazni-navody\\\/\",\"name\":\"Mont\u00e1\u017en\u00ed n\u00e1vody - WC bidety 2v1\",\"isPartOf\":{\"@id\":\"https:\\\/\\\/www.wcbidety2v1.cz\\\/#website\"},\"datePublished\":\"2018-06-27T13:04:49+00:00\",\"dateModified\":\"2023-10-23T06:27:48+00:00\",\"breadcrumb\":{\"@id\":\"https:\\\/\\\/www.wcbidety2v1.cz\\\/index.php\\\/montazni-navody\\\/#breadcrumb\"},\"inLanguage\":\"cs\",\"potentialAction\":[{\"@type\":\"ReadAction\",\"target\":[\"https:\\\/\\\/www.wcbidety2v1.cz\\\/index.php\\\/montazni-navody\\\/\"]}]},{\"@type\":\"BreadcrumbList\",\"@id\":\"https:\\\/\\\/www.wcbidety2v1.cz\\\/index.php\\\/montazni-navody\\\/#breadcrumb\",\"itemListElement\":[{\"@type\":\"ListItem\",\"position\":1,\"name\":\"Dom\u016f\",\"item\":\"https:\\\/\\\/www.wcbidety2v1.cz\\\/\"},{\"@type\":\"ListItem\",\"position\":2,\"name\":\"Mont\u00e1\u017en\u00ed n\u00e1vody\"}]},{\"@type\":\"WebSite\",\"@id\":\"https:\\\/\\\/www.wcbidety2v1.cz\\\/#website\",\"url\":\"https:\\\/\\\/www.wcbidety2v1.cz\\\/\",\"name\":\"WC bidety 2v1 - WC bidet v jednom - bidetov\u00e1 tryska p\u0159\u00edmo v toalet\u011b\",\"description\":\"WC bidet v jednom, revolu\u010dn\u00ed propojen\u00ed wc a bidetu, bidetov\u00e1 tryska p\u0159\u00edmo v keramick\u00e9m l\u00edmci toalety.\",\"publisher\":{\"@id\":\"https:\\\/\\\/www.wcbidety2v1.cz\\\/#organization\"},\"potentialAction\":[{\"@type\":\"SearchAction\",\"target\":{\"@type\":\"EntryPoint\",\"urlTemplate\":\"https:\\\/\\\/www.wcbidety2v1.cz\\\/?s={search_term_string}\"},\"query-input\":{\"@type\":\"PropertyValueSpecification\",\"valueRequired\":true,\"valueName\":\"search_term_string\"}}],\"inLanguage\":\"cs\"},{\"@type\":\"Organization\",\"@id\":\"https:\\\/\\\/www.wcbidety2v1.cz\\\/#organization\",\"name\":\"ARCHADIE s.r.o.\",\"url\":\"https:\\\/\\\/www.wcbidety2v1.cz\\\/\",\"logo\":{\"@type\":\"ImageObject\",\"inLanguage\":\"cs\",\"@id\":\"https:\\\/\\\/www.wcbidety2v1.cz\\\/#\\\/schema\\\/logo\\\/image\\\/\",\"url\":\"https:\\\/\\\/www.wcbidety2v1.cz\\\/wp-content\\\/uploads\\\/2018\\\/06\\\/logo.png\",\"contentUrl\":\"https:\\\/\\\/www.wcbidety2v1.cz\\\/wp-content\\\/uploads\\\/2018\\\/06\\\/logo.png\",\"width\":140,\"height\":140,\"caption\":\"ARCHADIE s.r.o.\"},\"image\":{\"@id\":\"https:\\\/\\\/www.wcbidety2v1.cz\\\/#\\\/schema\\\/logo\\\/image\\\/\"},\"sameAs\":[\"https:\\\/\\\/www.facebook.com\\\/WC-bidety-2v1-105518807832290\\\/?modal=admin_todo_tour\",\"https:\\\/\\\/www.instagram.com\\\/wc_bidet_2v1\\\/\"]}]}<\/script>\n<!-- \/ Yoast SEO plugin. -->","yoast_head_json":{"title":"Mont\u00e1\u017en\u00ed n\u00e1vody - WC bidety 2v1","robots":{"index":"index","follow":"follow","max-snippet":"max-snippet:-1","max-image-preview":"max-image-preview:large","max-video-preview":"max-video-preview:-1"},"canonical":"https:\/\/www.wcbidety2v1.cz\/index.php\/montazni-navody\/","og_locale":"cs_CZ","og_type":"article","og_title":"Mont\u00e1\u017en\u00ed n\u00e1vody - WC bidety 2v1","og_description":"Mont\u00e1\u017en\u00ed n\u00e1vod - z\u00e1v\u011bsn\u00e9 Mont\u00e1\u017en\u00ed n\u00e1vod FE 322 s p\u00e1kou Mont\u00e1\u017en\u00ed n\u00e1vod FE322 Mont\u00e1\u017en\u00ed n\u00e1vod EG321 Mont\u00e1\u017en\u00ed n\u00e1vod - kombi-zadn\u00ed odpad Mont\u00e1\u017en\u00ed n\u00e1vod - kombi-UNI odpad Mont\u00e1\u017en\u00ed n\u00e1vod - sed\u00e1tko Mont\u00e1\u017en\u00ed n\u00e1vod - splachova\u010d &nbsp;Mont\u00e1\u017e z\u00e1v\u011bsn\u00e9ho WC+bidet 2v1 &nbsp; Mont\u00e1\u017e sed\u00e1tka SOFT CLOSE","og_url":"https:\/\/www.wcbidety2v1.cz\/index.php\/montazni-navody\/","og_site_name":"WC bidety 2v1","article_publisher":"https:\/\/www.facebook.com\/WC-bidety-2v1-105518807832290\/?modal=admin_todo_tour","article_modified_time":"2023-10-23T06:27:48+00:00","twitter_card":"summary_large_image","twitter_misc":{"Odhadovan\u00e1 doba \u010dten\u00ed":"1 minuta"},"schema":{"@context":"https:\/\/schema.org","@graph":[{"@type":"WebPage","@id":"https:\/\/www.wcbidety2v1.cz\/index.php\/montazni-navody\/","url":"https:\/\/www.wcbidety2v1.cz\/index.php\/montazni-navody\/","name":"Mont\u00e1\u017en\u00ed n\u00e1vody - WC bidety 2v1","isPartOf":{"@id":"https:\/\/www.wcbidety2v1.cz\/#website"},"datePublished":"2018-06-27T13:04:49+00:00","dateModified":"2023-10-23T06:27:48+00:00","breadcrumb":{"@id":"https:\/\/www.wcbidety2v1.cz\/index.php\/montazni-navody\/#breadcrumb"},"inLanguage":"cs","potentialAction":[{"@type":"ReadAction","target":["https:\/\/www.wcbidety2v1.cz\/index.php\/montazni-navody\/"]}]},{"@type":"BreadcrumbList","@id":"https:\/\/www.wcbidety2v1.cz\/index.php\/montazni-navody\/#breadcrumb","itemListElement":[{"@type":"ListItem","position":1,"name":"Dom\u016f","item":"https:\/\/www.wcbidety2v1.cz\/"},{"@type":"ListItem","position":2,"name":"Mont\u00e1\u017en\u00ed n\u00e1vody"}]},{"@type":"WebSite","@id":"https:\/\/www.wcbidety2v1.cz\/#website","url":"https:\/\/www.wcbidety2v1.cz\/","name":"WC bidety 2v1 - WC bidet v jednom - bidetov\u00e1 tryska p\u0159\u00edmo v toalet\u011b","description":"WC bidet v jednom, revolu\u010dn\u00ed propojen\u00ed wc a bidetu, bidetov\u00e1 tryska p\u0159\u00edmo v keramick\u00e9m l\u00edmci toalety.","publisher":{"@id":"https:\/\/www.wcbidety2v1.cz\/#organization"},"potentialAction":[{"@type":"SearchAction","target":{"@type":"EntryPoint","urlTemplate":"https:\/\/www.wcbidety2v1.cz\/?s={search_term_string}"},"query-input":{"@type":"PropertyValueSpecification","valueRequired":true,"valueName":"search_term_string"}}],"inLanguage":"cs"},{"@type":"Organization","@id":"https:\/\/www.wcbidety2v1.cz\/#organization","name":"ARCHADIE s.r.o.","url":"https:\/\/www.wcbidety2v1.cz\/","logo":{"@type":"ImageObject","inLanguage":"cs","@id":"https:\/\/www.wcbidety2v1.cz\/#\/schema\/logo\/image\/","url":"https:\/\/www.wcbidety2v1.cz\/wp-content\/uploads\/2018\/06\/logo.png","contentUrl":"https:\/\/www.wcbidety2v1.cz\/wp-content\/uploads\/2018\/06\/logo.png","width":140,"height":140,"caption":"ARCHADIE s.r.o."},"image":{"@id":"https:\/\/www.wcbidety2v1.cz\/#\/schema\/logo\/image\/"},"sameAs":["https:\/\/www.facebook.com\/WC-bidety-2v1-105518807832290\/?modal=admin_todo_tour","https:\/\/www.instagram.com\/wc_bidet_2v1\/"]}]}},"jetpack_sharing_enabled":true,"jetpack_shortlink":"https:\/\/wp.me\/P9Ptim-1W","_links":{"self":[{"href":"https:\/\/www.wcbidety2v1.cz\/index.php\/wp-json\/wp\/v2\/pages\/120","targetHints":{"allow":["GET"]}}],"collection":[{"href":"https:\/\/www.wcbidety2v1.cz\/index.php\/wp-json\/wp\/v2\/pages"}],"about":[{"href":"https:\/\/www.wcbidety2v1.cz\/index.php\/wp-json\/wp\/v2\/types\/page"}],"author":[{"embeddable":true,"href":"https:\/\/www.wcbidety2v1.cz\/index.php\/wp-json\/wp\/v2\/users\/1"}],"replies":[{"embeddable":true,"href":"https:\/\/www.wcbidety2v1.cz\/index.php\/wp-json\/wp\/v2\/comments?post=120"}],"version-history":[{"count":10,"href":"https:\/\/www.wcbidety2v1.cz\/index.php\/wp-json\/wp\/v2\/pages\/120\/revisions"}],"predecessor-version":[{"id":3742,"href":"https:\/\/www.wcbidety2v1.cz\/index.php\/wp-json\/wp\/v2\/pages\/120\/revisions\/3742"}],"wp:attachment":[{"href":"https:\/\/www.wcbidety2v1.cz\/index.php\/wp-json\/wp\/v2\/media?parent=120"}],"curies":[{"name":"wp","href":"https:\/\/api.w.org\/{rel}","templated":true}]}}