{"id":118,"date":"2018-06-27T12:26:53","date_gmt":"2018-06-27T12:26:53","guid":{"rendered":"http:\/\/www.wcbidety2v1.cz\/?page_id=118"},"modified":"2021-08-30T11:38:28","modified_gmt":"2021-08-30T11:38:28","slug":"co-je-wcbidet-2v1","status":"publish","type":"page","link":"https:\/\/www.wcbidety2v1.cz\/index.php\/co-je-wcbidet-2v1\/","title":{"rendered":"Co je WC+bidet 2v1"},"content":{"rendered":"<p>[et_pb_section fb_built=&#8220;1&#8243; fullwidth=&#8220;on&#8220; _builder_version=&#8220;4.2.2&#8243;][et_pb_fullwidth_image src=&#8220;http:\/\/www.wcbidety2v1.cz\/wp-content\/uploads\/2018\/08\/OSTATNI-banner-1350&#215;400-3.png&#8220; _builder_version=&#8220;4.2.2&#8243;][\/et_pb_fullwidth_image][\/et_pb_section][et_pb_section fb_built=&#8220;1&#8243; _builder_version=&#8220;3.22&#8243;][et_pb_row _builder_version=&#8220;3.25&#8243; background_size=&#8220;initial&#8220; background_position=&#8220;top_left&#8220; background_repeat=&#8220;repeat&#8220;][et_pb_column type=&#8220;4_4&#8243; _builder_version=&#8220;3.25&#8243; custom_padding=&#8220;|||&#8220; custom_padding__hover=&#8220;|||&#8220;][et_pb_text _builder_version=&#8220;4.9.3&#8243; background_color=&#8220;#e8c396&#8243; background_size=&#8220;initial&#8220; background_position=&#8220;top_left&#8220; background_repeat=&#8220;repeat&#8220; custom_padding=&#8220;5px|6px|5px|6px|false|false&#8220; hover_enabled=&#8220;0&#8243; sticky_enabled=&#8220;0&#8243;]<\/p>\n<p><span style=\"color: #000000;\">V souladu se zvy\u0161uj\u00edc\u00edm se z\u00e1jmem o hygienu a zdrav\u00ed st\u00e1le v\u00edce lid\u00ed \u0159e\u0161\u00ed ot\u00e1zku mokr\u00e9 o\u010disty po pou\u017eit\u00ed toalety. Ne v\u0161ichni m\u00e1me to \u0161t\u011bst\u00ed, abychom m\u011bli dostate\u010dn\u011b velkou koupelnu pro um\u00edst\u011bn\u00ed bidetu a kdy\u017e ano, potom ur\u010dit\u011b hled\u00e1me stejn\u00fd komfort v zam\u011bstn\u00e1n\u00ed, hotelech, restaurac\u00edch, prost\u011b na m\u00edstech, kde tr\u00e1v\u00edme v\u00edce \u010dasu.<\/span><\/p>\n<p><span style=\"color: #000000;\">P\u0159itom \u0159e\u0161en\u00ed je p\u0159ekvapiv\u011b jednoduch\u00e9. Nab\u00edz\u00edme v\u00e1m revolu\u010dn\u00ed syst\u00e9m kombinace <strong>WC+bidet 2v1.<\/strong><\/span><\/p>\n<p><span style=\"color: #000000;\">\u00a0<\/span><\/p>\n<p><span style=\"color: #000000;\">Kdy\u017e zv\u00e1\u017e\u00edte \u00fasporu m\u00edsta, finan\u010dn\u00ed \u00fasporu za samostatn\u00fd bidet a p\u0159ipo\u010dtete si k tomu\u00a0<b>10. letou z\u00e1ruku<\/b>\u00a0na keramiku, je cena p\u0159ijateln\u00e1.<\/span><\/p>\n<p><span style=\"color: #000000;\">\u00a0<\/span><\/p>\n<p>[\/et_pb_text][\/et_pb_column][\/et_pb_row][et_pb_row column_structure=&#8220;1_2,1_2&#8243; _builder_version=&#8220;4.2.2&#8243;][et_pb_column type=&#8220;1_2&#8243; _builder_version=&#8220;4.2.2&#8243;][et_pb_text _builder_version=&#8220;4.2.2&#8243; background_color=&#8220;#e8d8c3&#8243; custom_padding=&#8220;5px|6px|5px|6px|false|false&#8220;]<\/p>\n<h4 style=\"text-align: center;\"><b>JAK FUNGUJE WC BIDET 2V1<\/b><\/h4>\n<p style=\"text-align: justify;\">Je to klasick\u00e9 WC se zabudovanou bidetovou tryskou, kter\u00e1 je um\u00edst\u011bn\u00e1 p\u0159\u00edmo v l\u00edmci keramick\u00e9 m\u00edsy. Nejedn\u00e1 se o p\u0159\u00eddavn\u00e9 sed\u00e1tko, ani o elektronickou verzi. Ide o WC, kter\u00e9 m\u00e1 v sob\u011b zabudovanou bidetovou trysku. Ta se ovl\u00e1d\u00e1 \u00a0extern\u011b, pomoc\u00ed sm\u011b\u0161ovac\u00ed baterie, nebo ventilu.<\/p>\n<p style=\"text-align: center;\"><strong>\u017d\u00e1dn\u00e1 elektronika,\u00a0\u017e\u00e1dn\u00e9 v\u00fdsuvn\u00e9 mechanismy = dlouh\u00e1 \u017eivotnost!<\/strong><\/p>\n<p>[\/et_pb_text][et_pb_text _builder_version=&#8220;4.2.2&#8243; background_color=&#8220;#e8d8c3&#8243; custom_margin=&#8220;0px||||false|false&#8220; custom_padding=&#8220;5px|6px|5px|6px|false|false&#8220;]<\/p>\n<h4 style=\"text-align: center;\"><strong><span>PRO\u010c PR\u00c1V\u011a WC BIDET 2V1?<\/span><\/strong><\/h4>\n<p>D\u016fvod\u016f existuje v\u00edce, ale skute\u010dn\u00e9 d\u016fvody mus\u00ed objevit ka\u017ed\u00fd s\u00e1m. My v\u00e1m p\u0159esto nab\u00edz\u00edme 7 argument\u016f, kter\u00e9 pova\u017eujeme za d\u016fle\u017eit\u00e9:<\/p>\n<p><i><b>1. Zv\u00fd\u0161\u00ed se \u00farove\u0148 Va\u0161\u00ed osobn\u00ed hygieny<\/b><\/i><br \/> jde o vynikaj\u00edc\u00edho pomocn\u00edk\u016f p\u0159i udr\u017een\u00ed sv\u011b\u017eesti a \u010distoty v pr\u016fb\u011bhu menstrua\u010dn\u00edch dn\u00ed. Tak\u00e9 ide\u00e1ln\u00ed p\u0159i prevenci proti hemeroid\u016fm. Pou\u017eit\u00ed mokr\u00e9 o\u010disty doporu\u010duje v\u011bt\u0161ina l\u00e9ka\u0159\u016f i l\u00e9\u010ditel\u016f. A ani \u0161pinav\u00e9 ruce si p\u0159ece neut\u00edr\u00e1me jen do pap\u00edru.<\/p>\n<p><i><b>2. Nahrad\u00ed funkci samostatn\u00e9ho bidetu<\/b><\/i><br \/> Nezabere dal\u0161\u00ed m\u00edsto. Je tedy ide\u00e1ln\u00ed do mal\u00fdch koupelen i do obvykl\u00e9ho prostoru WC.<\/p>\n<p><i><b>3. Finan\u010dn\u011b \u00fasporn\u00fd<\/b><\/i><br \/> Nemus\u00edte kupovat zvl\u00e1\u0161\u0165 bidet a zvl\u00e1\u0161\u0165 toaletu, sta\u010d\u00ed jedna keramika a nav\u00edc ceny jsou srovnateln\u00e9 s cenami b\u011b\u017en\u00fdch WC m\u00eds na trhu.<\/p>\n<div><b><i>4. Je tak\u00e9 ide\u00e1ln\u00ed pomocn\u00edk pro osoby se sn\u00ed\u017eenou pohyblivost\u00ed nebo t\u011blesn\u00fdm posti\u017een\u00edm<\/i><\/b><br \/> Toto \u0159e\u0161en\u00ed ocen\u00ed i senio\u0159i. Nen\u00ed pot\u0159eba p\u0159em\u00eds\u0165ovat osobu na jinou keramiku, d\u00edky jednoduch\u00e9mu ovl\u00e1d\u00e1n\u00ed zvl\u00e1dne ka\u017ed\u00fd omyt\u00ed s\u00e1m nebo m\u00e1 asistuj\u00edc\u00ed osoba uleh\u010denou pr\u00e1ci<i><b>, proto\u017ee m\u00e1 voln\u00e9 ob\u011b ruce a m\u016f\u017ee pohodln\u011b vykonat omyt\u00ed. \u017d\u00e1dn\u00e1 slo\u017eit\u00e1 manipulace se sprchovac\u00ed hlavic\u00ed nebo st\u0159\u00edk\u00e1n\u00ed vody okolo.\u00a0<\/b><\/i><\/div>\n<div><\/div>\n<div><\/div>\n<p><i><b>5. Jednoduch\u00e1 mont\u00e1\u017e, ovl\u00e1dan\u00ed i \u00fadr\u017eba<\/b><\/i><br \/> \u017d\u00e1dn\u00e1 elektronika, 100% spolehlivost, mo\u017enost napojen\u00ed na studenou i teplou &#8211; p\u0159edm\u00edchanou vodu. Ovl\u00e1d\u00e1n\u00ed je mo\u017en\u00e9 p\u0159izp\u016fsobit Va\u0161im pot\u0159eb\u00e1m.<\/p>\n<p>[\/et_pb_text][\/et_pb_column][et_pb_column type=&#8220;1_2&#8243; _builder_version=&#8220;4.2.2&#8243;][et_pb_text _builder_version=&#8220;4.2.2&#8243; background_color=&#8220;#e8d8c3&#8243; custom_padding=&#8220;5px|6px|5px|6px|false|false&#8220;]<\/p>\n<h4 style=\"text-align: center;\"><strong><span>KDE SE VYR\u00c1B\u00cd WC BIDET 2V1?<\/span><\/strong><\/h4>\n<p>Tento v\u00fdrobek vyr\u00e1b\u00ed firma CREAVIT. S jeho v\u00fdrobou za\u010dala u\u017e p\u0159ed v\u00edce jak 20. lety, Co n\u00e1m dovoluje tvrdit, \u017ee se jedn\u00e1 o v\u00fdrobek, kter\u00fd je prov\u011b\u0159en\u00fd statis\u00edci z\u00e1kazn\u00edky po cel\u00e9m sv\u011bt\u011b. V\u00fdroba je v Turecku, distribu\u010dn\u00ed sklady jsou v\u0161ak po cel\u00e9m sv\u011bt\u011b. Jestli chcete vid\u011bt, \u00a0jak prob\u00edh\u00e1 v\u00fdroba, pus\u0165te si, pros\u00edm, kr\u00e1tk\u00e9 propaga\u010dn\u00ed video.<\/p>\n<div align=\"center\"><iframe loading=\"lazy\" src=\"http:\/\/www.youtube.com\/embed\/P5R7EKI6Q-U\" width=\"420\" height=\"315\" frameborder=\"0\" allowfullscreen=\"allowfullscreen\"><\/iframe><\/div>\n<p>&nbsp;<\/p>\n<p>&nbsp;<\/p>\n<p>[\/et_pb_text][et_pb_cta title=&#8220;Nav\u0161tivte n\u00e1\u0161 obchod&#8220; button_url=&#8220;https:\/\/www.wcbidety2v1.cz\/index.php\/obchod\/&#8220; url_new_window=&#8220;on&#8220; button_text=&#8220;ZDE&#8220; _builder_version=&#8220;4.2.2&#8243;]<\/p>\n<p>Vyberte si z na\u0161\u00ed nab\u00eddky WC bidetu 2v1.<\/p>\n<p>[\/et_pb_cta][\/et_pb_column][\/et_pb_row][\/et_pb_section]<\/p>\n","protected":false},"excerpt":{"rendered":"<p>V souladu se zvy\u0161uj\u00edc\u00edm se z\u00e1jmem o hygienu a zdrav\u00ed st\u00e1le v\u00edce lid\u00ed \u0159e\u0161\u00ed ot\u00e1zku mokr\u00e9 o\u010disty po pou\u017eit\u00ed toalety. Ne v\u0161ichni m\u00e1me to \u0161t\u011bst\u00ed, abychom m\u011bli dostate\u010dn\u011b velkou koupelnu pro um\u00edst\u011bn\u00ed bidetu a kdy\u017e ano, potom ur\u010dit\u011b hled\u00e1me stejn\u00fd komfort v zam\u011bstn\u00e1n\u00ed, hotelech, restaurac\u00edch, prost\u011b na m\u00edstech, kde tr\u00e1v\u00edme v\u00edce \u010dasu. P\u0159itom \u0159e\u0161en\u00ed je [&hellip;]<\/p>\n","protected":false},"author":1,"featured_media":0,"parent":0,"menu_order":0,"comment_status":"closed","ping_status":"closed","template":"","meta":{"_et_pb_use_builder":"on","_et_pb_old_content":"V souladu se zvy\u0161uj\u00edc\u00edm se z\u00e1jmem o hygienu a zdrav\u00ed st\u00e1le v\u00edce lid\u00ed \u0159e\u0161\u00ed ot\u00e1zku mokr\u00e9 o\u010disty po pou\u017eit\u00ed toalety. Ne v\u0161ichni m\u00e1me to \u0161t\u011bst\u00ed, abychom m\u011bli dostate\u010dn\u011b velkou koupelnu pro um\u00edst\u011bn\u00ed bidetu a kdy\u017e ano, potom ur\u010dit\u011b hled\u00e1me stejn\u00fd komfort v zam\u011bstn\u00e1n\u00ed, hotelech, restaurac\u00edch, prost\u011b na m\u00edstech, kde tr\u00e1v\u00edme v\u00edce \u010dasu.\n\nP\u0159itom \u0159e\u0161en\u00ed je p\u0159ekvapiv\u011b jednoduch\u00e9. Nab\u00edz\u00edme v\u00e1m revolu\u010dn\u00ed syst\u00e9m kombinace WC+bidet 2v1.\n<h4><b>JAK FUNGUJE WC BIDET 2V1<\/b><\/h4>\n<table border=\"0\">\n<tbody>\n<tr>\n<td>Je to klasick\u00e9 WC se zabudovanou bidetovou tryskou, kter\u00e1 je um\u00edst\u011bn\u00e1 p\u0159\u00edmo v l\u00edmci keramick\u00e9 m\u00edsy. Nejedn\u00e1 se o p\u0159\u00eddavn\u00e9 sed\u00e1tko, ani o elektronickou verzi. Ide o WC, kter\u00e9 m\u00e1 v sob\u011b zabudovanou bidetovou trysku. Ta se ovl\u00e1d\u00e1 &nbsp;extern\u011b, pomoc\u00ed sm\u011b\u0161ovac\u00ed baterie, nebo ventilu. \u017d\u00e1dn\u00e1 elektronika,&nbsp;<strong>\u017e\u00e1dn\u00e9 v\u00fdsuvn\u00e9 mechanismy = dlouh\u00e1 \u017eivotnost!<\/strong><\/td>\n<td><img src=\"http:\/\/www.wcbidet.cz\/img\/article\/5488672a12f5a.jpg\"><\/td>\n<\/tr>\n<\/tbody>\n<\/table>\n&nbsp;\n<h4><strong><span style=\"font-size: large;\">KDE SE VYR\u00c1B\u00cd WC BIDET 2V1?<\/span><\/strong><\/h4>\nTento v\u00fdrobek vyr\u00e1b\u00ed firma CREAVIT. S jeho v\u00fdrobou za\u010dala u\u017e p\u0159ed v\u00edce jak 20. lety, Co n\u00e1m dovoluje tvrdit, \u017ee se jedn\u00e1 o v\u00fdrobek, kter\u00fd je prov\u011b\u0159en\u00fd statis\u00edci z\u00e1kazn\u00edky po cel\u00e9m sv\u011bt\u011b. V\u00fdroba je v Turecku, distribu\u010dn\u00ed sklady jsou v\u0161ak po cel\u00e9m sv\u011bt\u011b. Jestli chcete vid\u011bt, &nbsp;jak prob\u00edh\u00e1v\u00fdroba, pus\u0165te si pros\u00edm kr\u00e1tk\u00e9 propaga\u010dn\u00ed video.\n<div align=\"center\"><iframe src=\"http:\/\/www.youtube.com\/embed\/P5R7EKI6Q-U\" width=\"420\" height=\"315\" frameborder=\"0\" allowfullscreen=\"allowfullscreen\" data-mce-fragment=\"1\"><\/iframe><\/div>\n&nbsp;\n\nKdy\u017e zv\u00e1\u017e\u00edte \u00fasporu m\u00edsta, finan\u010dn\u00ed \u00fasporu za samostatn\u00fd bidet a p\u0159ipo\u010dtete si k tomu&nbsp;<b>12. letou z\u00e1ruku<\/b>&nbsp;na keramiku, je cena p\u0159ijateln\u00e1.\n<h4><strong><span style=\"font-size: large;\">PRO\u010c PR\u00c1V\u011a WC BIDET 2V1?<\/span><\/strong><\/h4>\nD\u016fvod\u016f existuje v\u00edce, ale skute\u010dn\u00e9 d\u016fvody mus\u00ed objevit ka\u017ed\u00fd s\u00e1m. My v\u00e1m p\u0159esto nab\u00edz\u00edme 7 argument\u016f, kter\u00e9 pova\u017eujeme za d\u016fle\u017eit\u00e9:\n\n<i><b>1. Zv\u00fd\u0161\u00ed se \u00farove\u0148 Va\u0161\u00ed osobn\u00ed hygieny<\/b><\/i>\njde o vynikaj\u00edc\u00edho pomocn\u00edk\u016f p\u0159i udr\u017een\u00ed sv\u011b\u017eesti a \u010distoty v pr\u016fb\u011bhu menstrua\u010dn\u00edch dn\u00ed. Tak\u00e9 ide\u00e1ln\u00ed p\u0159i prevenci proti hemeroid\u016fm. Pou\u017eit\u00ed mokr\u00e9 o\u010disty doporu\u010duje v\u011bt\u0161ina l\u00e9ka\u0159\u016f i l\u00e9\u010ditel\u016f. A ani \u0161pinav\u00e9 ruce si p\u0159ece neut\u00edr\u00e1me jen do pap\u00edru.\n\n<i><b>2. Nahrad\u00ed funkci samostatn\u00e9ho bidetu<\/b><\/i>\nNezabere dal\u0161\u00ed m\u00edsto. Je tedy ide\u00e1ln\u00ed do mal\u00fdch koupelen i do obvykl\u00e9ho prostoru WC\n\n<i><b>3. Finan\u010dn\u011b \u00fasporn\u00fd<\/b><\/i>\nNemus\u00edte kupovat zvl\u00e1\u0161\u0165 bidet a zvl\u00e1\u0161\u0165 toaletu, sta\u010d\u00ed jedna keramika a nav\u00edc ceny jsou srovnateln\u00e9 s cenami b\u011b\u017en\u00fdch WC m\u00eds na trhu.\n<div><b><i>4. Je tak\u00e9 ide\u00e1ln\u00ed pomocn\u00edk pro osoby se sn\u00ed\u017eenou pohyblivost\u00ed nebo t\u011blesn\u00fdm posti\u017een\u00edm<\/i><\/b>\nToto \u0159e\u0161en\u00ed ocen\u00ed i senio\u0159i. Nen\u00ed pot\u0159eba p\u0159em\u00eds\u0165ovat osobu na jinou keramiku, d\u00edky jednoduch\u00e9mu ovl\u00e1d\u00e1n\u00ed zvl\u00e1dne ka\u017ed\u00fd omyt\u00ed s\u00e1m nebo m\u00e1 asistuj\u00edc\u00ed osoba uleh\u010denou pr\u00e1ci<i><b>, proto\u017ee m\u00e1 voln\u00e9 ob\u011b ruce a m\u016f\u017ee pohodln\u011b vykonat omyt\u00ed. \u017d\u00e1dn\u00e1 slo\u017eit\u00e1 manipulace se sprchovac\u00ed hlavic\u00ed nebo st\u0159\u00edk\u00e1n\u00ed vody okolo.&nbsp;<\/b><\/i><\/div>\n<div><\/div>\n<div><\/div>\n<i><b>5. Jednoduch\u00e1 mont\u00e1\u017e, ovl\u00e1dan\u00ed i \u00fadr\u017eba<\/b><\/i>\n\u017d\u00e1dn\u00e1 elektronika, 100% spolehlivost, mo\u017enost napojen\u00ed na studenou i teplou - p\u0159edm\u00edchanou vodu. Ovl\u00e1d\u00e1n\u00ed je mo\u017en\u00e9 p\u0159izp\u016fsobit Va\u0161im pot\u0159eb\u00e1m.","_et_gb_content_width":"","jetpack_post_was_ever_published":false,"footnotes":""},"class_list":["post-118","page","type-page","status-publish","hentry"],"yoast_head":"<!-- This site is optimized with the Yoast SEO plugin v27.4 - https:\/\/yoast.com\/product\/yoast-seo-wordpress\/ -->\n<title>Co je WC+bidet 2v1 - WC bidety 2v1<\/title>\n<meta name=\"description\" content=\"WC bidet je kombinac\u00ed WC a bidetu v jednom. Bidetov\u00e1 tryska je zabudov\u00e1na p\u0159\u00edmo v toalet\u011b. \u00dasporn\u00e9 \u0159e\u0161en\u00ed int\u00edmn\u00ed hygieny vhodn\u00e9 pro mu\u017ee, \u017eeny i d\u011bti.\" \/>\n<meta name=\"robots\" content=\"index, follow, max-snippet:-1, max-image-preview:large, max-video-preview:-1\" \/>\n<link rel=\"canonical\" href=\"https:\/\/www.wcbidety2v1.cz\/index.php\/co-je-wcbidet-2v1\/\" \/>\n<meta property=\"og:locale\" content=\"cs_CZ\" \/>\n<meta property=\"og:type\" content=\"article\" \/>\n<meta property=\"og:title\" content=\"Co je WC+bidet 2v1 - WC bidety 2v1\" \/>\n<meta property=\"og:description\" content=\"WC bidet je kombinac\u00ed WC a bidetu v jednom. Bidetov\u00e1 tryska je zabudov\u00e1na p\u0159\u00edmo v toalet\u011b. \u00dasporn\u00e9 \u0159e\u0161en\u00ed int\u00edmn\u00ed hygieny vhodn\u00e9 pro mu\u017ee, \u017eeny i d\u011bti.\" \/>\n<meta property=\"og:url\" content=\"https:\/\/www.wcbidety2v1.cz\/index.php\/co-je-wcbidet-2v1\/\" \/>\n<meta property=\"og:site_name\" content=\"WC bidety 2v1\" \/>\n<meta property=\"article:publisher\" content=\"https:\/\/www.facebook.com\/WC-bidety-2v1-105518807832290\/?modal=admin_todo_tour\" \/>\n<meta property=\"article:modified_time\" content=\"2021-08-30T11:38:28+00:00\" \/>\n<meta name=\"twitter:card\" content=\"summary_large_image\" \/>\n<meta name=\"twitter:label1\" content=\"Odhadovan\u00e1 doba \u010dten\u00ed\" \/>\n\t<meta name=\"twitter:data1\" content=\"4 minuty\" \/>\n<script type=\"application\/ld+json\" class=\"yoast-schema-graph\">{\"@context\":\"https:\\\/\\\/schema.org\",\"@graph\":[{\"@type\":\"WebPage\",\"@id\":\"https:\\\/\\\/www.wcbidety2v1.cz\\\/index.php\\\/co-je-wcbidet-2v1\\\/\",\"url\":\"https:\\\/\\\/www.wcbidety2v1.cz\\\/index.php\\\/co-je-wcbidet-2v1\\\/\",\"name\":\"Co je WC+bidet 2v1 - WC bidety 2v1\",\"isPartOf\":{\"@id\":\"https:\\\/\\\/www.wcbidety2v1.cz\\\/#website\"},\"datePublished\":\"2018-06-27T12:26:53+00:00\",\"dateModified\":\"2021-08-30T11:38:28+00:00\",\"description\":\"WC bidet je kombinac\u00ed WC a bidetu v jednom. Bidetov\u00e1 tryska je zabudov\u00e1na p\u0159\u00edmo v toalet\u011b. \u00dasporn\u00e9 \u0159e\u0161en\u00ed int\u00edmn\u00ed hygieny vhodn\u00e9 pro mu\u017ee, \u017eeny i d\u011bti.\",\"breadcrumb\":{\"@id\":\"https:\\\/\\\/www.wcbidety2v1.cz\\\/index.php\\\/co-je-wcbidet-2v1\\\/#breadcrumb\"},\"inLanguage\":\"cs\",\"potentialAction\":[{\"@type\":\"ReadAction\",\"target\":[\"https:\\\/\\\/www.wcbidety2v1.cz\\\/index.php\\\/co-je-wcbidet-2v1\\\/\"]}]},{\"@type\":\"BreadcrumbList\",\"@id\":\"https:\\\/\\\/www.wcbidety2v1.cz\\\/index.php\\\/co-je-wcbidet-2v1\\\/#breadcrumb\",\"itemListElement\":[{\"@type\":\"ListItem\",\"position\":1,\"name\":\"Dom\u016f\",\"item\":\"https:\\\/\\\/www.wcbidety2v1.cz\\\/\"},{\"@type\":\"ListItem\",\"position\":2,\"name\":\"Co je WC+bidet 2v1\"}]},{\"@type\":\"WebSite\",\"@id\":\"https:\\\/\\\/www.wcbidety2v1.cz\\\/#website\",\"url\":\"https:\\\/\\\/www.wcbidety2v1.cz\\\/\",\"name\":\"WC bidety 2v1 - WC bidet v jednom - bidetov\u00e1 tryska p\u0159\u00edmo v toalet\u011b\",\"description\":\"WC bidet v jednom, revolu\u010dn\u00ed propojen\u00ed wc a bidetu, bidetov\u00e1 tryska p\u0159\u00edmo v keramick\u00e9m l\u00edmci toalety.\",\"publisher\":{\"@id\":\"https:\\\/\\\/www.wcbidety2v1.cz\\\/#organization\"},\"potentialAction\":[{\"@type\":\"SearchAction\",\"target\":{\"@type\":\"EntryPoint\",\"urlTemplate\":\"https:\\\/\\\/www.wcbidety2v1.cz\\\/?s={search_term_string}\"},\"query-input\":{\"@type\":\"PropertyValueSpecification\",\"valueRequired\":true,\"valueName\":\"search_term_string\"}}],\"inLanguage\":\"cs\"},{\"@type\":\"Organization\",\"@id\":\"https:\\\/\\\/www.wcbidety2v1.cz\\\/#organization\",\"name\":\"ARCHADIE s.r.o.\",\"url\":\"https:\\\/\\\/www.wcbidety2v1.cz\\\/\",\"logo\":{\"@type\":\"ImageObject\",\"inLanguage\":\"cs\",\"@id\":\"https:\\\/\\\/www.wcbidety2v1.cz\\\/#\\\/schema\\\/logo\\\/image\\\/\",\"url\":\"https:\\\/\\\/www.wcbidety2v1.cz\\\/wp-content\\\/uploads\\\/2018\\\/06\\\/logo.png\",\"contentUrl\":\"https:\\\/\\\/www.wcbidety2v1.cz\\\/wp-content\\\/uploads\\\/2018\\\/06\\\/logo.png\",\"width\":140,\"height\":140,\"caption\":\"ARCHADIE s.r.o.\"},\"image\":{\"@id\":\"https:\\\/\\\/www.wcbidety2v1.cz\\\/#\\\/schema\\\/logo\\\/image\\\/\"},\"sameAs\":[\"https:\\\/\\\/www.facebook.com\\\/WC-bidety-2v1-105518807832290\\\/?modal=admin_todo_tour\",\"https:\\\/\\\/www.instagram.com\\\/wc_bidet_2v1\\\/\"]}]}<\/script>\n<!-- \/ Yoast SEO plugin. -->","yoast_head_json":{"title":"Co je WC+bidet 2v1 - WC bidety 2v1","description":"WC bidet je kombinac\u00ed WC a bidetu v jednom. Bidetov\u00e1 tryska je zabudov\u00e1na p\u0159\u00edmo v toalet\u011b. \u00dasporn\u00e9 \u0159e\u0161en\u00ed int\u00edmn\u00ed hygieny vhodn\u00e9 pro mu\u017ee, \u017eeny i d\u011bti.","robots":{"index":"index","follow":"follow","max-snippet":"max-snippet:-1","max-image-preview":"max-image-preview:large","max-video-preview":"max-video-preview:-1"},"canonical":"https:\/\/www.wcbidety2v1.cz\/index.php\/co-je-wcbidet-2v1\/","og_locale":"cs_CZ","og_type":"article","og_title":"Co je WC+bidet 2v1 - WC bidety 2v1","og_description":"WC bidet je kombinac\u00ed WC a bidetu v jednom. Bidetov\u00e1 tryska je zabudov\u00e1na p\u0159\u00edmo v toalet\u011b. \u00dasporn\u00e9 \u0159e\u0161en\u00ed int\u00edmn\u00ed hygieny vhodn\u00e9 pro mu\u017ee, \u017eeny i d\u011bti.","og_url":"https:\/\/www.wcbidety2v1.cz\/index.php\/co-je-wcbidet-2v1\/","og_site_name":"WC bidety 2v1","article_publisher":"https:\/\/www.facebook.com\/WC-bidety-2v1-105518807832290\/?modal=admin_todo_tour","article_modified_time":"2021-08-30T11:38:28+00:00","twitter_card":"summary_large_image","twitter_misc":{"Odhadovan\u00e1 doba \u010dten\u00ed":"4 minuty"},"schema":{"@context":"https:\/\/schema.org","@graph":[{"@type":"WebPage","@id":"https:\/\/www.wcbidety2v1.cz\/index.php\/co-je-wcbidet-2v1\/","url":"https:\/\/www.wcbidety2v1.cz\/index.php\/co-je-wcbidet-2v1\/","name":"Co je WC+bidet 2v1 - WC bidety 2v1","isPartOf":{"@id":"https:\/\/www.wcbidety2v1.cz\/#website"},"datePublished":"2018-06-27T12:26:53+00:00","dateModified":"2021-08-30T11:38:28+00:00","description":"WC bidet je kombinac\u00ed WC a bidetu v jednom. Bidetov\u00e1 tryska je zabudov\u00e1na p\u0159\u00edmo v toalet\u011b. \u00dasporn\u00e9 \u0159e\u0161en\u00ed int\u00edmn\u00ed hygieny vhodn\u00e9 pro mu\u017ee, \u017eeny i d\u011bti.","breadcrumb":{"@id":"https:\/\/www.wcbidety2v1.cz\/index.php\/co-je-wcbidet-2v1\/#breadcrumb"},"inLanguage":"cs","potentialAction":[{"@type":"ReadAction","target":["https:\/\/www.wcbidety2v1.cz\/index.php\/co-je-wcbidet-2v1\/"]}]},{"@type":"BreadcrumbList","@id":"https:\/\/www.wcbidety2v1.cz\/index.php\/co-je-wcbidet-2v1\/#breadcrumb","itemListElement":[{"@type":"ListItem","position":1,"name":"Dom\u016f","item":"https:\/\/www.wcbidety2v1.cz\/"},{"@type":"ListItem","position":2,"name":"Co je WC+bidet 2v1"}]},{"@type":"WebSite","@id":"https:\/\/www.wcbidety2v1.cz\/#website","url":"https:\/\/www.wcbidety2v1.cz\/","name":"WC bidety 2v1 - WC bidet v jednom - bidetov\u00e1 tryska p\u0159\u00edmo v toalet\u011b","description":"WC bidet v jednom, revolu\u010dn\u00ed propojen\u00ed wc a bidetu, bidetov\u00e1 tryska p\u0159\u00edmo v keramick\u00e9m l\u00edmci toalety.","publisher":{"@id":"https:\/\/www.wcbidety2v1.cz\/#organization"},"potentialAction":[{"@type":"SearchAction","target":{"@type":"EntryPoint","urlTemplate":"https:\/\/www.wcbidety2v1.cz\/?s={search_term_string}"},"query-input":{"@type":"PropertyValueSpecification","valueRequired":true,"valueName":"search_term_string"}}],"inLanguage":"cs"},{"@type":"Organization","@id":"https:\/\/www.wcbidety2v1.cz\/#organization","name":"ARCHADIE s.r.o.","url":"https:\/\/www.wcbidety2v1.cz\/","logo":{"@type":"ImageObject","inLanguage":"cs","@id":"https:\/\/www.wcbidety2v1.cz\/#\/schema\/logo\/image\/","url":"https:\/\/www.wcbidety2v1.cz\/wp-content\/uploads\/2018\/06\/logo.png","contentUrl":"https:\/\/www.wcbidety2v1.cz\/wp-content\/uploads\/2018\/06\/logo.png","width":140,"height":140,"caption":"ARCHADIE s.r.o."},"image":{"@id":"https:\/\/www.wcbidety2v1.cz\/#\/schema\/logo\/image\/"},"sameAs":["https:\/\/www.facebook.com\/WC-bidety-2v1-105518807832290\/?modal=admin_todo_tour","https:\/\/www.instagram.com\/wc_bidet_2v1\/"]}]}},"jetpack_sharing_enabled":true,"jetpack_shortlink":"https:\/\/wp.me\/P9Ptim-1U","_links":{"self":[{"href":"https:\/\/www.wcbidety2v1.cz\/index.php\/wp-json\/wp\/v2\/pages\/118","targetHints":{"allow":["GET"]}}],"collection":[{"href":"https:\/\/www.wcbidety2v1.cz\/index.php\/wp-json\/wp\/v2\/pages"}],"about":[{"href":"https:\/\/www.wcbidety2v1.cz\/index.php\/wp-json\/wp\/v2\/types\/page"}],"author":[{"embeddable":true,"href":"https:\/\/www.wcbidety2v1.cz\/index.php\/wp-json\/wp\/v2\/users\/1"}],"replies":[{"embeddable":true,"href":"https:\/\/www.wcbidety2v1.cz\/index.php\/wp-json\/wp\/v2\/comments?post=118"}],"version-history":[{"count":11,"href":"https:\/\/www.wcbidety2v1.cz\/index.php\/wp-json\/wp\/v2\/pages\/118\/revisions"}],"predecessor-version":[{"id":3524,"href":"https:\/\/www.wcbidety2v1.cz\/index.php\/wp-json\/wp\/v2\/pages\/118\/revisions\/3524"}],"wp:attachment":[{"href":"https:\/\/www.wcbidety2v1.cz\/index.php\/wp-json\/wp\/v2\/media?parent=118"}],"curies":[{"name":"wp","href":"https:\/\/api.w.org\/{rel}","templated":true}]}}